{"id":6199,"date":"2024-01-16T12:28:45","date_gmt":"2024-01-16T12:28:45","guid":{"rendered":"https:\/\/www.admetec.com\/es\/?page_id=6199"},"modified":"2025-05-27T11:59:22","modified_gmt":"2025-05-27T11:59:22","slug":"privacy-policy","status":"publish","type":"page","link":"https:\/\/www.admetec.com\/es\/privacy-policy\/","title":{"rendered":"Pol\u00edtica de Privacidad"},"content":{"rendered":"\t\t<div data-elementor-type=\"wp-page\" data-elementor-id=\"6199\" class=\"elementor elementor-6199\" data-elementor-settings=\"{&quot;ha_cmc_init_switcher&quot;:&quot;no&quot;}\" data-elementor-post-type=\"page\">\n\t\t\t\t<div class=\"elementor-element elementor-element-47e5f13 e-flex e-con-boxed e-con e-parent\" data-id=\"47e5f13\" data-element_type=\"container\" data-settings=\"{&quot;_ha_eqh_enable&quot;:false}\">\n\t\t\t\t\t<div class=\"e-con-inner\">\n\t\t\t\t<div class=\"elementor-element elementor-element-296171b elementor-widget elementor-widget-heading\" data-id=\"296171b\" data-element_type=\"widget\" data-widget_type=\"heading.default\">\n\t\t\t\t<div class=\"elementor-widget-container\">\n\t\t\t\t\t<h2 class=\"elementor-heading-title elementor-size-default\">Pol\u00edtica de Privacidad<\/h2>\t\t\t\t<\/div>\n\t\t\t\t<\/div>\n\t\t\t\t\t<\/div>\n\t\t\t\t<\/div>\n\t\t<div class=\"elementor-element elementor-element-d333dba e-flex e-con-boxed e-con e-parent\" data-id=\"d333dba\" data-element_type=\"container\" data-settings=\"{&quot;_ha_eqh_enable&quot;:false}\">\n\t\t\t\t\t<div class=\"e-con-inner\">\n\t\t\t\t<div class=\"elementor-element elementor-element-b7b551b elementor-widget elementor-widget-text-editor\" data-id=\"b7b551b\" data-element_type=\"widget\" data-widget_type=\"text-editor.default\">\n\t\t\t\t<div class=\"elementor-widget-container\">\n\t\t\t\t\t\t\t\t\t<p>En Admetec, accesible desde www.admetec.com, una de nuestras principales prioridades es la privacidad de nuestros visitantes. Este documento de Pol\u00edtica de Privacidad contiene los tipos de informaci\u00f3n que recoge y registra Admetec y c\u00f3mo la utilizamos.<\/p><p>Si tienes m\u00e1s preguntas o necesitas m\u00e1s informaci\u00f3n sobre nuestra Pol\u00edtica de Privacidad, no dudes en ponerte en contacto con nosotros.<\/p><p>Esta Pol\u00edtica de Privacidad s\u00f3lo se aplica a nuestras actividades online y es v\u00e1lida para los visitantes de nuestro sitio web en lo que respecta a la informaci\u00f3n que compartieron y\/o recogieron en Admetec. Esta pol\u00edtica no es aplicable a ninguna informaci\u00f3n recogida fuera de l\u00ednea o a trav\u00e9s de canales distintos de este sitio web.<\/p><h4>Consentimiento<\/h4><p>Al utilizar nuestro sitio web, aceptas nuestra Pol\u00edtica de privacidad y est\u00e1s de acuerdo con sus t\u00e9rminos.<\/p><h4>Informaci\u00f3n que recogemos<\/h4><p>La informaci\u00f3n personal que se te pide que proporciones, y las razones por las que se te pide que la proporciones, se te aclarar\u00e1n en el momento en que te pidamos que proporciones tu informaci\u00f3n personal.<\/p><p>Si te pones en contacto con nosotros directamente, podemos recibir informaci\u00f3n adicional sobre ti, como tu nombre, direcci\u00f3n de correo electr\u00f3nico, n\u00famero de tel\u00e9fono, el contenido del mensaje y\/o los archivos adjuntos que nos env\u00edes, y cualquier otra informaci\u00f3n que decidas proporcionarnos.<\/p><p>Al crearte una cuenta, es posible que te pidamos tus datos de contacto, incluyendo elementos como nombre, nombre de la empresa, direcci\u00f3n, direcci\u00f3n de correo electr\u00f3nico y n\u00famero de tel\u00e9fono, DNI, edad, graduaci\u00f3n ocular, etc.<\/p><h4>C\u00f3mo utilizamos tu informaci\u00f3n<\/h4><p>Utilizamos la informaci\u00f3n que recopilamos de varias formas, entre ellas para:<\/p><ul><li>Proporcionar, operar y mantener nuestros productos, servicio y sitio web<\/li><li>Mejorar, personalizar y ampliar nuestros productos, servicios y sitio web<\/li><li>Comprender y analizar c\u00f3mo utilizas nuestros productos, servicios y sitio web<\/li><li>Desarrollar nuevos productos, servicios, caracter\u00edsticas y funcionalidades<\/li><li>Comunicarnos contigo, ya sea directamente o a trav\u00e9s de uno de nuestros socios, incluso para el servicio de atenci\u00f3n al cliente, para proporcionarte actualizaciones y otra informaci\u00f3n relacionada con el sitio web, los productos y el servicio en general, y con fines de marketing y promoci\u00f3n.<\/li><li>Enviarte correos electr\u00f3nicos<\/li><li>Detectar y prevenir el fraude<\/li><\/ul><h4>Archivos de registro<\/h4><p>Admetec sigue un procedimiento est\u00e1ndar de uso de archivos de registro. Estos archivos registran a los visitantes cuando visitan los sitios web. Todas las empresas de alojamiento hacen esto y forma parte de los an\u00e1lisis de los servicios de alojamiento. La informaci\u00f3n recogida por los archivos de registro incluye direcciones de protocolo de Internet (IP), tipo de navegador, proveedor de servicios de Internet (ISP), sello de fecha y hora, p\u00e1ginas de referencia\/salida y, posiblemente, el n\u00famero de clics. \u00c9stos no est\u00e1n vinculados a ninguna informaci\u00f3n que sea personalmente identificable. La finalidad de la informaci\u00f3n es analizar tendencias, administrar el sitio, seguir los movimientos de los usuarios en el sitio web y recopilar informaci\u00f3n demogr\u00e1fica.<\/p><h4>Cookies y balizas web<\/h4><p>Como cualquier otro sitio web, Admetec utiliza \u00abcookies\u00bb. Estas cookies se utilizan para almacenar informaci\u00f3n, incluidas las preferencias de los visitantes y las p\u00e1ginas del sitio web a las que el visitante accedi\u00f3 o visit\u00f3. La informaci\u00f3n se utiliza para optimizar la experiencia de los usuarios personalizando el contenido de nuestra p\u00e1gina web en funci\u00f3n del tipo de navegador de los visitantes y\/u otra informaci\u00f3n.<\/p><h4>Cookie DART de DoubleClick de Google<\/h4><p>Google es uno de los proveedores externos de nuestro sitio. Tambi\u00e9n utiliza cookies, conocidas como cookies DART, para publicar anuncios a los visitantes de nuestro sitio en funci\u00f3n de su visita a www.website.com y a otros sitios de Internet. Sin embargo, los visitantes pueden optar por rechazar el uso de cookies DART visitando la Pol\u00edtica de Privacidad de la red de anuncios y contenidos de Google en la siguiente URL &#8211; <a href=\"https:\/\/policies.google.com\/technologies\/ads\">https:\/\/policies.google.com\/technologies\/ads<\/a><\/p><h4>Nuestros socios publicitarios<\/h4><p>Algunos de los anunciantes de nuestro sitio pueden utilizar cookies y balizas web. Nuestros socios publicitarios se enumeran a continuaci\u00f3n. Cada uno de nuestros socios publicitarios tiene su propia Pol\u00edtica de Privacidad para sus pol\u00edticas sobre los datos de los usuarios. Para facilitar el acceso, a continuaci\u00f3n incluimos un hiperv\u00ednculo a sus Pol\u00edticas de Privacidad.<\/p><ul><li><a href=\"https:\/\/policies.google.com\/technologies\/ads\">Google https:\/\/policies.google.com\/technologies\/ads<\/a><\/li><li>Meta <br \/><a href=\"https:\/\/www.facebook.com\/business\/help\/488043719226449?id=434838534925385\">https:\/\/www.facebook.com\/business\/help\/488043719226449<\/a><\/li><li><a href=\"https:\/\/www.linkedin.com\/legal\/ads-policy\">LinkedIn https:\/\/www.linkedin.com\/legal\/ads-policy<\/a><\/li><\/ul><h4>Socios publicitarios Pol\u00edticas de privacidad<\/h4><p>Puedes consultar esta lista para encontrar la Pol\u00edtica de Privacidad de cada uno de los socios publicitarios de Admetec.<\/p><p>Los servidores o redes publicitarias de terceros utilizan tecnolog\u00edas como cookies, JavaScript o Web Beacons que se emplean en sus respectivos anuncios y enlaces que aparecen en Admetec, y que se env\u00edan directamente a los navegadores de los usuarios. Reciben autom\u00e1ticamente tu direcci\u00f3n IP cuando esto ocurre. Estas tecnolog\u00edas se utilizan para medir la eficacia de sus campa\u00f1as publicitarias y\/o para personalizar el contenido publicitario que ves en los sitios web que visitas.<\/p><p>Ten en cuenta que Admetec no tiene acceso ni control sobre estas cookies utilizadas por terceros anunciantes.<\/p><h4>Pol\u00edticas de privacidad de terceros<\/h4><p>La Pol\u00edtica de Privacidad de Admetec no se aplica a otros anunciantes o sitios web. Por ello, te aconsejamos que consultes las respectivas Pol\u00edticas de Privacidad de estos servidores de anuncios de terceros para obtener informaci\u00f3n m\u00e1s detallada. Puede incluir sus pr\u00e1cticas e instrucciones sobre c\u00f3mo optar por no participar en determinadas opciones.<\/p><p>Puedes optar por desactivar las cookies a trav\u00e9s de las opciones individuales de tu navegador. Para conocer informaci\u00f3n m\u00e1s detallada sobre la gesti\u00f3n de cookies con navegadores web espec\u00edficos, puedes encontrarla en los sitios web respectivos de los navegadores.<\/p><h4>Derechos de privacidad de la CCPA (No vender mis datos personales)<\/h4><p>En virtud de la CCPA, entre otros derechos, los consumidores de California tienen derecho a:<\/p><p>Solicitar que una empresa que recopila datos personales de un consumidor revele las categor\u00edas y los datos personales concretos que ha recopilado sobre los consumidores.<\/p><p>Solicitar que una empresa elimine cualquier dato personal sobre el consumidor que haya recopilado.<\/p><p>Solicitar que una empresa que vende los datos personales de un consumidor, no venda los datos personales del consumidor.<\/p><p>Si presentas una solicitud, tenemos un mes para responderte. Si quieres ejercer alguno de estos derechos, ponte en contacto con nosotros.<\/p><h4>Derechos de protecci\u00f3n de datos GDPR<\/h4><p>Queremos asegurarnos de que eres plenamente consciente de todos tus derechos en materia de protecci\u00f3n de datos. Todo usuario tiene derecho a lo siguiente:<\/p><p>Derecho de acceso &#8211; Tienes derecho a solicitar copias de tus datos personales. Podemos cobrarte una peque\u00f1a tarifa por este servicio.<\/p><p>Derecho de rectificaci\u00f3n &#8211; Tienes derecho a solicitar que corrijamos cualquier informaci\u00f3n que consideres inexacta. Tambi\u00e9n tienes derecho a solicitar que completemos la informaci\u00f3n que consideres incompleta.<\/p><p>Derecho de supresi\u00f3n &#8211; Tienes derecho a solicitar que borremos tus datos personales, en determinadas condiciones.<\/p><p>Derecho a restringir el tratamiento &#8211; Tienes derecho a solicitar que restrinjamos el tratamiento de tus datos personales, en determinadas condiciones.<\/p><p>Derecho a oponerte al tratamiento &#8211; Tienes derecho a oponerte a que tratemos tus datos personales, en determinadas condiciones.<\/p><p>Derecho a la portabilidad de los datos &#8211; Tienes derecho a solicitar que transfiramos los datos que hemos recopilado a otra organizaci\u00f3n, o directamente a ti, en determinadas condiciones.<\/p><p>Si presentas una solicitud, tenemos un mes para responderte. Si quieres ejercer alguno de estos derechos, ponte en contacto con nosotros.<\/p><h4>Informaci\u00f3n para ni\u00f1os<\/h4><p>Otra parte de nuestra prioridad es a\u00f1adir protecci\u00f3n para los menores mientras utilizan Internet. Animamos a los padres y tutores a que observen, participen y\/o controlen y gu\u00eden su actividad en Internet.<\/p><p>Admetec no recopila a sabiendas ning\u00fan tipo de Informaci\u00f3n Personal Identificable de ni\u00f1os menores de 13 a\u00f1os. Si crees que tu hijo ha proporcionado este tipo de informaci\u00f3n en nuestro sitio web, te recomendamos encarecidamente que te pongas en contacto con nosotros inmediatamente y haremos todo lo posible para eliminar r\u00e1pidamente dicha informaci\u00f3n de nuestros registros.<\/p><h4>Cambios en esta Pol\u00edtica de Privacidad<\/h4><p>Podemos actualizar nuestra Pol\u00edtica de Privacidad de vez en cuando. Por ello, te aconsejamos que revises esta p\u00e1gina peri\u00f3dicamente para comprobar si se han producido cambios. Te notificaremos cualquier cambio publicando la nueva Pol\u00edtica de Privacidad en esta p\u00e1gina. Estos cambios entrar\u00e1n en vigor inmediatamente despu\u00e9s de su publicaci\u00f3n en esta p\u00e1gina.<\/p><h4>Contacta con nosotros<\/h4><p>Si tienes alguna pregunta o sugerencia sobre nuestra Pol\u00edtica de privacidad, no dudes en ponerte en contacto con nosotros.<\/p>\t\t\t\t\t\t\t\t<\/div>\n\t\t\t\t<\/div>\n\t\t\t\t<div class=\"elementor-element elementor-element-3a5d169 elementor-widget elementor-widget-spacer\" data-id=\"3a5d169\" data-element_type=\"widget\" data-widget_type=\"spacer.default\">\n\t\t\t\t<div class=\"elementor-widget-container\">\n\t\t\t\t\t\t\t<div class=\"elementor-spacer\">\n\t\t\t<div class=\"elementor-spacer-inner\"><\/div>\n\t\t<\/div>\n\t\t\t\t\t\t<\/div>\n\t\t\t\t<\/div>\n\t\t\t\t\t<\/div>\n\t\t\t\t<\/div>\n\t\t\t\t<\/div>\n\t\t","protected":false},"excerpt":{"rendered":"<p>Pol\u00edtica de Privacidad En Admetec, accesible desde www.admetec.com, una de nuestras principales prioridades es la privacidad de nuestros visitantes. Este documento de Pol\u00edtica de Privacidad contiene los tipos de informaci\u00f3n que recoge y registra Admetec y c\u00f3mo la utilizamos. Si tienes m\u00e1s preguntas o necesitas m\u00e1s informaci\u00f3n sobre nuestra Pol\u00edtica de Privacidad, no dudes en [&hellip;]<\/p>\n","protected":false},"author":3,"featured_media":0,"parent":0,"menu_order":0,"comment_status":"closed","ping_status":"closed","template":"","meta":{"_acf_changed":false,"content-type":"","footnotes":""},"class_list":["post-6199","page","type-page","status-publish","hentry"],"acf":[],"yoast_head":"<!-- This site is optimized with the Yoast SEO plugin v25.2 - https:\/\/yoast.com\/wordpress\/plugins\/seo\/ -->\n<title>Pol\u00edtica de Privacidad - Admetec<\/title>\n<meta name=\"robots\" content=\"index, follow, max-snippet:-1, max-image-preview:large, max-video-preview:-1\" \/>\n<link rel=\"canonical\" href=\"https:\/\/www.admetec.com\/es\/privacy-policy\/\" \/>\n<meta property=\"og:locale\" content=\"es_ES\" \/>\n<meta property=\"og:type\" content=\"article\" \/>\n<meta property=\"og:title\" content=\"Pol\u00edtica de Privacidad - Admetec\" \/>\n<meta property=\"og:description\" content=\"Pol\u00edtica de Privacidad En Admetec, accesible desde www.admetec.com, una de nuestras principales prioridades es la privacidad de nuestros visitantes. Este documento de Pol\u00edtica de Privacidad contiene los tipos de informaci\u00f3n que recoge y registra Admetec y c\u00f3mo la utilizamos. Si tienes m\u00e1s preguntas o necesitas m\u00e1s informaci\u00f3n sobre nuestra Pol\u00edtica de Privacidad, no dudes en [&hellip;]\" \/>\n<meta property=\"og:url\" content=\"https:\/\/www.admetec.com\/es\/privacy-policy\/\" \/>\n<meta property=\"og:site_name\" content=\"Admetec\" \/>\n<meta property=\"article:publisher\" content=\"https:\/\/www.facebook.com\/admetec\" \/>\n<meta property=\"article:modified_time\" content=\"2025-05-27T11:59:22+00:00\" \/>\n<meta name=\"twitter:card\" content=\"summary_large_image\" \/>\n<meta name=\"twitter:site\" content=\"@admetec\" \/>\n<meta name=\"twitter:label1\" content=\"Tiempo de lectura\" \/>\n\t<meta name=\"twitter:data1\" content=\"7 minutos\" \/>\n<script type=\"application\/ld+json\" class=\"yoast-schema-graph\">{\"@context\":\"https:\/\/schema.org\",\"@graph\":[{\"@type\":\"WebPage\",\"@id\":\"https:\/\/www.admetec.com\/es\/privacy-policy\/\",\"url\":\"https:\/\/www.admetec.com\/es\/privacy-policy\/\",\"name\":\"Pol\u00edtica de Privacidad - Admetec\",\"isPartOf\":{\"@id\":\"https:\/\/www.admetec.com\/es\/#website\"},\"datePublished\":\"2024-01-16T12:28:45+00:00\",\"dateModified\":\"2025-05-27T11:59:22+00:00\",\"breadcrumb\":{\"@id\":\"https:\/\/www.admetec.com\/es\/privacy-policy\/#breadcrumb\"},\"inLanguage\":\"es\",\"potentialAction\":[{\"@type\":\"ReadAction\",\"target\":[\"https:\/\/www.admetec.com\/es\/privacy-policy\/\"]}]},{\"@type\":\"BreadcrumbList\",\"@id\":\"https:\/\/www.admetec.com\/es\/privacy-policy\/#breadcrumb\",\"itemListElement\":[{\"@type\":\"ListItem\",\"position\":1,\"name\":\"Home\",\"item\":\"https:\/\/www.admetec.com\/es\/\"},{\"@type\":\"ListItem\",\"position\":2,\"name\":\"Pol\u00edtica de Privacidad\"}]},{\"@type\":\"WebSite\",\"@id\":\"https:\/\/www.admetec.com\/es\/#website\",\"url\":\"https:\/\/www.admetec.com\/es\/\",\"name\":\"ADMETEC\",\"description\":\"We&#039;ve got your back\",\"publisher\":{\"@id\":\"https:\/\/www.admetec.com\/es\/#organization\"},\"potentialAction\":[{\"@type\":\"SearchAction\",\"target\":{\"@type\":\"EntryPoint\",\"urlTemplate\":\"https:\/\/www.admetec.com\/es\/?s={search_term_string}\"},\"query-input\":{\"@type\":\"PropertyValueSpecification\",\"valueRequired\":true,\"valueName\":\"search_term_string\"}}],\"inLanguage\":\"es\"},{\"@type\":\"Organization\",\"@id\":\"https:\/\/www.admetec.com\/es\/#organization\",\"name\":\"ADMETEC\",\"url\":\"https:\/\/www.admetec.com\/es\/\",\"logo\":{\"@type\":\"ImageObject\",\"inLanguage\":\"es\",\"@id\":\"https:\/\/www.admetec.com\/es\/#\/schema\/logo\/image\/\",\"url\":\"https:\/\/www.admetec.com\/es\/wp-content\/uploads\/2023\/05\/Group-2@2x.png\",\"contentUrl\":\"https:\/\/www.admetec.com\/es\/wp-content\/uploads\/2023\/05\/Group-2@2x.png\",\"width\":397,\"height\":100,\"caption\":\"ADMETEC\"},\"image\":{\"@id\":\"https:\/\/www.admetec.com\/es\/#\/schema\/logo\/image\/\"},\"sameAs\":[\"https:\/\/www.facebook.com\/admetec\",\"https:\/\/x.com\/admetec\"]}]}<\/script>\n<!-- \/ Yoast SEO plugin. -->","yoast_head_json":{"title":"Pol\u00edtica de Privacidad - Admetec","robots":{"index":"index","follow":"follow","max-snippet":"max-snippet:-1","max-image-preview":"max-image-preview:large","max-video-preview":"max-video-preview:-1"},"canonical":"https:\/\/www.admetec.com\/es\/privacy-policy\/","og_locale":"es_ES","og_type":"article","og_title":"Pol\u00edtica de Privacidad - Admetec","og_description":"Pol\u00edtica de Privacidad En Admetec, accesible desde www.admetec.com, una de nuestras principales prioridades es la privacidad de nuestros visitantes. Este documento de Pol\u00edtica de Privacidad contiene los tipos de informaci\u00f3n que recoge y registra Admetec y c\u00f3mo la utilizamos. Si tienes m\u00e1s preguntas o necesitas m\u00e1s informaci\u00f3n sobre nuestra Pol\u00edtica de Privacidad, no dudes en [&hellip;]","og_url":"https:\/\/www.admetec.com\/es\/privacy-policy\/","og_site_name":"Admetec","article_publisher":"https:\/\/www.facebook.com\/admetec","article_modified_time":"2025-05-27T11:59:22+00:00","twitter_card":"summary_large_image","twitter_site":"@admetec","twitter_misc":{"Tiempo de lectura":"7 minutos"},"schema":{"@context":"https:\/\/schema.org","@graph":[{"@type":"WebPage","@id":"https:\/\/www.admetec.com\/es\/privacy-policy\/","url":"https:\/\/www.admetec.com\/es\/privacy-policy\/","name":"Pol\u00edtica de Privacidad - Admetec","isPartOf":{"@id":"https:\/\/www.admetec.com\/es\/#website"},"datePublished":"2024-01-16T12:28:45+00:00","dateModified":"2025-05-27T11:59:22+00:00","breadcrumb":{"@id":"https:\/\/www.admetec.com\/es\/privacy-policy\/#breadcrumb"},"inLanguage":"es","potentialAction":[{"@type":"ReadAction","target":["https:\/\/www.admetec.com\/es\/privacy-policy\/"]}]},{"@type":"BreadcrumbList","@id":"https:\/\/www.admetec.com\/es\/privacy-policy\/#breadcrumb","itemListElement":[{"@type":"ListItem","position":1,"name":"Home","item":"https:\/\/www.admetec.com\/es\/"},{"@type":"ListItem","position":2,"name":"Pol\u00edtica de Privacidad"}]},{"@type":"WebSite","@id":"https:\/\/www.admetec.com\/es\/#website","url":"https:\/\/www.admetec.com\/es\/","name":"ADMETEC","description":"We&#039;ve got your back","publisher":{"@id":"https:\/\/www.admetec.com\/es\/#organization"},"potentialAction":[{"@type":"SearchAction","target":{"@type":"EntryPoint","urlTemplate":"https:\/\/www.admetec.com\/es\/?s={search_term_string}"},"query-input":{"@type":"PropertyValueSpecification","valueRequired":true,"valueName":"search_term_string"}}],"inLanguage":"es"},{"@type":"Organization","@id":"https:\/\/www.admetec.com\/es\/#organization","name":"ADMETEC","url":"https:\/\/www.admetec.com\/es\/","logo":{"@type":"ImageObject","inLanguage":"es","@id":"https:\/\/www.admetec.com\/es\/#\/schema\/logo\/image\/","url":"https:\/\/www.admetec.com\/es\/wp-content\/uploads\/2023\/05\/Group-2@2x.png","contentUrl":"https:\/\/www.admetec.com\/es\/wp-content\/uploads\/2023\/05\/Group-2@2x.png","width":397,"height":100,"caption":"ADMETEC"},"image":{"@id":"https:\/\/www.admetec.com\/es\/#\/schema\/logo\/image\/"},"sameAs":["https:\/\/www.facebook.com\/admetec","https:\/\/x.com\/admetec"]}]}},"_links":{"self":[{"href":"https:\/\/www.admetec.com\/es\/wp-json\/wp\/v2\/pages\/6199","targetHints":{"allow":["GET"]}}],"collection":[{"href":"https:\/\/www.admetec.com\/es\/wp-json\/wp\/v2\/pages"}],"about":[{"href":"https:\/\/www.admetec.com\/es\/wp-json\/wp\/v2\/types\/page"}],"author":[{"embeddable":true,"href":"https:\/\/www.admetec.com\/es\/wp-json\/wp\/v2\/users\/3"}],"replies":[{"embeddable":true,"href":"https:\/\/www.admetec.com\/es\/wp-json\/wp\/v2\/comments?post=6199"}],"version-history":[{"count":11,"href":"https:\/\/www.admetec.com\/es\/wp-json\/wp\/v2\/pages\/6199\/revisions"}],"predecessor-version":[{"id":9820,"href":"https:\/\/www.admetec.com\/es\/wp-json\/wp\/v2\/pages\/6199\/revisions\/9820"}],"wp:attachment":[{"href":"https:\/\/www.admetec.com\/es\/wp-json\/wp\/v2\/media?parent=6199"}],"curies":[{"name":"wp","href":"https:\/\/api.w.org\/{rel}","templated":true}]}}