{"id":7626,"date":"2024-05-02T13:43:23","date_gmt":"2024-05-02T13:43:23","guid":{"rendered":"https:\/\/www.admetec.com\/fr\/?page_id=7626"},"modified":"2025-06-04T09:06:56","modified_gmt":"2025-06-04T09:06:56","slug":"flamingo-faq","status":"publish","type":"page","link":"https:\/\/www.admetec.com\/fr\/flamingo-faq\/","title":{"rendered":"Flamingo\u2122 &#8211; FAQ et d\u00e9pannage"},"content":{"rendered":"\t\t<div data-elementor-type=\"wp-page\" data-elementor-id=\"7626\" class=\"elementor elementor-7626\" data-elementor-settings=\"{&quot;ha_cmc_init_switcher&quot;:&quot;no&quot;}\" data-elementor-post-type=\"page\">\n\t\t\t\t<div class=\"elementor-element elementor-element-47e5f13 e-flex e-con-boxed e-con e-parent\" data-id=\"47e5f13\" data-element_type=\"container\" data-settings=\"{&quot;_ha_eqh_enable&quot;:false}\">\n\t\t\t\t\t<div class=\"e-con-inner\">\n\t\t\t\t<div class=\"elementor-element elementor-element-296171b elementor-widget elementor-widget-heading\" data-id=\"296171b\" data-element_type=\"widget\" data-widget_type=\"heading.default\">\n\t\t\t\t<div class=\"elementor-widget-container\">\n\t\t\t\t\t<h2 class=\"elementor-heading-title elementor-size-default\">Flamingo\u2122 FAQ et d\u00e9pannage<\/h2>\t\t\t\t<\/div>\n\t\t\t\t<\/div>\n\t\t\t\t\t<\/div>\n\t\t\t\t<\/div>\n\t\t<div class=\"elementor-element elementor-element-efbc482 e-flex e-con-boxed e-con e-parent\" data-id=\"efbc482\" data-element_type=\"container\" data-settings=\"{&quot;_ha_eqh_enable&quot;:false}\">\n\t\t\t\t\t<div class=\"e-con-inner\">\n\t\t\t\t<div class=\"elementor-element elementor-element-14cff59 elementor-widget elementor-widget-toggle\" data-id=\"14cff59\" data-element_type=\"widget\" data-widget_type=\"toggle.default\">\n\t\t\t\t<div class=\"elementor-widget-container\">\n\t\t\t\t\t\t\t<div class=\"elementor-toggle\">\n\t\t\t\t\t\t\t<div class=\"elementor-toggle-item\">\n\t\t\t\t\t<div id=\"elementor-tab-title-2181\" class=\"elementor-tab-title\" data-tab=\"1\" role=\"button\" aria-controls=\"elementor-tab-content-2181\" aria-expanded=\"false\">\n\t\t\t\t\t\t\t\t\t\t\t\t<span class=\"elementor-toggle-icon elementor-toggle-icon-left\" aria-hidden=\"true\">\n\t\t\t\t\t\t\t\t\t\t\t\t\t\t\t<span class=\"elementor-toggle-icon-closed\"><i class=\"fas fa-caret-right\"><\/i><\/span>\n\t\t\t\t\t\t\t\t<span class=\"elementor-toggle-icon-opened\"><i class=\"elementor-toggle-icon-opened fas fa-caret-up\"><\/i><\/span>\n\t\t\t\t\t\t\t\t\t\t\t\t\t<\/span>\n\t\t\t\t\t\t\t\t\t\t\t\t<a class=\"elementor-toggle-title\" tabindex=\"0\">Quelle est la garantie de Flamingo\u2122?<\/a>\n\t\t\t\t\t<\/div>\n\n\t\t\t\t\t<div id=\"elementor-tab-content-2181\" class=\"elementor-tab-content elementor-clearfix\" data-tab=\"1\" role=\"region\" aria-labelledby=\"elementor-tab-title-2181\"><p>Flamingo\u2122 est assorti d&rsquo;une garantie de 2 ans pour l&rsquo;ensemble de la cam\u00e9ra et d&rsquo;une garantie d&rsquo;un an pour toutes les autres pi\u00e8ces fournies, sous r\u00e9serve des conditions d\u00e9taill\u00e9es dans le manuel d&rsquo;utilisation.<\/p><\/div>\n\t\t\t\t<\/div>\n\t\t\t\t\t\t\t<div class=\"elementor-toggle-item\">\n\t\t\t\t\t<div id=\"elementor-tab-title-2182\" class=\"elementor-tab-title\" data-tab=\"2\" role=\"button\" aria-controls=\"elementor-tab-content-2182\" aria-expanded=\"false\">\n\t\t\t\t\t\t\t\t\t\t\t\t<span class=\"elementor-toggle-icon elementor-toggle-icon-left\" aria-hidden=\"true\">\n\t\t\t\t\t\t\t\t\t\t\t\t\t\t\t<span class=\"elementor-toggle-icon-closed\"><i class=\"fas fa-caret-right\"><\/i><\/span>\n\t\t\t\t\t\t\t\t<span class=\"elementor-toggle-icon-opened\"><i class=\"elementor-toggle-icon-opened fas fa-caret-up\"><\/i><\/span>\n\t\t\t\t\t\t\t\t\t\t\t\t\t<\/span>\n\t\t\t\t\t\t\t\t\t\t\t\t<a class=\"elementor-toggle-title\" tabindex=\"0\">Ai-je besoin d'une connexion internet pour diffuser en direct avec Flamingo\u2122 ?<\/a>\n\t\t\t\t\t<\/div>\n\n\t\t\t\t\t<div id=\"elementor-tab-content-2182\" class=\"elementor-tab-content elementor-clearfix\" data-tab=\"2\" role=\"region\" aria-labelledby=\"elementor-tab-title-2182\"><p>Non, une connexion internet active n&rsquo;est pas n\u00e9cessaire pour une diffusion en direct avec Flamingo\u2122.<\/p><\/div>\n\t\t\t\t<\/div>\n\t\t\t\t\t\t\t<div class=\"elementor-toggle-item\">\n\t\t\t\t\t<div id=\"elementor-tab-title-2183\" class=\"elementor-tab-title\" data-tab=\"3\" role=\"button\" aria-controls=\"elementor-tab-content-2183\" aria-expanded=\"false\">\n\t\t\t\t\t\t\t\t\t\t\t\t<span class=\"elementor-toggle-icon elementor-toggle-icon-left\" aria-hidden=\"true\">\n\t\t\t\t\t\t\t\t\t\t\t\t\t\t\t<span class=\"elementor-toggle-icon-closed\"><i class=\"fas fa-caret-right\"><\/i><\/span>\n\t\t\t\t\t\t\t\t<span class=\"elementor-toggle-icon-opened\"><i class=\"elementor-toggle-icon-opened fas fa-caret-up\"><\/i><\/span>\n\t\t\t\t\t\t\t\t\t\t\t\t\t<\/span>\n\t\t\t\t\t\t\t\t\t\t\t\t<a class=\"elementor-toggle-title\" tabindex=\"0\">Quelle est la dur\u00e9e de fonctionnement de la batterie ?<\/a>\n\t\t\t\t\t<\/div>\n\n\t\t\t\t\t<div id=\"elementor-tab-content-2183\" class=\"elementor-tab-content elementor-clearfix\" data-tab=\"3\" role=\"region\" aria-labelledby=\"elementor-tab-title-2183\"><p>La dur\u00e9e de charge compl\u00e8te de la batterie est de 2,5 \u00e0 3 heures. Le temps de travail moyen avec la cam\u00e9ra et la lumi\u00e8re combin\u00e9e est d\u2019env. 4 heures. Le temps de travail moyen avec la cam\u00e9ra OU la lumi\u00e8re seule est d\u2019env. 8 heures.<\/p><\/div>\n\t\t\t\t<\/div>\n\t\t\t\t\t\t\t<div class=\"elementor-toggle-item\">\n\t\t\t\t\t<div id=\"elementor-tab-title-2184\" class=\"elementor-tab-title\" data-tab=\"4\" role=\"button\" aria-controls=\"elementor-tab-content-2184\" aria-expanded=\"false\">\n\t\t\t\t\t\t\t\t\t\t\t\t<span class=\"elementor-toggle-icon elementor-toggle-icon-left\" aria-hidden=\"true\">\n\t\t\t\t\t\t\t\t\t\t\t\t\t\t\t<span class=\"elementor-toggle-icon-closed\"><i class=\"fas fa-caret-right\"><\/i><\/span>\n\t\t\t\t\t\t\t\t<span class=\"elementor-toggle-icon-opened\"><i class=\"elementor-toggle-icon-opened fas fa-caret-up\"><\/i><\/span>\n\t\t\t\t\t\t\t\t\t\t\t\t\t<\/span>\n\t\t\t\t\t\t\t\t\t\t\t\t<a class=\"elementor-toggle-title\" tabindex=\"0\">Quelles sont les sp\u00e9cifications de la source lumineuse ?<\/a>\n\t\t\t\t\t<\/div>\n\n\t\t\t\t\t<div id=\"elementor-tab-content-2184\" class=\"elementor-tab-content elementor-clearfix\" data-tab=\"4\" role=\"region\" aria-labelledby=\"elementor-tab-title-2184\"><p>La source lumineuse \u00e0 l&rsquo;int\u00e9rieur de l&rsquo;unit\u00e9 Flamingo\u2122 d\u00e9livre un \u00e9clairement de 60 000 lx et une temp\u00e9rature de couleur de 5750 \u00b0K.<\/p><\/div>\n\t\t\t\t<\/div>\n\t\t\t\t\t\t\t<div class=\"elementor-toggle-item\">\n\t\t\t\t\t<div id=\"elementor-tab-title-2185\" class=\"elementor-tab-title\" data-tab=\"5\" role=\"button\" aria-controls=\"elementor-tab-content-2185\" aria-expanded=\"false\">\n\t\t\t\t\t\t\t\t\t\t\t\t<span class=\"elementor-toggle-icon elementor-toggle-icon-left\" aria-hidden=\"true\">\n\t\t\t\t\t\t\t\t\t\t\t\t\t\t\t<span class=\"elementor-toggle-icon-closed\"><i class=\"fas fa-caret-right\"><\/i><\/span>\n\t\t\t\t\t\t\t\t<span class=\"elementor-toggle-icon-opened\"><i class=\"elementor-toggle-icon-opened fas fa-caret-up\"><\/i><\/span>\n\t\t\t\t\t\t\t\t\t\t\t\t\t<\/span>\n\t\t\t\t\t\t\t\t\t\t\t\t<a class=\"elementor-toggle-title\" tabindex=\"0\">Le son est-il \u00e9galement enregistr\u00e9 ?<\/a>\n\t\t\t\t\t<\/div>\n\n\t\t\t\t\t<div id=\"elementor-tab-content-2185\" class=\"elementor-tab-content elementor-clearfix\" data-tab=\"5\" role=\"region\" aria-labelledby=\"elementor-tab-title-2185\"><p>Non. La cam\u00e9ra Flamingo\u2122 n&rsquo;a pas de microphone int\u00e9gr\u00e9.<\/p><\/div>\n\t\t\t\t<\/div>\n\t\t\t\t\t\t\t<div class=\"elementor-toggle-item\">\n\t\t\t\t\t<div id=\"elementor-tab-title-2186\" class=\"elementor-tab-title\" data-tab=\"6\" role=\"button\" aria-controls=\"elementor-tab-content-2186\" aria-expanded=\"false\">\n\t\t\t\t\t\t\t\t\t\t\t\t<span class=\"elementor-toggle-icon elementor-toggle-icon-left\" aria-hidden=\"true\">\n\t\t\t\t\t\t\t\t\t\t\t\t\t\t\t<span class=\"elementor-toggle-icon-closed\"><i class=\"fas fa-caret-right\"><\/i><\/span>\n\t\t\t\t\t\t\t\t<span class=\"elementor-toggle-icon-opened\"><i class=\"elementor-toggle-icon-opened fas fa-caret-up\"><\/i><\/span>\n\t\t\t\t\t\t\t\t\t\t\t\t\t<\/span>\n\t\t\t\t\t\t\t\t\t\t\t\t<a class=\"elementor-toggle-title\" tabindex=\"0\">Flamingo\u2122 est-il fabriqu\u00e9 en interne ?<\/a>\n\t\t\t\t\t<\/div>\n\n\t\t\t\t\t<div id=\"elementor-tab-content-2186\" class=\"elementor-tab-content elementor-clearfix\" data-tab=\"6\" role=\"region\" aria-labelledby=\"elementor-tab-title-2186\"><p>Nos cam\u00e9ras sont de fait fabriqu\u00e9es en interne, comme tous les produits Admetec. Admetec est la seule entreprise qui fabrique des loupes, des \u00e9clairages et des cam\u00e9ras.<\/p><\/div>\n\t\t\t\t<\/div>\n\t\t\t\t\t\t\t<div class=\"elementor-toggle-item\">\n\t\t\t\t\t<div id=\"elementor-tab-title-2187\" class=\"elementor-tab-title\" data-tab=\"7\" role=\"button\" aria-controls=\"elementor-tab-content-2187\" aria-expanded=\"false\">\n\t\t\t\t\t\t\t\t\t\t\t\t<span class=\"elementor-toggle-icon elementor-toggle-icon-left\" aria-hidden=\"true\">\n\t\t\t\t\t\t\t\t\t\t\t\t\t\t\t<span class=\"elementor-toggle-icon-closed\"><i class=\"fas fa-caret-right\"><\/i><\/span>\n\t\t\t\t\t\t\t\t<span class=\"elementor-toggle-icon-opened\"><i class=\"elementor-toggle-icon-opened fas fa-caret-up\"><\/i><\/span>\n\t\t\t\t\t\t\t\t\t\t\t\t\t<\/span>\n\t\t\t\t\t\t\t\t\t\t\t\t<a class=\"elementor-toggle-title\" tabindex=\"0\">Quel est le format de la vid\u00e9o enregistr\u00e9e ?<\/a>\n\t\t\t\t\t<\/div>\n\n\t\t\t\t\t<div id=\"elementor-tab-content-2187\" class=\"elementor-tab-content elementor-clearfix\" data-tab=\"7\" role=\"region\" aria-labelledby=\"elementor-tab-title-2187\"><p>Flamingo\u2122 utilise .mkv en interne, mais lorsque la vid\u00e9o est export\u00e9e, elle est convertie en .mp4, format reconnu par les Mac, les PC et les t\u00e9l\u00e9phones.<\/p><\/div>\n\t\t\t\t<\/div>\n\t\t\t\t\t\t\t<div class=\"elementor-toggle-item\">\n\t\t\t\t\t<div id=\"elementor-tab-title-2188\" class=\"elementor-tab-title\" data-tab=\"8\" role=\"button\" aria-controls=\"elementor-tab-content-2188\" aria-expanded=\"false\">\n\t\t\t\t\t\t\t\t\t\t\t\t<span class=\"elementor-toggle-icon elementor-toggle-icon-left\" aria-hidden=\"true\">\n\t\t\t\t\t\t\t\t\t\t\t\t\t\t\t<span class=\"elementor-toggle-icon-closed\"><i class=\"fas fa-caret-right\"><\/i><\/span>\n\t\t\t\t\t\t\t\t<span class=\"elementor-toggle-icon-opened\"><i class=\"elementor-toggle-icon-opened fas fa-caret-up\"><\/i><\/span>\n\t\t\t\t\t\t\t\t\t\t\t\t\t<\/span>\n\t\t\t\t\t\t\t\t\t\t\t\t<a class=\"elementor-toggle-title\" tabindex=\"0\">Quel est l'emplacement de mes fichiers vid\u00e9o ?<\/a>\n\t\t\t\t\t<\/div>\n\n\t\t\t\t\t<div id=\"elementor-tab-content-2188\" class=\"elementor-tab-content elementor-clearfix\" data-tab=\"8\" role=\"region\" aria-labelledby=\"elementor-tab-title-2188\"><p>Les fichiers (vid\u00e9os et signets) sont stock\u00e9s sur l&rsquo;ordinateur local dans le profil de l&rsquo;utilisateur et sont accessibles via la Flamingo App\u2122. Pour une utilisation en dehors de Flamingo App\u2122 , veuillez utiliser la fonction d&rsquo;exportation.<\/p><\/div>\n\t\t\t\t<\/div>\n\t\t\t\t\t\t\t<div class=\"elementor-toggle-item\">\n\t\t\t\t\t<div id=\"elementor-tab-title-2189\" class=\"elementor-tab-title\" data-tab=\"9\" role=\"button\" aria-controls=\"elementor-tab-content-2189\" aria-expanded=\"false\">\n\t\t\t\t\t\t\t\t\t\t\t\t<span class=\"elementor-toggle-icon elementor-toggle-icon-left\" aria-hidden=\"true\">\n\t\t\t\t\t\t\t\t\t\t\t\t\t\t\t<span class=\"elementor-toggle-icon-closed\"><i class=\"fas fa-caret-right\"><\/i><\/span>\n\t\t\t\t\t\t\t\t<span class=\"elementor-toggle-icon-opened\"><i class=\"elementor-toggle-icon-opened fas fa-caret-up\"><\/i><\/span>\n\t\t\t\t\t\t\t\t\t\t\t\t\t<\/span>\n\t\t\t\t\t\t\t\t\t\t\t\t<a class=\"elementor-toggle-title\" tabindex=\"0\">La p\u00e9dale doit-elle \u00eatre appari\u00e9e avant d'\u00eatre utilis\u00e9e ?<\/a>\n\t\t\t\t\t<\/div>\n\n\t\t\t\t\t<div id=\"elementor-tab-content-2189\" class=\"elementor-tab-content elementor-clearfix\" data-tab=\"9\" role=\"region\" aria-labelledby=\"elementor-tab-title-2189\"><p>La p\u00e9dale \u00e0 l&rsquo;int\u00e9rieur du kit Flamingo\u2122 est appari\u00e9e avec la cam\u00e9ra dans le m\u00eame kit. Vous devrez proc\u00e9der l&rsquo;appairage de la p\u00e9dale ou au remplacement de l&rsquo;unit\u00e9 de contr\u00f4le Flamingo.<\/p><\/div>\n\t\t\t\t<\/div>\n\t\t\t\t\t\t\t<div class=\"elementor-toggle-item\">\n\t\t\t\t\t<div id=\"elementor-tab-title-21810\" class=\"elementor-tab-title\" data-tab=\"10\" role=\"button\" aria-controls=\"elementor-tab-content-21810\" aria-expanded=\"false\">\n\t\t\t\t\t\t\t\t\t\t\t\t<span class=\"elementor-toggle-icon elementor-toggle-icon-left\" aria-hidden=\"true\">\n\t\t\t\t\t\t\t\t\t\t\t\t\t\t\t<span class=\"elementor-toggle-icon-closed\"><i class=\"fas fa-caret-right\"><\/i><\/span>\n\t\t\t\t\t\t\t\t<span class=\"elementor-toggle-icon-opened\"><i class=\"elementor-toggle-icon-opened fas fa-caret-up\"><\/i><\/span>\n\t\t\t\t\t\t\t\t\t\t\t\t\t<\/span>\n\t\t\t\t\t\t\t\t\t\t\t\t<a class=\"elementor-toggle-title\" tabindex=\"0\"><span id=\"macdongleonwindows\">Puis-je utiliser le dongle WiFi Mac avec Windows ?<\/span><\/a>\n\t\t\t\t\t<\/div>\n\n\t\t\t\t\t<div id=\"elementor-tab-content-21810\" class=\"elementor-tab-content elementor-clearfix\" data-tab=\"10\" role=\"region\" aria-labelledby=\"elementor-tab-title-21810\"><p>Oui. Tous les dongles WiFi exp\u00e9di\u00e9s apr\u00e8s le 1er mai 2024 peuvent \u00eatre utilis\u00e9s avec Windows ou Mac. Les dongles exp\u00e9di\u00e9s avant cette date doivent \u00eatre mis \u00e0 jour pour fonctionner avec Windows. Pour mettre \u00e0 jour votre dongle WiFi, veuillez suivre les \u00e9tapes suivantes :<\/p><ol><li>Mettez \u00e0 jour l&rsquo;application Flamingo sur votre Mac avec la derni\u00e8re version (la version minimale prise en charge est la 5.61).<\/li><li>\u00a0Connectez le dongle WiFi \u00e0 votre Mac et utilisez-le pour vous connecter \u00e0 une cam\u00e9ra Flamingo.<\/li><\/ol><p>Voil\u00e0, c&rsquo;est fait. Votre dongle WiFi peut maintenant \u00eatre utilis\u00e9 avec Windows.<\/p><\/div>\n\t\t\t\t<\/div>\n\t\t\t\t\t\t\t<div class=\"elementor-toggle-item\">\n\t\t\t\t\t<div id=\"elementor-tab-title-21811\" class=\"elementor-tab-title\" data-tab=\"11\" role=\"button\" aria-controls=\"elementor-tab-content-21811\" aria-expanded=\"false\">\n\t\t\t\t\t\t\t\t\t\t\t\t<span class=\"elementor-toggle-icon elementor-toggle-icon-left\" aria-hidden=\"true\">\n\t\t\t\t\t\t\t\t\t\t\t\t\t\t\t<span class=\"elementor-toggle-icon-closed\"><i class=\"fas fa-caret-right\"><\/i><\/span>\n\t\t\t\t\t\t\t\t<span class=\"elementor-toggle-icon-opened\"><i class=\"elementor-toggle-icon-opened fas fa-caret-up\"><\/i><\/span>\n\t\t\t\t\t\t\t\t\t\t\t\t\t<\/span>\n\t\t\t\t\t\t\t\t\t\t\t\t<a class=\"elementor-toggle-title\" tabindex=\"0\">L'unit\u00e9 de contr\u00f4le Flamingo chauffe beaucoup<\/a>\n\t\t\t\t\t<\/div>\n\n\t\t\t\t\t<div id=\"elementor-tab-content-21811\" class=\"elementor-tab-content elementor-clearfix\" data-tab=\"11\" role=\"region\" aria-labelledby=\"elementor-tab-title-21811\"><p>L&rsquo;unit\u00e9 de commande Flamingo est con\u00e7ue pour \u00eatre expos\u00e9e \u00e0 l&rsquo;air et ne peut \u00eatre rang\u00e9e dans une poche pendant son fonctionnement.<\/p><\/div>\n\t\t\t\t<\/div>\n\t\t\t\t\t\t\t\t<\/div>\n\t\t\t\t\t\t<\/div>\n\t\t\t\t<\/div>\n\t\t\t\t\t<\/div>\n\t\t\t\t<\/div>\n\t\t<div class=\"elementor-element elementor-element-1a53e09 e-flex e-con-boxed e-con e-parent\" data-id=\"1a53e09\" data-element_type=\"container\" data-settings=\"{&quot;_ha_eqh_enable&quot;:false}\">\n\t\t\t\t\t<div class=\"e-con-inner\">\n\t\t\t\t<div class=\"elementor-element elementor-element-fdd77aa elementor-widget elementor-widget-html\" data-id=\"fdd77aa\" data-element_type=\"widget\" data-widget_type=\"html.default\">\n\t\t\t\t<div class=\"elementor-widget-container\">\n\t\t\t\t\t<script>\r\n\r\n(function ($) {\r\n\r\n    \/\/ known limitation - won't work if different modules are mixed on page (eg, one tab and one accordion on the same page)\r\n    document.addEventListener('DOMContentLoaded', function () {\r\n\r\n        \/\/ fetch all the tab, accordion, and toggle titles\r\n        let desktoptitles = $('.elementor-tab-desktop-title');\r\n        let mobiletitles = $('.elementor-tab-mobile-title');\r\n\r\n        \/\/ this check is needed for the tab module to work\r\n        if (!$(desktoptitles).length)\r\n            desktoptitles = $('.elementor-tab-title');\r\n\r\n        \/\/ iterate them\r\n        $(desktoptitles).each(function (index, title) {\r\n\r\n            \/\/ clean up the titles to remove all non-alphanumeric chars\r\n            title = $(this).text().replace(\/\\W\/g, '');\r\n            title = '#' + title;\r\n\r\n            \/\/ compare the hash with the tab title\r\n            if (window.location.href.indexOf(title) > -1) {\r\n\r\n                setTimeout(function () {\r\n\r\n                    \/\/ trigger a click on the tab title\r\n                    desktoptitles.eq(index).click();\r\n                    mobiletitles.eq(index).click();\r\n\r\n                    \r\n                    $('html, body').animate({\r\n                        scrollTop: desktoptitles.eq(index).offset().top - 250\r\n                    }, 'slow');\r\n\r\n                }, 600);\r\n\r\n            }\r\n\r\n        });\r\n\r\n\r\n        $(desktoptitles).click(function (index, title) {\r\n            var current_location = window.location.href;\r\n            current_location = current_location.split(\"#\");\r\n            title = $(this).text().replace(\/\\W\/g, '');\r\n            title = '#' + title;\r\n            window.location = current_location[0] + title;\r\n        });\r\n\r\n    });\r\n\r\n})(jQuery);\r\n\r\n<\/script>\t\t\t\t<\/div>\n\t\t\t\t<\/div>\n\t\t\t\t\t<\/div>\n\t\t\t\t<\/div>\n\t\t\t\t<\/div>\n\t\t","protected":false},"excerpt":{"rendered":"<p>Flamingo\u2122 FAQ et d\u00e9pannage Quelle est la garantie de Flamingo\u2122? Flamingo\u2122 est assorti d&#8217;une garantie de 2 ans pour l&#8217;ensemble de la cam\u00e9ra et d&#8217;une garantie d&#8217;un an pour toutes les autres pi\u00e8ces fournies, sous r\u00e9serve des conditions d\u00e9taill\u00e9es dans le manuel d&#8217;utilisation. Ai-je besoin d&rsquo;une connexion internet pour diffuser en direct avec Flamingo\u2122 ? [&hellip;]<\/p>\n","protected":false},"author":6,"featured_media":0,"parent":0,"menu_order":0,"comment_status":"closed","ping_status":"closed","template":"","meta":{"_acf_changed":false,"content-type":"","footnotes":""},"class_list":["post-7626","page","type-page","status-publish","hentry"],"acf":[],"yoast_head":"<!-- This site is optimized with the Yoast SEO plugin v25.2 - https:\/\/yoast.com\/wordpress\/plugins\/seo\/ -->\n<title>Flamingo\u2122 - FAQ et d\u00e9pannage - ADMETEC<\/title>\n<meta name=\"robots\" content=\"index, follow, max-snippet:-1, max-image-preview:large, max-video-preview:-1\" \/>\n<link rel=\"canonical\" href=\"https:\/\/www.admetec.com\/fr\/flamingo-faq\/\" \/>\n<meta property=\"og:locale\" content=\"fr_FR\" \/>\n<meta property=\"og:type\" content=\"article\" \/>\n<meta property=\"og:title\" content=\"Flamingo\u2122 - FAQ et d\u00e9pannage - ADMETEC\" \/>\n<meta property=\"og:description\" content=\"Flamingo\u2122 FAQ et d\u00e9pannage Quelle est la garantie de Flamingo\u2122? Flamingo\u2122 est assorti d&#8217;une garantie de 2 ans pour l&#8217;ensemble de la cam\u00e9ra et d&#8217;une garantie d&#8217;un an pour toutes les autres pi\u00e8ces fournies, sous r\u00e9serve des conditions d\u00e9taill\u00e9es dans le manuel d&#8217;utilisation. Ai-je besoin d&rsquo;une connexion internet pour diffuser en direct avec Flamingo\u2122 ? [&hellip;]\" \/>\n<meta property=\"og:url\" content=\"https:\/\/www.admetec.com\/fr\/flamingo-faq\/\" \/>\n<meta property=\"og:site_name\" content=\"ADMETEC\" \/>\n<meta property=\"article:publisher\" content=\"https:\/\/www.facebook.com\/admetec\" \/>\n<meta property=\"article:modified_time\" content=\"2025-06-04T09:06:56+00:00\" \/>\n<meta name=\"twitter:card\" content=\"summary_large_image\" \/>\n<meta name=\"twitter:site\" content=\"@admetec\" \/>\n<meta name=\"twitter:label1\" content=\"Dur\u00e9e de lecture estim\u00e9e\" \/>\n\t<meta name=\"twitter:data1\" content=\"3 minutes\" \/>\n<script type=\"application\/ld+json\" class=\"yoast-schema-graph\">{\"@context\":\"https:\/\/schema.org\",\"@graph\":[{\"@type\":\"WebPage\",\"@id\":\"https:\/\/www.admetec.com\/fr\/flamingo-faq\/\",\"url\":\"https:\/\/www.admetec.com\/fr\/flamingo-faq\/\",\"name\":\"Flamingo\u2122 - FAQ et d\u00e9pannage - ADMETEC\",\"isPartOf\":{\"@id\":\"https:\/\/www.admetec.com\/fr\/#website\"},\"datePublished\":\"2024-05-02T13:43:23+00:00\",\"dateModified\":\"2025-06-04T09:06:56+00:00\",\"breadcrumb\":{\"@id\":\"https:\/\/www.admetec.com\/fr\/flamingo-faq\/#breadcrumb\"},\"inLanguage\":\"fr-FR\",\"potentialAction\":[{\"@type\":\"ReadAction\",\"target\":[\"https:\/\/www.admetec.com\/fr\/flamingo-faq\/\"]}]},{\"@type\":\"BreadcrumbList\",\"@id\":\"https:\/\/www.admetec.com\/fr\/flamingo-faq\/#breadcrumb\",\"itemListElement\":[{\"@type\":\"ListItem\",\"position\":1,\"name\":\"Home\",\"item\":\"https:\/\/www.admetec.com\/fr\/\"},{\"@type\":\"ListItem\",\"position\":2,\"name\":\"Flamingo\u2122 &#8211; FAQ et d\u00e9pannage\"}]},{\"@type\":\"WebSite\",\"@id\":\"https:\/\/www.admetec.com\/fr\/#website\",\"url\":\"https:\/\/www.admetec.com\/fr\/\",\"name\":\"ADMETEC\",\"description\":\"We&#039;ve got your back\",\"publisher\":{\"@id\":\"https:\/\/www.admetec.com\/fr\/#organization\"},\"potentialAction\":[{\"@type\":\"SearchAction\",\"target\":{\"@type\":\"EntryPoint\",\"urlTemplate\":\"https:\/\/www.admetec.com\/fr\/?s={search_term_string}\"},\"query-input\":{\"@type\":\"PropertyValueSpecification\",\"valueRequired\":true,\"valueName\":\"search_term_string\"}}],\"inLanguage\":\"fr-FR\"},{\"@type\":\"Organization\",\"@id\":\"https:\/\/www.admetec.com\/fr\/#organization\",\"name\":\"ADMETEC\",\"url\":\"https:\/\/www.admetec.com\/fr\/\",\"logo\":{\"@type\":\"ImageObject\",\"inLanguage\":\"fr-FR\",\"@id\":\"https:\/\/www.admetec.com\/fr\/#\/schema\/logo\/image\/\",\"url\":\"https:\/\/www.admetec.com\/fr\/wp-content\/uploads\/2023\/05\/Group-2@2x.png\",\"contentUrl\":\"https:\/\/www.admetec.com\/fr\/wp-content\/uploads\/2023\/05\/Group-2@2x.png\",\"width\":397,\"height\":100,\"caption\":\"ADMETEC\"},\"image\":{\"@id\":\"https:\/\/www.admetec.com\/fr\/#\/schema\/logo\/image\/\"},\"sameAs\":[\"https:\/\/www.facebook.com\/admetec\",\"https:\/\/x.com\/admetec\"]}]}<\/script>\n<!-- \/ Yoast SEO plugin. -->","yoast_head_json":{"title":"Flamingo\u2122 - FAQ et d\u00e9pannage - ADMETEC","robots":{"index":"index","follow":"follow","max-snippet":"max-snippet:-1","max-image-preview":"max-image-preview:large","max-video-preview":"max-video-preview:-1"},"canonical":"https:\/\/www.admetec.com\/fr\/flamingo-faq\/","og_locale":"fr_FR","og_type":"article","og_title":"Flamingo\u2122 - FAQ et d\u00e9pannage - ADMETEC","og_description":"Flamingo\u2122 FAQ et d\u00e9pannage Quelle est la garantie de Flamingo\u2122? Flamingo\u2122 est assorti d&#8217;une garantie de 2 ans pour l&#8217;ensemble de la cam\u00e9ra et d&#8217;une garantie d&#8217;un an pour toutes les autres pi\u00e8ces fournies, sous r\u00e9serve des conditions d\u00e9taill\u00e9es dans le manuel d&#8217;utilisation. Ai-je besoin d&rsquo;une connexion internet pour diffuser en direct avec Flamingo\u2122 ? [&hellip;]","og_url":"https:\/\/www.admetec.com\/fr\/flamingo-faq\/","og_site_name":"ADMETEC","article_publisher":"https:\/\/www.facebook.com\/admetec","article_modified_time":"2025-06-04T09:06:56+00:00","twitter_card":"summary_large_image","twitter_site":"@admetec","twitter_misc":{"Dur\u00e9e de lecture estim\u00e9e":"3 minutes"},"schema":{"@context":"https:\/\/schema.org","@graph":[{"@type":"WebPage","@id":"https:\/\/www.admetec.com\/fr\/flamingo-faq\/","url":"https:\/\/www.admetec.com\/fr\/flamingo-faq\/","name":"Flamingo\u2122 - FAQ et d\u00e9pannage - ADMETEC","isPartOf":{"@id":"https:\/\/www.admetec.com\/fr\/#website"},"datePublished":"2024-05-02T13:43:23+00:00","dateModified":"2025-06-04T09:06:56+00:00","breadcrumb":{"@id":"https:\/\/www.admetec.com\/fr\/flamingo-faq\/#breadcrumb"},"inLanguage":"fr-FR","potentialAction":[{"@type":"ReadAction","target":["https:\/\/www.admetec.com\/fr\/flamingo-faq\/"]}]},{"@type":"BreadcrumbList","@id":"https:\/\/www.admetec.com\/fr\/flamingo-faq\/#breadcrumb","itemListElement":[{"@type":"ListItem","position":1,"name":"Home","item":"https:\/\/www.admetec.com\/fr\/"},{"@type":"ListItem","position":2,"name":"Flamingo\u2122 &#8211; FAQ et d\u00e9pannage"}]},{"@type":"WebSite","@id":"https:\/\/www.admetec.com\/fr\/#website","url":"https:\/\/www.admetec.com\/fr\/","name":"ADMETEC","description":"We&#039;ve got your back","publisher":{"@id":"https:\/\/www.admetec.com\/fr\/#organization"},"potentialAction":[{"@type":"SearchAction","target":{"@type":"EntryPoint","urlTemplate":"https:\/\/www.admetec.com\/fr\/?s={search_term_string}"},"query-input":{"@type":"PropertyValueSpecification","valueRequired":true,"valueName":"search_term_string"}}],"inLanguage":"fr-FR"},{"@type":"Organization","@id":"https:\/\/www.admetec.com\/fr\/#organization","name":"ADMETEC","url":"https:\/\/www.admetec.com\/fr\/","logo":{"@type":"ImageObject","inLanguage":"fr-FR","@id":"https:\/\/www.admetec.com\/fr\/#\/schema\/logo\/image\/","url":"https:\/\/www.admetec.com\/fr\/wp-content\/uploads\/2023\/05\/Group-2@2x.png","contentUrl":"https:\/\/www.admetec.com\/fr\/wp-content\/uploads\/2023\/05\/Group-2@2x.png","width":397,"height":100,"caption":"ADMETEC"},"image":{"@id":"https:\/\/www.admetec.com\/fr\/#\/schema\/logo\/image\/"},"sameAs":["https:\/\/www.facebook.com\/admetec","https:\/\/x.com\/admetec"]}]}},"_links":{"self":[{"href":"https:\/\/www.admetec.com\/fr\/wp-json\/wp\/v2\/pages\/7626","targetHints":{"allow":["GET"]}}],"collection":[{"href":"https:\/\/www.admetec.com\/fr\/wp-json\/wp\/v2\/pages"}],"about":[{"href":"https:\/\/www.admetec.com\/fr\/wp-json\/wp\/v2\/types\/page"}],"author":[{"embeddable":true,"href":"https:\/\/www.admetec.com\/fr\/wp-json\/wp\/v2\/users\/6"}],"replies":[{"embeddable":true,"href":"https:\/\/www.admetec.com\/fr\/wp-json\/wp\/v2\/comments?post=7626"}],"version-history":[{"count":67,"href":"https:\/\/www.admetec.com\/fr\/wp-json\/wp\/v2\/pages\/7626\/revisions"}],"predecessor-version":[{"id":9868,"href":"https:\/\/www.admetec.com\/fr\/wp-json\/wp\/v2\/pages\/7626\/revisions\/9868"}],"wp:attachment":[{"href":"https:\/\/www.admetec.com\/fr\/wp-json\/wp\/v2\/media?parent=7626"}],"curies":[{"name":"wp","href":"https:\/\/api.w.org\/{rel}","templated":true}]}}