{"id":6204,"date":"2024-01-16T12:54:18","date_gmt":"2024-01-16T12:54:18","guid":{"rendered":"https:\/\/www.admetec.com\/it\/?page_id=6204"},"modified":"2025-09-26T10:51:20","modified_gmt":"2025-09-26T07:51:20","slug":"terms-and-conditions","status":"publish","type":"page","link":"https:\/\/www.admetec.com\/it\/terms-and-conditions\/","title":{"rendered":"Terms and Conditions"},"content":{"rendered":"\t\t<div data-elementor-type=\"wp-page\" data-elementor-id=\"6204\" class=\"elementor elementor-6204\" data-elementor-settings=\"{&quot;ha_cmc_init_switcher&quot;:&quot;no&quot;}\" data-elementor-post-type=\"page\">\n\t\t\t\t<div class=\"elementor-element elementor-element-47e5f13 e-flex e-con-boxed e-con e-parent\" data-id=\"47e5f13\" data-element_type=\"container\" data-e-type=\"container\" data-settings=\"{&quot;_ha_eqh_enable&quot;:false}\">\n\t\t\t\t\t<div class=\"e-con-inner\">\n\t\t\t\t<div class=\"elementor-element elementor-element-296171b elementor-widget elementor-widget-heading\" data-id=\"296171b\" data-element_type=\"widget\" data-e-type=\"widget\" data-widget_type=\"heading.default\">\n\t\t\t\t<div class=\"elementor-widget-container\">\n\t\t\t\t\t<h2 class=\"elementor-heading-title elementor-size-default\"><span>Termini e condizioni<\/span><\/h2>\t\t\t\t<\/div>\n\t\t\t\t<\/div>\n\t\t\t\t\t<\/div>\n\t\t\t\t<\/div>\n\t\t<div class=\"elementor-element elementor-element-d333dba e-flex e-con-boxed e-con e-parent\" data-id=\"d333dba\" data-element_type=\"container\" data-e-type=\"container\" data-settings=\"{&quot;_ha_eqh_enable&quot;:false}\">\n\t\t\t\t\t<div class=\"e-con-inner\">\n\t\t\t\t<div class=\"elementor-element elementor-element-b7b551b elementor-widget elementor-widget-text-editor\" data-id=\"b7b551b\" data-element_type=\"widget\" data-e-type=\"widget\" data-widget_type=\"text-editor.default\">\n\t\t\t\t<div class=\"elementor-widget-container\">\n\t\t\t\t\t\t\t\t\t<p>Benvenuti in Admetec!<\/p><p>I presenti termini e condizioni descrivono le norme e i regolamenti per l&#8217;utilizzo del sito web di Admetec, all&#8217;indirizzo www.admetec.com.<\/p><p>Accedendo a questo sito web, si presume che l&#8217;utente accetti i presenti termini e condizioni. Non continuare a utilizzare Admetec se non si accettano tutti i termini e le condizioni indicati in questa pagina.<\/p><p>La seguente terminologia si applica ai presenti Termini e condizioni, all&#8217;Informativa sulla privacy, alla Dichiarazione di non responsabilit\u00e0 e a tutti gli Accordi: \u201cCliente\u201d, \u201cTu\u201d e \u201cTuo\u201d si riferiscono a te, la persona che accede a questo sito web e che accetta i termini e le condizioni della Societ\u00e0. \u201cLa Societ\u00e0\u201d, \u201cNoi\u201d, \u2018Nostro\u2019 e \u201cCi\u201d si riferiscono alla nostra Societ\u00e0. \u201cParte\u201d, \u2018Parti\u2019 o \u201cNoi\u201d si riferiscono sia al Cliente che a noi stessi. Tutti i termini si riferiscono all&#8217;offerta, all&#8217;accettazione e alla considerazione del pagamento necessario per intraprendere il processo di assistenza al Cliente nel modo pi\u00f9 appropriato allo scopo espresso di soddisfare le esigenze del Cliente in relazione alla fornitura dei servizi dichiarati dalla Societ\u00e0, in conformit\u00e0 e nel rispetto della legge vigente dell&#8217;Illinois. Qualsiasi uso della terminologia di cui sopra o di altre parole al singolare, al plurale, in maiuscolo e\/o lui\/lei o loro, \u00e8 considerato intercambiabile e quindi riferito allo stesso concetto.<\/p><h4>Cookie<\/h4><p>Utilizziamo i cookie. Accedendo ad Admetec, l&#8217;utente accetta l&#8217;uso dei cookie in conformit\u00e0 con l&#8217;Informativa sulla privacy di Admetec.<\/p><p>La maggior parte dei siti web interattivi utilizza i cookie per consentirci di recuperare i dettagli dell&#8217;utente ad ogni visita. I cookie sono utilizzati dal nostro sito web per abilitare la funzionalit\u00e0 di alcune aree e facilitare la navigazione degli utenti. Anche alcuni dei nostri partner affiliati\/pubblicitari potrebbero utilizzare i cookie.<\/p><h4>Licenza<\/h4><p>Salvo diversa indicazione, Admetec e\/o i suoi licenziatari detengono i diritti di propriet\u00e0 intellettuale su tutto il materiale presente su Admetec. Tutti i diritti di propriet\u00e0 intellettuale sono riservati. \u00c8 possibile accedere a questo materiale da Admetec per uso personale, fatte salve le restrizioni stabilite nei presenti termini e condizioni.<\/p><p>Non \u00e8 consentito:<\/p><ul><li>Ripubblicare materiale proveniente da Admetec<\/li><li>Vendere, affittare o concedere in sublicenza materiale proveniente da Admetec<\/li><li>Riprodurre, duplicare o copiare materiale proveniente da Admetec<\/li><li>Redistribuire contenuti provenienti da Admetec.<\/li><\/ul><p>Il presente accordo ha inizio alla data odierna.<\/p><p>Alcune parti di questo sito web offrono agli utenti la possibilit\u00e0 di pubblicare e scambiare opinioni e informazioni in determinate aree del sito. Admetec non filtra, modifica, pubblica o revisiona i commenti prima della loro pubblicazione sul sito web. I commenti non riflettono le opinioni e i punti di vista di Admetec, dei suoi agenti e\/o affiliati. I commenti riflettono le opinioni e i punti di vista delle persone che li pubblicano. Nella misura consentita dalle leggi applicabili, Admetec non sar\u00e0 responsabile per i commenti o per qualsiasi responsabilit\u00e0, danno o spesa causati e\/o subiti a seguito dell&#8217;uso e\/o della pubblicazione e\/o della comparsa dei commenti su questo sito web.<\/p><p>Admetec si riserva il diritto di monitorare tutti i commenti e di rimuovere quelli che possono essere considerati inappropriati, offensivi o che violano i presenti Termini e condizioni.<\/p><p>L&#8217;utente garantisce e dichiara che:<\/p><ul><li>Hai il diritto di pubblicare i Commenti sul nostro sito web e disponi di tutte le licenze e i consensi necessari per farlo;<\/li><li>I Commenti non violano alcun diritto di propriet\u00e0 intellettuale, inclusi, senza limitazioni, diritti d&#8217;autore, brevetti o marchi commerciali di terzi;<\/li><li>I Commenti non contengono materiale diffamatorio, calunnioso, offensivo, indecente o altrimenti illegale che costituisca una violazione della privacy<\/li><li>I Commenti non saranno utilizzati per sollecitare o promuovere attivit\u00e0 commerciali o personalizzate o presentare attivit\u00e0 commerciali o attivit\u00e0 illegali.<\/li><\/ul><p>Con la presente concedi ad Admetec una licenza non esclusiva per utilizzare, riprodurre, modificare e autorizzare altri a utilizzare, riprodurre e modificare qualsiasi tuo Commento in qualsiasi forma, formato o mezzo di comunicazione.<\/p><h4>Collegamenti ipertestuali al nostro Contenuto<\/h4><p>Le seguenti organizzazioni possono collegarsi al nostro sito web senza previa autorizzazione scritta:<\/p><ul><li>Agenzie governative;<\/li><li>Motori di ricerca;<\/li><li>Organizzazioni giornalistiche;<\/li><li>I distributori di elenchi online possono collegarsi al nostro sito web allo stesso modo in cui si collegano ai siti web di altre aziende elencate; e<\/li><li>Aziende accreditate a livello di sistema, ad eccezione delle organizzazioni senza scopo di lucro, dei centri commerciali di beneficenza e dei gruppi di raccolta fondi di beneficenza, che non possono collegarsi al nostro sito web.<\/li><\/ul><p>Queste organizzazioni possono collegarsi alla nostra home page, alle pubblicazioni o ad altre informazioni del sito web, a condizione che il collegamento: (a) non sia in alcun modo ingannevole; (b) non implichi falsamente la sponsorizzazione, l&#8217;approvazione o l&#8217;avallo della parte che effettua il collegamento e dei suoi prodotti e\/o servizi; e (c) sia coerente con il contesto del sito della parte che effettua il collegamento.<\/p><p>Potremmo prendere in considerazione e approvare altre richieste di link provenienti dai seguenti tipi di organizzazioni:<\/p><ul><li>fonti di informazioni sui consumatori e\/o sulle imprese comunemente note;<\/li><li>siti della comunit\u00e0 dot.com;<\/li><li>associazioni o altri gruppi che rappresentano enti di beneficenza;<\/li><li>distributori di elenchi online;<\/li><li>portali Internet;<\/li><li>societ\u00e0 di contabilit\u00e0, legali e di consulenza; e<\/li><li>istituti di istruzione e associazioni di categoria.<\/li><\/ul><p>Approveremo le richieste di collegamento da parte di queste organizzazioni se decidiamo che: (a) il collegamento non ci farebbe apparire in modo sfavorevole nei confronti di noi stessi o delle nostre aziende accreditate; (b) l&#8217;organizzazione non ha alcun precedente negativo con noi; (c) il vantaggio per noi derivante dalla visibilit\u00e0 del collegamento ipertestuale compensa l&#8217;assenza di Admetec; e (d) il collegamento si inserisce nel contesto di informazioni generali sulle risorse.<\/p><p>Queste organizzazioni possono collegarsi alla nostra home page a condizione che il collegamento: (a) non sia in alcun modo ingannevole; (b) non implichi falsamente la sponsorizzazione, l&#8217;approvazione o l&#8217;avallo della parte che effettua il collegamento e dei suoi prodotti o servizi; e (c) sia coerente con il contesto del sito della parte che effettua il collegamento.<\/p><p>Se siete una delle organizzazioni elencate nel paragrafo 2 sopra riportato e siete interessati a creare un collegamento al nostro sito web, dovete informarci inviando un&#8217;e-mail ad Admetec. Vi preghiamo di includere il vostro nome, il nome della vostra organizzazione, le informazioni di contatto, l&#8217;URL del vostro sito, un elenco di tutti gli URL dai quali intendete creare un collegamento al nostro sito web e un elenco degli URL del nostro sito ai quali desiderate collegarvi. Attendete 2-3 settimane per una risposta.<\/p><p>Le organizzazioni approvate possono creare collegamenti ipertestuali al nostro sito web come segue:<\/p><ul><li>Utilizzando la nostra denominazione sociale; oppure<\/li><li>Utilizzando l&#8217;URL a cui si collega; oppure<\/li><li>Utilizzando qualsiasi altra descrizione del nostro sito web a cui si collega che abbia senso nel contesto e nel formato dei contenuti del sito della parte che crea il collegamento.<\/li><\/ul><p>Non \u00e8 consentito l&#8217;uso del logo di Admetec o di altre immagini per la creazione di collegamenti in assenza di un accordo di licenza del marchio.<\/p><h4>iFrame<\/h4><p>Senza previa approvazione e autorizzazione scritta, non \u00e8 consentito creare frame attorno alle nostre pagine web che alterino in alcun modo la presentazione visiva o l&#8217;aspetto del nostro sito web.<\/p><h4>Responsabilit\u00e0 per i contenuti<\/h4><p>Non saremo ritenuti responsabili per qualsiasi contenuto che appare sul sito web dell&#8217;utente. L&#8217;utente accetta di proteggerci e difenderci da tutte le rivendicazioni che sorgono sul suo sito web. Nessun link deve apparire su alcun sito web che possa essere interpretato come diffamatorio, osceno o criminale, o che violi, altrimenti contravvenga o sostenga la violazione o altra violazione dei diritti di terzi.<\/p><h4>Responsabilit\u00e0 per i contenuti<\/h4><p>Non saremo ritenuti responsabili per alcun contenuto che appare sul vostro sito web. Accettate di proteggerci e difenderci da tutte le rivendicazioni che potrebbero sorgere sul vostro sito web. Nessun link dovrebbe apparire su alcun sito web che possa essere interpretato come diffamatorio, osceno o criminale, o che violi, altrimenti infranga o sostenga la violazione o altra infrazione dei diritti di terzi.<\/p><h4>Rimozione di link dal nostro sito web<\/h4><p>Se l&#8217;utente trova sul nostro sito web un link che ritiene offensivo per qualsiasi motivo, \u00e8 libero di contattarci e informarci in qualsiasi momento. Prenderemo in considerazione le richieste di rimozione dei link, ma non siamo obbligati a farlo n\u00e9 a rispondere direttamente all&#8217;utente.<\/p><p>Non garantiamo la correttezza delle informazioni presenti su questo sito web, n\u00e9 ne garantiamo la completezza o l&#8217;accuratezza; non promettiamo inoltre di garantire che il sito web rimanga disponibile o che il materiale presente sul sito web sia mantenuto aggiornato.<\/p><h4>Esclusione di responsabilit\u00e0<\/h4><p>Nella misura massima consentita dalla legge applicabile, escludiamo tutte le dichiarazioni, garanzie e condizioni relative al nostro sito web e all&#8217;uso di questo sito web. Nulla in questa dichiarazione di non responsabilit\u00e0:<\/p><ul><li>limiter\u00e0 o escluder\u00e0 la nostra o la vostra responsabilit\u00e0 per morte o lesioni personali;<\/li><li>limiter\u00e0 o escluder\u00e0 la nostra o la vostra responsabilit\u00e0 per frode o dichiarazioni fraudolente;<\/li><li>limiter\u00e0 in alcun modo la nostra o la vostra responsabilit\u00e0 in modo non consentito dalla legge applicabile; o<\/li><li>escluder\u00e0 la nostra o la vostra responsabilit\u00e0 che non pu\u00f2 essere esclusa ai sensi della legge applicabile.<\/li><\/ul><p>Le limitazioni e le proibizioni di responsabilit\u00e0 stabilite nella presente Sezione e in altre parti della presente dichiarazione di non responsabilit\u00e0: (a) sono soggette al paragrafo precedente; e (b) regolano tutte le responsabilit\u00e0 derivanti dalla dichiarazione di non responsabilit\u00e0, comprese le responsabilit\u00e0 derivanti da contratto, da illecito civile e da violazione di obblighi di legge.<\/p><p>Fintanto che il sito web e le informazioni e i servizi presenti sul sito web sono forniti gratuitamente, non saremo responsabili per eventuali perdite o danni di qualsiasi natura.<\/p>\t\t\t\t\t\t\t\t<\/div>\n\t\t\t\t<\/div>\n\t\t\t\t<div class=\"elementor-element elementor-element-98d2444 elementor-widget elementor-widget-spacer\" data-id=\"98d2444\" data-element_type=\"widget\" data-e-type=\"widget\" data-widget_type=\"spacer.default\">\n\t\t\t\t<div class=\"elementor-widget-container\">\n\t\t\t\t\t\t\t<div class=\"elementor-spacer\">\n\t\t\t<div class=\"elementor-spacer-inner\"><\/div>\n\t\t<\/div>\n\t\t\t\t\t\t<\/div>\n\t\t\t\t<\/div>\n\t\t\t\t\t<\/div>\n\t\t\t\t<\/div>\n\t\t\t\t<\/div>\n\t\t","protected":false},"excerpt":{"rendered":"<p>Termini e condizioni Benvenuti in Admetec! I presenti termini e condizioni descrivono le norme e i regolamenti per l&#8217;utilizzo del sito web di Admetec, all&#8217;indirizzo www.admetec.com. Accedendo a questo sito web, si presume che l&#8217;utente accetti i presenti termini e condizioni. Non continuare a utilizzare Admetec se non si accettano tutti i termini e le [&hellip;]<\/p>\n","protected":false},"author":16,"featured_media":0,"parent":0,"menu_order":0,"comment_status":"closed","ping_status":"closed","template":"","meta":{"_acf_changed":false,"content-type":"","footnotes":""},"class_list":["post-6204","page","type-page","status-publish","hentry"],"acf":[],"yoast_head":"<!-- This site is optimized with the Yoast SEO plugin v25.9 - https:\/\/yoast.com\/wordpress\/plugins\/seo\/ -->\n<title>Terms and Conditions - ADMETEC<\/title>\n<meta name=\"robots\" content=\"index, follow, max-snippet:-1, max-image-preview:large, max-video-preview:-1\" \/>\n<link rel=\"canonical\" href=\"https:\/\/www.admetec.com\/it\/terms-and-conditions\/\" \/>\n<meta property=\"og:locale\" content=\"en_US\" \/>\n<meta property=\"og:type\" content=\"article\" \/>\n<meta property=\"og:title\" content=\"Terms and Conditions - ADMETEC\" \/>\n<meta property=\"og:description\" content=\"Termini e condizioni Benvenuti in Admetec! I presenti termini e condizioni descrivono le norme e i regolamenti per l&#8217;utilizzo del sito web di Admetec, all&#8217;indirizzo www.admetec.com. Accedendo a questo sito web, si presume che l&#8217;utente accetti i presenti termini e condizioni. Non continuare a utilizzare Admetec se non si accettano tutti i termini e le [&hellip;]\" \/>\n<meta property=\"og:url\" content=\"https:\/\/www.admetec.com\/it\/terms-and-conditions\/\" \/>\n<meta property=\"og:site_name\" content=\"ADMETEC\" \/>\n<meta property=\"article:publisher\" content=\"https:\/\/www.facebook.com\/admetec\" \/>\n<meta property=\"article:modified_time\" content=\"2025-09-26T07:51:20+00:00\" \/>\n<meta name=\"twitter:card\" content=\"summary_large_image\" \/>\n<meta name=\"twitter:site\" content=\"@admetec\" \/>\n<script type=\"application\/ld+json\" class=\"yoast-schema-graph\">{\"@context\":\"https:\/\/schema.org\",\"@graph\":[{\"@type\":\"WebPage\",\"@id\":\"https:\/\/www.admetec.com\/it\/terms-and-conditions\/\",\"url\":\"https:\/\/www.admetec.com\/it\/terms-and-conditions\/\",\"name\":\"Terms and Conditions - ADMETEC\",\"isPartOf\":{\"@id\":\"https:\/\/www.admetec.com\/it\/#website\"},\"datePublished\":\"2024-01-16T12:54:18+00:00\",\"dateModified\":\"2025-09-26T07:51:20+00:00\",\"breadcrumb\":{\"@id\":\"https:\/\/www.admetec.com\/it\/terms-and-conditions\/#breadcrumb\"},\"inLanguage\":\"en-US\",\"potentialAction\":[{\"@type\":\"ReadAction\",\"target\":[\"https:\/\/www.admetec.com\/it\/terms-and-conditions\/\"]}]},{\"@type\":\"BreadcrumbList\",\"@id\":\"https:\/\/www.admetec.com\/it\/terms-and-conditions\/#breadcrumb\",\"itemListElement\":[{\"@type\":\"ListItem\",\"position\":1,\"name\":\"Home\",\"item\":\"https:\/\/www.admetec.com\/it\/\"},{\"@type\":\"ListItem\",\"position\":2,\"name\":\"Terms and Conditions\"}]},{\"@type\":\"WebSite\",\"@id\":\"https:\/\/www.admetec.com\/it\/#website\",\"url\":\"https:\/\/www.admetec.com\/it\/\",\"name\":\"ADMETEC\",\"description\":\"We&#039;ve got your back\",\"publisher\":{\"@id\":\"https:\/\/www.admetec.com\/it\/#organization\"},\"potentialAction\":[{\"@type\":\"SearchAction\",\"target\":{\"@type\":\"EntryPoint\",\"urlTemplate\":\"https:\/\/www.admetec.com\/it\/?s={search_term_string}\"},\"query-input\":{\"@type\":\"PropertyValueSpecification\",\"valueRequired\":true,\"valueName\":\"search_term_string\"}}],\"inLanguage\":\"en-US\"},{\"@type\":\"Organization\",\"@id\":\"https:\/\/www.admetec.com\/it\/#organization\",\"name\":\"ADMETEC\",\"url\":\"https:\/\/www.admetec.com\/it\/\",\"logo\":{\"@type\":\"ImageObject\",\"inLanguage\":\"en-US\",\"@id\":\"https:\/\/www.admetec.com\/it\/#\/schema\/logo\/image\/\",\"url\":\"https:\/\/www.admetec.com\/it\/wp-content\/uploads\/2024\/07\/admetec-logo.webp\",\"contentUrl\":\"https:\/\/www.admetec.com\/it\/wp-content\/uploads\/2024\/07\/admetec-logo.webp\",\"width\":397,\"height\":100,\"caption\":\"ADMETEC\"},\"image\":{\"@id\":\"https:\/\/www.admetec.com\/it\/#\/schema\/logo\/image\/\"},\"sameAs\":[\"https:\/\/www.facebook.com\/admetec\",\"https:\/\/x.com\/admetec\"]}]}<\/script>\n<!-- \/ Yoast SEO plugin. -->","yoast_head_json":{"title":"Terms and Conditions - ADMETEC","robots":{"index":"index","follow":"follow","max-snippet":"max-snippet:-1","max-image-preview":"max-image-preview:large","max-video-preview":"max-video-preview:-1"},"canonical":"https:\/\/www.admetec.com\/it\/terms-and-conditions\/","og_locale":"en_US","og_type":"article","og_title":"Terms and Conditions - ADMETEC","og_description":"Termini e condizioni Benvenuti in Admetec! I presenti termini e condizioni descrivono le norme e i regolamenti per l&#8217;utilizzo del sito web di Admetec, all&#8217;indirizzo www.admetec.com. Accedendo a questo sito web, si presume che l&#8217;utente accetti i presenti termini e condizioni. Non continuare a utilizzare Admetec se non si accettano tutti i termini e le [&hellip;]","og_url":"https:\/\/www.admetec.com\/it\/terms-and-conditions\/","og_site_name":"ADMETEC","article_publisher":"https:\/\/www.facebook.com\/admetec","article_modified_time":"2025-09-26T07:51:20+00:00","twitter_card":"summary_large_image","twitter_site":"@admetec","schema":{"@context":"https:\/\/schema.org","@graph":[{"@type":"WebPage","@id":"https:\/\/www.admetec.com\/it\/terms-and-conditions\/","url":"https:\/\/www.admetec.com\/it\/terms-and-conditions\/","name":"Terms and Conditions - ADMETEC","isPartOf":{"@id":"https:\/\/www.admetec.com\/it\/#website"},"datePublished":"2024-01-16T12:54:18+00:00","dateModified":"2025-09-26T07:51:20+00:00","breadcrumb":{"@id":"https:\/\/www.admetec.com\/it\/terms-and-conditions\/#breadcrumb"},"inLanguage":"en-US","potentialAction":[{"@type":"ReadAction","target":["https:\/\/www.admetec.com\/it\/terms-and-conditions\/"]}]},{"@type":"BreadcrumbList","@id":"https:\/\/www.admetec.com\/it\/terms-and-conditions\/#breadcrumb","itemListElement":[{"@type":"ListItem","position":1,"name":"Home","item":"https:\/\/www.admetec.com\/it\/"},{"@type":"ListItem","position":2,"name":"Terms and Conditions"}]},{"@type":"WebSite","@id":"https:\/\/www.admetec.com\/it\/#website","url":"https:\/\/www.admetec.com\/it\/","name":"ADMETEC","description":"We&#039;ve got your back","publisher":{"@id":"https:\/\/www.admetec.com\/it\/#organization"},"potentialAction":[{"@type":"SearchAction","target":{"@type":"EntryPoint","urlTemplate":"https:\/\/www.admetec.com\/it\/?s={search_term_string}"},"query-input":{"@type":"PropertyValueSpecification","valueRequired":true,"valueName":"search_term_string"}}],"inLanguage":"en-US"},{"@type":"Organization","@id":"https:\/\/www.admetec.com\/it\/#organization","name":"ADMETEC","url":"https:\/\/www.admetec.com\/it\/","logo":{"@type":"ImageObject","inLanguage":"en-US","@id":"https:\/\/www.admetec.com\/it\/#\/schema\/logo\/image\/","url":"https:\/\/www.admetec.com\/it\/wp-content\/uploads\/2024\/07\/admetec-logo.webp","contentUrl":"https:\/\/www.admetec.com\/it\/wp-content\/uploads\/2024\/07\/admetec-logo.webp","width":397,"height":100,"caption":"ADMETEC"},"image":{"@id":"https:\/\/www.admetec.com\/it\/#\/schema\/logo\/image\/"},"sameAs":["https:\/\/www.facebook.com\/admetec","https:\/\/x.com\/admetec"]}]}},"_links":{"self":[{"href":"https:\/\/www.admetec.com\/it\/wp-json\/wp\/v2\/pages\/6204","targetHints":{"allow":["GET"]}}],"collection":[{"href":"https:\/\/www.admetec.com\/it\/wp-json\/wp\/v2\/pages"}],"about":[{"href":"https:\/\/www.admetec.com\/it\/wp-json\/wp\/v2\/types\/page"}],"author":[{"embeddable":true,"href":"https:\/\/www.admetec.com\/it\/wp-json\/wp\/v2\/users\/16"}],"replies":[{"embeddable":true,"href":"https:\/\/www.admetec.com\/it\/wp-json\/wp\/v2\/comments?post=6204"}],"version-history":[{"count":17,"href":"https:\/\/www.admetec.com\/it\/wp-json\/wp\/v2\/pages\/6204\/revisions"}],"predecessor-version":[{"id":11980,"href":"https:\/\/www.admetec.com\/it\/wp-json\/wp\/v2\/pages\/6204\/revisions\/11980"}],"wp:attachment":[{"href":"https:\/\/www.admetec.com\/it\/wp-json\/wp\/v2\/media?parent=6204"}],"curies":[{"name":"wp","href":"https:\/\/api.w.org\/{rel}","templated":true}]}}