{"id":10295,"date":"2025-02-17T07:16:18","date_gmt":"2025-02-17T07:16:18","guid":{"rendered":"https:\/\/www.admetec.com\/no\/?page_id=10295"},"modified":"2026-05-05T14:51:23","modified_gmt":"2026-05-05T11:51:23","slug":"side-shields","status":"publish","type":"page","link":"https:\/\/www.admetec.com\/no\/side-shields\/","title":{"rendered":"Sideskjermer"},"content":{"rendered":"\t\t<div data-elementor-type=\"wp-page\" data-elementor-id=\"10295\" class=\"elementor elementor-10295\" data-elementor-settings=\"{&quot;ha_cmc_init_switcher&quot;:&quot;no&quot;}\" data-elementor-post-type=\"page\">\n\t\t\t\t<div class=\"elementor-element elementor-element-5147365 elementor-hidden-mobile e-flex e-con-boxed e-con e-parent\" data-id=\"5147365\" data-element_type=\"container\" data-settings=\"{&quot;background_background&quot;:&quot;classic&quot;,&quot;_ha_eqh_enable&quot;:false}\">\n\t\t\t\t\t<div class=\"e-con-inner\">\n\t\t<div class=\"elementor-element elementor-element-a64fa7f e-con-full e-flex e-con e-child\" data-id=\"a64fa7f\" data-element_type=\"container\" data-settings=\"{&quot;_ha_eqh_enable&quot;:false}\">\n\t\t\t\t<div class=\"elementor-element elementor-element-7d27a11 elementor-widget elementor-widget-heading\" data-id=\"7d27a11\" data-element_type=\"widget\" data-widget_type=\"heading.default\">\n\t\t\t\t<div class=\"elementor-widget-container\">\n\t\t\t\t\t<div class=\"elementor-heading-title elementor-size-default\">Tilbeh\u00f8r &gt;  Sideskjermer<\/div>\t\t\t\t<\/div>\n\t\t\t\t<\/div>\n\t\t\t\t<div class=\"elementor-element elementor-element-78ce354 elementor-widget__width-initial elementor-widget-tablet__width-inherit elementor-widget elementor-widget-heading\" data-id=\"78ce354\" data-element_type=\"widget\" data-widget_type=\"heading.default\">\n\t\t\t\t<div class=\"elementor-widget-container\">\n\t\t\t\t\t<div class=\"elementor-heading-title elementor-size-default\">Sideskjermer<\/div>\t\t\t\t<\/div>\n\t\t\t\t<\/div>\n\t\t\t\t<\/div>\n\t\t\t\t\t<\/div>\n\t\t\t\t<\/div>\n\t\t<div class=\"elementor-element elementor-element-bc45ab7 elementor-hidden-desktop elementor-hidden-laptop elementor-hidden-tablet e-flex e-con-boxed e-con e-parent\" data-id=\"bc45ab7\" data-element_type=\"container\" data-settings=\"{&quot;background_background&quot;:&quot;classic&quot;,&quot;_ha_eqh_enable&quot;:false}\">\n\t\t\t\t\t<div class=\"e-con-inner\">\n\t\t<div class=\"elementor-element elementor-element-63dbbd4 e-con-full e-flex e-con e-child\" data-id=\"63dbbd4\" data-element_type=\"container\" data-settings=\"{&quot;_ha_eqh_enable&quot;:false}\">\n\t\t\t\t<div class=\"elementor-element elementor-element-d545881 elementor-widget elementor-widget-heading\" data-id=\"d545881\" data-element_type=\"widget\" data-widget_type=\"heading.default\">\n\t\t\t\t<div class=\"elementor-widget-container\">\n\t\t\t\t\t<div class=\"elementor-heading-title elementor-size-default\">Products &gt; Loupes<\/div>\t\t\t\t<\/div>\n\t\t\t\t<\/div>\n\t\t\t\t<div class=\"elementor-element elementor-element-7eb0e79 elementor-widget__width-initial elementor-widget-mobile__width-inherit elementor-absolute elementor-widget elementor-widget-heading\" data-id=\"7eb0e79\" data-element_type=\"widget\" data-settings=\"{&quot;_position&quot;:&quot;absolute&quot;}\" data-widget_type=\"heading.default\">\n\t\t\t\t<div class=\"elementor-widget-container\">\n\t\t\t\t\t<div class=\"elementor-heading-title elementor-size-default\">Ergo<\/div>\t\t\t\t<\/div>\n\t\t\t\t<\/div>\n\t\t\t\t<\/div>\n\t\t\t\t\t<\/div>\n\t\t\t\t<\/div>\n\t\t<div class=\"elementor-element elementor-element-deb686e e-flex e-con-boxed e-con e-parent\" data-id=\"deb686e\" data-element_type=\"container\" data-settings=\"{&quot;background_background&quot;:&quot;classic&quot;,&quot;_ha_eqh_enable&quot;:false}\">\n\t\t\t\t\t<div class=\"e-con-inner\">\n\t\t<div class=\"elementor-element elementor-element-39cc073 e-con-full e-flex e-con e-child\" data-id=\"39cc073\" data-element_type=\"container\" data-settings=\"{&quot;_ha_eqh_enable&quot;:false}\">\n\t\t\t\t<div class=\"elementor-element elementor-element-99b8e2f elementor-widget elementor-widget-image\" data-id=\"99b8e2f\" data-element_type=\"widget\" data-widget_type=\"image.default\">\n\t\t\t\t<div class=\"elementor-widget-container\">\n\t\t\t\t\t\t\t\t\t\t\t\t\t\t\t<img fetchpriority=\"high\" decoding=\"async\" width=\"800\" height=\"534\" src=\"https:\/\/www.admetec.com\/no\/wp-content\/uploads\/2025\/02\/admetec-side-shields-1024x683.jpg\" class=\"attachment-large size-large wp-image-10296\" alt=\"\" srcset=\"https:\/\/www.admetec.com\/no\/wp-content\/uploads\/2025\/02\/admetec-side-shields-1024x683.jpg 1024w, https:\/\/www.admetec.com\/no\/wp-content\/uploads\/2025\/02\/admetec-side-shields-350x233.jpg 350w, https:\/\/www.admetec.com\/no\/wp-content\/uploads\/2025\/02\/admetec-side-shields-768x512.jpg 768w, https:\/\/www.admetec.com\/no\/wp-content\/uploads\/2025\/02\/admetec-side-shields.jpg 1200w\" sizes=\"(max-width: 800px) 100vw, 800px\" \/>\t\t\t\t\t\t\t\t\t\t\t\t\t\t\t<\/div>\n\t\t\t\t<\/div>\n\t\t\t\t<\/div>\n\t\t<div class=\"elementor-element elementor-element-571e3be e-con-full e-flex e-con e-child\" data-id=\"571e3be\" data-element_type=\"container\" data-settings=\"{&quot;_ha_eqh_enable&quot;:false}\">\n\t\t<div class=\"elementor-element elementor-element-b62a72f e-con-full glss-container e-flex e-con e-child\" data-id=\"b62a72f\" data-element_type=\"container\" data-settings=\"{&quot;_ha_eqh_enable&quot;:false}\">\n\t\t\t\t<div class=\"elementor-element elementor-element-5eb64b6 elementor-widget__width-initial elementor-widget elementor-widget-heading\" data-id=\"5eb64b6\" data-element_type=\"widget\" data-widget_type=\"heading.default\">\n\t\t\t\t<div class=\"elementor-widget-container\">\n\t\t\t\t\t<h5 class=\"elementor-heading-title elementor-size-default\">Forbedret beskyttelse. <br>Sideskjermer til luppen din\n<\/h5>\t\t\t\t<\/div>\n\t\t\t\t<\/div>\n\t\t\t\t<div class=\"elementor-element elementor-element-a7e3cb3 elementor-widget elementor-widget-text-editor\" data-id=\"a7e3cb3\" data-element_type=\"widget\" data-widget_type=\"text-editor.default\">\n\t\t\t\t<div class=\"elementor-widget-container\">\n\t\t\t\t\t\t\t\t\t<div class=\"flex max-w-full flex-col flex-grow\"><div class=\"min-h-8 text-message flex w-full flex-col items-end gap-2 whitespace-normal break-words [.text-message+&amp;]:mt-5\" dir=\"auto\" data-message-author-role=\"assistant\" data-message-id=\"b49bd566-02ba-41f0-9e25-33bb5fecb86d\" data-message-model-slug=\"gpt-4o\"><div class=\"flex w-full flex-col gap-1 empty:hidden first:pt-[3px]\"><div class=\"markdown prose w-full break-words dark:prose-invert light\"><p>Sikre maksimal sikkerhet og komfort med v\u00e5re sideskjermer, som gir et ekstra beskyttelseslag under prosedyrer. Disse lette skjermene integreres s\u00f8ml\u00f8st med luperammene dine og gir en sikker passform uten \u00e5 g\u00e5 p\u00e5 kompromiss med synsfelt eller komfort.<\/p><\/div><\/div><\/div><\/div>\t\t\t\t\t\t\t\t<\/div>\n\t\t\t\t<\/div>\n\t\t\t\t<div class=\"elementor-element elementor-element-682231f elementor-widget__width-initial spec-sale-areas elementor-widget elementor-widget-ha-creative-button happy-addon ha-creative-button\" data-id=\"682231f\" data-element_type=\"widget\" data-widget_type=\"ha-creative-button.default\">\n\t\t\t\t<div class=\"elementor-widget-container\">\n\t\t\t\t\t\t\t<div data-magnetic=\"no\" class=\"ha-creative-btn-wrap\">\n\t\t\t<a class=\"ha-creative-btn ha-stl--symbolab ha-eft--back-out-right\" href=\"https:\/\/shop.admetec.com\/products\/side-shields\" rel=\"nofollow\">Kj\u00f8p dette tilbeh\u00f8ret<i aria-hidden=\"true\" class=\"far fa-angle-right\"><\/i><\/a>\n\t\t<\/div>\t\t\t\t<\/div>\n\t\t\t\t<\/div>\n\t\t\t\t<\/div>\n\t\t\t\t<\/div>\n\t\t\t\t\t<\/div>\n\t\t\t\t<\/div>\n\t\t<div class=\"elementor-element elementor-element-ec85865 e-flex e-con-boxed e-con e-parent\" data-id=\"ec85865\" data-element_type=\"container\" data-settings=\"{&quot;background_background&quot;:&quot;classic&quot;,&quot;_ha_eqh_enable&quot;:false}\">\n\t\t\t\t\t<div class=\"e-con-inner\">\n\t\t<div class=\"elementor-element elementor-element-0540929 e-con-full e-flex e-con e-child\" data-id=\"0540929\" data-element_type=\"container\" data-settings=\"{&quot;_ha_eqh_enable&quot;:false}\">\n\t\t\t\t<div class=\"elementor-element elementor-element-fd4fba2 elementor-widget elementor-widget-heading\" data-id=\"fd4fba2\" data-element_type=\"widget\" data-widget_type=\"heading.default\">\n\t\t\t\t<div class=\"elementor-widget-container\">\n\t\t\t\t\t<h2 class=\"elementor-heading-title elementor-size-default\">Optimal presisjon for alle prosedyrer<\/h2>\t\t\t\t<\/div>\n\t\t\t\t<\/div>\n\t\t<div class=\"elementor-element elementor-element-905320d e-con-full glss-container e-flex e-con e-child\" data-id=\"905320d\" data-element_type=\"container\" data-settings=\"{&quot;_ha_eqh_enable&quot;:false}\">\n\t\t\t\t<div class=\"elementor-element elementor-element-b0cf7cb elementor-widget elementor-widget-text-editor\" data-id=\"b0cf7cb\" data-element_type=\"widget\" data-widget_type=\"text-editor.default\">\n\t\t\t\t<div class=\"elementor-widget-container\">\n\t\t\t\t\t\t\t\t\t<div class=\"flex max-w-full flex-col flex-grow\"><div class=\"min-h-8 text-message flex w-full flex-col items-end gap-2 whitespace-normal break-words [.text-message+&amp;]:mt-5\" dir=\"auto\" data-message-author-role=\"assistant\" data-message-id=\"b49bd566-02ba-41f0-9e25-33bb5fecb86d\" data-message-model-slug=\"gpt-4o\"><div class=\"flex w-full flex-col gap-1 empty:hidden first:pt-[3px]\"><div class=\"markdown prose w-full break-words dark:prose-invert light\"><ul data-start=\"681\" data-end=\"1083\"><li data-start=\"681\" data-end=\"754\"><strong>\u00d8kt sikkerhet:<\/strong> Beskytter mot sprut, aerosoler og partikler.<\/li><li data-start=\"755\" data-end=\"826\"><strong>S\u00f8ml\u00f8s passform:<\/strong> Utviklet for \u00e5 passe alle v\u00e5re luperammer.<\/li><li data-start=\"827\" data-end=\"906\"><strong>Komfortabel og lett:<\/strong> Legger ikke til un\u00f8dig vekt eller trykk.<\/li><li data-start=\"907\" data-end=\"988\"><strong>Enkel \u00e5 montere og ta av:<\/strong> Rask installasjon og enkel rengj\u00f8ring.<\/li><li data-start=\"989\" data-end=\"1083\"><strong>Holdbar og gjennomsiktig:<\/strong> Laget av h\u00f8ykvalitets klart materiale for ubegrenset synsfelt.<\/li><\/ul><\/div><\/div><\/div><\/div>\t\t\t\t\t\t\t\t<\/div>\n\t\t\t\t<\/div>\n\t\t\t\t<div class=\"elementor-element elementor-element-c0b4575 elementor-widget elementor-widget-text-editor\" data-id=\"c0b4575\" data-element_type=\"widget\" data-widget_type=\"text-editor.default\">\n\t\t\t\t<div class=\"elementor-widget-container\">\n\t\t\t\t\t\t\t\t\t<div class=\"flex max-w-full flex-col flex-grow\"><p>Ideell for tannlege- og kirurgiprofesjonelle, v\u00e5re sideskjermer forbedrer ditt personlige verneutstyr (PPE) uten \u00e5 forstyrre arbeidsflyten. Hold fokus og trygghet med et ekstra beskyttelseslag.<\/p><\/div>\t\t\t\t\t\t\t\t<\/div>\n\t\t\t\t<\/div>\n\t\t\t\t<\/div>\n\t\t\t\t<\/div>\n\t\t<div class=\"elementor-element elementor-element-1aa4f2e e-con-full e-flex e-con e-child\" data-id=\"1aa4f2e\" data-element_type=\"container\" data-settings=\"{&quot;_ha_eqh_enable&quot;:false}\">\n\t\t\t\t<div class=\"elementor-element elementor-element-20cff35 elementor-widget__width-initial elementor-widget elementor-widget-image\" data-id=\"20cff35\" data-element_type=\"widget\" data-widget_type=\"image.default\">\n\t\t\t\t<div class=\"elementor-widget-container\">\n\t\t\t\t\t\t\t\t\t\t\t\t\t\t\t<img decoding=\"async\" width=\"800\" height=\"800\" src=\"https:\/\/www.admetec.com\/no\/wp-content\/uploads\/2025\/02\/side-shields-admetec-protective-gear-for-dentists.jpg\" class=\"attachment-large size-large wp-image-10299\" alt=\"\" srcset=\"https:\/\/www.admetec.com\/no\/wp-content\/uploads\/2025\/02\/side-shields-admetec-protective-gear-for-dentists.jpg 900w, https:\/\/www.admetec.com\/no\/wp-content\/uploads\/2025\/02\/side-shields-admetec-protective-gear-for-dentists-350x350.jpg 350w, https:\/\/www.admetec.com\/no\/wp-content\/uploads\/2025\/02\/side-shields-admetec-protective-gear-for-dentists-150x150.jpg 150w, https:\/\/www.admetec.com\/no\/wp-content\/uploads\/2025\/02\/side-shields-admetec-protective-gear-for-dentists-768x768.jpg 768w\" sizes=\"(max-width: 800px) 100vw, 800px\" \/>\t\t\t\t\t\t\t\t\t\t\t\t\t\t\t<\/div>\n\t\t\t\t<\/div>\n\t\t\t\t<\/div>\n\t\t\t\t\t<\/div>\n\t\t\t\t<\/div>\n\t\t<div class=\"elementor-element elementor-element-18d5585 elementor-hidden-desktop elementor-hidden-laptop elementor-hidden-tablet elementor-hidden-mobile e-flex e-con-boxed e-con e-parent\" data-id=\"18d5585\" data-element_type=\"container\" data-settings=\"{&quot;_ha_eqh_enable&quot;:false}\">\n\t\t\t\t\t<div class=\"e-con-inner\">\n\t\t\t\t<div class=\"elementor-element elementor-element-7da34f8 elementor-widget elementor-widget-heading\" data-id=\"7da34f8\" data-element_type=\"widget\" data-widget_type=\"heading.default\">\n\t\t\t\t<div class=\"elementor-widget-container\">\n\t\t\t\t\t<h2 class=\"elementor-heading-title elementor-size-default\">How to mount Side Shields on your loupes<\/h2>\t\t\t\t<\/div>\n\t\t\t\t<\/div>\n\t\t\t\t<div class=\"elementor-element elementor-element-6687586 elementor-widget elementor-widget-video\" data-id=\"6687586\" data-element_type=\"widget\" data-settings=\"{&quot;youtube_url&quot;:&quot;https:\\\/\\\/youtu.be\\\/Ql9aBMDiyRg&quot;,&quot;video_type&quot;:&quot;youtube&quot;,&quot;controls&quot;:&quot;yes&quot;}\" data-widget_type=\"video.default\">\n\t\t\t\t<div class=\"elementor-widget-container\">\n\t\t\t\t\t\t\t<div class=\"elementor-wrapper elementor-open-inline\">\n\t\t\t<div class=\"elementor-video\"><\/div>\t\t<\/div>\n\t\t\t\t\t\t<\/div>\n\t\t\t\t<\/div>\n\t\t\t\t\t<\/div>\n\t\t\t\t<\/div>\n\t\t\t\t<\/div>\n\t\t","protected":false},"excerpt":{"rendered":"<p>Tilbeh\u00f8r &gt; Sideskjermer Sideskjermer Products &gt; Loupes Ergo Forbedret beskyttelse. Sideskjermer til luppen din Sikre maksimal sikkerhet og komfort med v\u00e5re sideskjermer, som gir et ekstra beskyttelseslag under prosedyrer. Disse lette skjermene integreres s\u00f8ml\u00f8st med luperammene dine og gir en sikker passform uten \u00e5 g\u00e5 p\u00e5 kompromiss med synsfelt eller komfort. Kj\u00f8p dette tilbeh\u00f8ret Optimal [&hellip;]<\/p>\n","protected":false},"author":14,"featured_media":10296,"parent":0,"menu_order":1,"comment_status":"closed","ping_status":"closed","template":"","meta":{"_acf_changed":false,"content-type":"","footnotes":""},"class_list":["post-10295","page","type-page","status-publish","has-post-thumbnail","hentry"],"acf":[],"yoast_head":"<!-- This site is optimized with the Yoast SEO plugin v25.3 - https:\/\/yoast.com\/wordpress\/plugins\/seo\/ -->\n<title>Sideskjermer - ADMETEC<\/title>\n<meta name=\"description\" content=\"Sikre maksimal sikkerhet og komfort med v\u00e5re sideskjermer, som gir et ekstra beskyttelseslag under prosedyrer. Disse lette skjermene integreres s\u00f8ml\u00f8st med luperammene dine og gir en sikker passform uten \u00e5 g\u00e5 p\u00e5 kompromiss med synsfelt eller komfort.\" \/>\n<meta name=\"robots\" content=\"index, follow, max-snippet:-1, max-image-preview:large, max-video-preview:-1\" \/>\n<link rel=\"canonical\" href=\"https:\/\/www.admetec.com\/no\/side-shields\/\" \/>\n<meta property=\"og:locale\" content=\"en_US\" \/>\n<meta property=\"og:type\" content=\"article\" \/>\n<meta property=\"og:title\" content=\"Sideskjermer - ADMETEC\" \/>\n<meta property=\"og:description\" content=\"Sikre maksimal sikkerhet og komfort med v\u00e5re sideskjermer, som gir et ekstra beskyttelseslag under prosedyrer. Disse lette skjermene integreres s\u00f8ml\u00f8st med luperammene dine og gir en sikker passform uten \u00e5 g\u00e5 p\u00e5 kompromiss med synsfelt eller komfort.\" \/>\n<meta property=\"og:url\" content=\"https:\/\/www.admetec.com\/no\/side-shields\/\" \/>\n<meta property=\"og:site_name\" content=\"ADMETEC\" \/>\n<meta property=\"article:publisher\" content=\"https:\/\/www.facebook.com\/admetec\" \/>\n<meta property=\"article:modified_time\" content=\"2026-05-05T11:51:23+00:00\" \/>\n<meta property=\"og:image\" content=\"https:\/\/www.admetec.com\/no\/wp-content\/uploads\/2025\/02\/admetec-side-shields.jpg\" \/>\n\t<meta property=\"og:image:width\" content=\"1200\" \/>\n\t<meta property=\"og:image:height\" content=\"800\" \/>\n\t<meta property=\"og:image:type\" content=\"image\/jpeg\" \/>\n<meta name=\"twitter:card\" content=\"summary_large_image\" \/>\n<meta name=\"twitter:site\" content=\"@admetec\" \/>\n<meta name=\"twitter:label1\" content=\"Est. reading time\" \/>\n\t<meta name=\"twitter:data1\" content=\"2 minutes\" \/>\n<script type=\"application\/ld+json\" class=\"yoast-schema-graph\">{\"@context\":\"https:\/\/schema.org\",\"@graph\":[{\"@type\":\"WebPage\",\"@id\":\"https:\/\/www.admetec.com\/no\/side-shields\/\",\"url\":\"https:\/\/www.admetec.com\/no\/side-shields\/\",\"name\":\"Sideskjermer - ADMETEC\",\"isPartOf\":{\"@id\":\"https:\/\/www.admetec.com\/no\/#website\"},\"primaryImageOfPage\":{\"@id\":\"https:\/\/www.admetec.com\/no\/side-shields\/#primaryimage\"},\"image\":{\"@id\":\"https:\/\/www.admetec.com\/no\/side-shields\/#primaryimage\"},\"thumbnailUrl\":\"https:\/\/www.admetec.com\/no\/wp-content\/uploads\/2025\/02\/admetec-side-shields.jpg\",\"datePublished\":\"2025-02-17T07:16:18+00:00\",\"dateModified\":\"2026-05-05T11:51:23+00:00\",\"description\":\"Sikre maksimal sikkerhet og komfort med v\u00e5re sideskjermer, som gir et ekstra beskyttelseslag under prosedyrer. Disse lette skjermene integreres s\u00f8ml\u00f8st med luperammene dine og gir en sikker passform uten \u00e5 g\u00e5 p\u00e5 kompromiss med synsfelt eller komfort.\",\"breadcrumb\":{\"@id\":\"https:\/\/www.admetec.com\/no\/side-shields\/#breadcrumb\"},\"inLanguage\":\"en-US\",\"potentialAction\":[{\"@type\":\"ReadAction\",\"target\":[\"https:\/\/www.admetec.com\/no\/side-shields\/\"]}]},{\"@type\":\"ImageObject\",\"inLanguage\":\"en-US\",\"@id\":\"https:\/\/www.admetec.com\/no\/side-shields\/#primaryimage\",\"url\":\"https:\/\/www.admetec.com\/no\/wp-content\/uploads\/2025\/02\/admetec-side-shields.jpg\",\"contentUrl\":\"https:\/\/www.admetec.com\/no\/wp-content\/uploads\/2025\/02\/admetec-side-shields.jpg\",\"width\":1200,\"height\":800},{\"@type\":\"BreadcrumbList\",\"@id\":\"https:\/\/www.admetec.com\/no\/side-shields\/#breadcrumb\",\"itemListElement\":[{\"@type\":\"ListItem\",\"position\":1,\"name\":\"Home\",\"item\":\"https:\/\/www.admetec.com\/no\/\"},{\"@type\":\"ListItem\",\"position\":2,\"name\":\"Sideskjermer\"}]},{\"@type\":\"WebSite\",\"@id\":\"https:\/\/www.admetec.com\/no\/#website\",\"url\":\"https:\/\/www.admetec.com\/no\/\",\"name\":\"ADMETEC\",\"description\":\"We&#039;ve got your back\",\"publisher\":{\"@id\":\"https:\/\/www.admetec.com\/no\/#organization\"},\"potentialAction\":[{\"@type\":\"SearchAction\",\"target\":{\"@type\":\"EntryPoint\",\"urlTemplate\":\"https:\/\/www.admetec.com\/no\/?s={search_term_string}\"},\"query-input\":{\"@type\":\"PropertyValueSpecification\",\"valueRequired\":true,\"valueName\":\"search_term_string\"}}],\"inLanguage\":\"en-US\"},{\"@type\":\"Organization\",\"@id\":\"https:\/\/www.admetec.com\/no\/#organization\",\"name\":\"ADMETEC\",\"url\":\"https:\/\/www.admetec.com\/no\/\",\"logo\":{\"@type\":\"ImageObject\",\"inLanguage\":\"en-US\",\"@id\":\"https:\/\/www.admetec.com\/no\/#\/schema\/logo\/image\/\",\"url\":\"https:\/\/www.admetec.com\/no\/wp-content\/uploads\/2024\/07\/admetec-logo.webp\",\"contentUrl\":\"https:\/\/www.admetec.com\/no\/wp-content\/uploads\/2024\/07\/admetec-logo.webp\",\"width\":397,\"height\":100,\"caption\":\"ADMETEC\"},\"image\":{\"@id\":\"https:\/\/www.admetec.com\/no\/#\/schema\/logo\/image\/\"},\"sameAs\":[\"https:\/\/www.facebook.com\/admetec\",\"https:\/\/x.com\/admetec\"]}]}<\/script>\n<!-- \/ Yoast SEO plugin. -->","yoast_head_json":{"title":"Sideskjermer - ADMETEC","description":"Sikre maksimal sikkerhet og komfort med v\u00e5re sideskjermer, som gir et ekstra beskyttelseslag under prosedyrer. Disse lette skjermene integreres s\u00f8ml\u00f8st med luperammene dine og gir en sikker passform uten \u00e5 g\u00e5 p\u00e5 kompromiss med synsfelt eller komfort.","robots":{"index":"index","follow":"follow","max-snippet":"max-snippet:-1","max-image-preview":"max-image-preview:large","max-video-preview":"max-video-preview:-1"},"canonical":"https:\/\/www.admetec.com\/no\/side-shields\/","og_locale":"en_US","og_type":"article","og_title":"Sideskjermer - ADMETEC","og_description":"Sikre maksimal sikkerhet og komfort med v\u00e5re sideskjermer, som gir et ekstra beskyttelseslag under prosedyrer. Disse lette skjermene integreres s\u00f8ml\u00f8st med luperammene dine og gir en sikker passform uten \u00e5 g\u00e5 p\u00e5 kompromiss med synsfelt eller komfort.","og_url":"https:\/\/www.admetec.com\/no\/side-shields\/","og_site_name":"ADMETEC","article_publisher":"https:\/\/www.facebook.com\/admetec","article_modified_time":"2026-05-05T11:51:23+00:00","og_image":[{"width":1200,"height":800,"url":"https:\/\/www.admetec.com\/no\/wp-content\/uploads\/2025\/02\/admetec-side-shields.jpg","type":"image\/jpeg"}],"twitter_card":"summary_large_image","twitter_site":"@admetec","twitter_misc":{"Est. reading time":"2 minutes"},"schema":{"@context":"https:\/\/schema.org","@graph":[{"@type":"WebPage","@id":"https:\/\/www.admetec.com\/no\/side-shields\/","url":"https:\/\/www.admetec.com\/no\/side-shields\/","name":"Sideskjermer - ADMETEC","isPartOf":{"@id":"https:\/\/www.admetec.com\/no\/#website"},"primaryImageOfPage":{"@id":"https:\/\/www.admetec.com\/no\/side-shields\/#primaryimage"},"image":{"@id":"https:\/\/www.admetec.com\/no\/side-shields\/#primaryimage"},"thumbnailUrl":"https:\/\/www.admetec.com\/no\/wp-content\/uploads\/2025\/02\/admetec-side-shields.jpg","datePublished":"2025-02-17T07:16:18+00:00","dateModified":"2026-05-05T11:51:23+00:00","description":"Sikre maksimal sikkerhet og komfort med v\u00e5re sideskjermer, som gir et ekstra beskyttelseslag under prosedyrer. Disse lette skjermene integreres s\u00f8ml\u00f8st med luperammene dine og gir en sikker passform uten \u00e5 g\u00e5 p\u00e5 kompromiss med synsfelt eller komfort.","breadcrumb":{"@id":"https:\/\/www.admetec.com\/no\/side-shields\/#breadcrumb"},"inLanguage":"en-US","potentialAction":[{"@type":"ReadAction","target":["https:\/\/www.admetec.com\/no\/side-shields\/"]}]},{"@type":"ImageObject","inLanguage":"en-US","@id":"https:\/\/www.admetec.com\/no\/side-shields\/#primaryimage","url":"https:\/\/www.admetec.com\/no\/wp-content\/uploads\/2025\/02\/admetec-side-shields.jpg","contentUrl":"https:\/\/www.admetec.com\/no\/wp-content\/uploads\/2025\/02\/admetec-side-shields.jpg","width":1200,"height":800},{"@type":"BreadcrumbList","@id":"https:\/\/www.admetec.com\/no\/side-shields\/#breadcrumb","itemListElement":[{"@type":"ListItem","position":1,"name":"Home","item":"https:\/\/www.admetec.com\/no\/"},{"@type":"ListItem","position":2,"name":"Sideskjermer"}]},{"@type":"WebSite","@id":"https:\/\/www.admetec.com\/no\/#website","url":"https:\/\/www.admetec.com\/no\/","name":"ADMETEC","description":"We&#039;ve got your back","publisher":{"@id":"https:\/\/www.admetec.com\/no\/#organization"},"potentialAction":[{"@type":"SearchAction","target":{"@type":"EntryPoint","urlTemplate":"https:\/\/www.admetec.com\/no\/?s={search_term_string}"},"query-input":{"@type":"PropertyValueSpecification","valueRequired":true,"valueName":"search_term_string"}}],"inLanguage":"en-US"},{"@type":"Organization","@id":"https:\/\/www.admetec.com\/no\/#organization","name":"ADMETEC","url":"https:\/\/www.admetec.com\/no\/","logo":{"@type":"ImageObject","inLanguage":"en-US","@id":"https:\/\/www.admetec.com\/no\/#\/schema\/logo\/image\/","url":"https:\/\/www.admetec.com\/no\/wp-content\/uploads\/2024\/07\/admetec-logo.webp","contentUrl":"https:\/\/www.admetec.com\/no\/wp-content\/uploads\/2024\/07\/admetec-logo.webp","width":397,"height":100,"caption":"ADMETEC"},"image":{"@id":"https:\/\/www.admetec.com\/no\/#\/schema\/logo\/image\/"},"sameAs":["https:\/\/www.facebook.com\/admetec","https:\/\/x.com\/admetec"]}]}},"_links":{"self":[{"href":"https:\/\/www.admetec.com\/no\/wp-json\/wp\/v2\/pages\/10295","targetHints":{"allow":["GET"]}}],"collection":[{"href":"https:\/\/www.admetec.com\/no\/wp-json\/wp\/v2\/pages"}],"about":[{"href":"https:\/\/www.admetec.com\/no\/wp-json\/wp\/v2\/types\/page"}],"author":[{"embeddable":true,"href":"https:\/\/www.admetec.com\/no\/wp-json\/wp\/v2\/users\/14"}],"replies":[{"embeddable":true,"href":"https:\/\/www.admetec.com\/no\/wp-json\/wp\/v2\/comments?post=10295"}],"version-history":[{"count":17,"href":"https:\/\/www.admetec.com\/no\/wp-json\/wp\/v2\/pages\/10295\/revisions"}],"predecessor-version":[{"id":12531,"href":"https:\/\/www.admetec.com\/no\/wp-json\/wp\/v2\/pages\/10295\/revisions\/12531"}],"wp:featuredmedia":[{"embeddable":true,"href":"https:\/\/www.admetec.com\/no\/wp-json\/wp\/v2\/media\/10296"}],"wp:attachment":[{"href":"https:\/\/www.admetec.com\/no\/wp-json\/wp\/v2\/media?parent=10295"}],"curies":[{"name":"wp","href":"https:\/\/api.w.org\/{rel}","templated":true}]}}