{"id":6204,"date":"2024-01-16T12:54:18","date_gmt":"2024-01-16T12:54:18","guid":{"rendered":"https:\/\/www.admetec.com\/no\/?page_id=6204"},"modified":"2025-08-27T13:41:22","modified_gmt":"2025-08-27T10:41:22","slug":"terms-and-conditions","status":"publish","type":"page","link":"https:\/\/www.admetec.com\/no\/terms-and-conditions\/","title":{"rendered":"Vilk\u00e5r og betingelser"},"content":{"rendered":"\t\t<div data-elementor-type=\"wp-page\" data-elementor-id=\"6204\" class=\"elementor elementor-6204\" data-elementor-settings=\"{&quot;ha_cmc_init_switcher&quot;:&quot;no&quot;}\" data-elementor-post-type=\"page\">\n\t\t\t\t<div class=\"elementor-element elementor-element-47e5f13 e-flex e-con-boxed e-con e-parent\" data-id=\"47e5f13\" data-element_type=\"container\" data-settings=\"{&quot;_ha_eqh_enable&quot;:false}\">\n\t\t\t\t\t<div class=\"e-con-inner\">\n\t\t\t\t<div class=\"elementor-element elementor-element-296171b elementor-widget elementor-widget-heading\" data-id=\"296171b\" data-element_type=\"widget\" data-widget_type=\"heading.default\">\n\t\t\t\t<div class=\"elementor-widget-container\">\n\t\t\t\t\t<h2 class=\"elementor-heading-title elementor-size-default\">Vilk\u00e5r og betingelser<\/h2>\t\t\t\t<\/div>\n\t\t\t\t<\/div>\n\t\t\t\t\t<\/div>\n\t\t\t\t<\/div>\n\t\t<div class=\"elementor-element elementor-element-d333dba e-flex e-con-boxed e-con e-parent\" data-id=\"d333dba\" data-element_type=\"container\" data-settings=\"{&quot;_ha_eqh_enable&quot;:false}\">\n\t\t\t\t\t<div class=\"e-con-inner\">\n\t\t\t\t<div class=\"elementor-element elementor-element-b7b551b elementor-widget elementor-widget-text-editor\" data-id=\"b7b551b\" data-element_type=\"widget\" data-widget_type=\"text-editor.default\">\n\t\t\t\t<div class=\"elementor-widget-container\">\n\t\t\t\t\t\t\t\t\t<p>Velkommen til Admetec!<\/p><p>Disse vilk\u00e5rene og betingelsene beskriver reglene og retningslinjene for bruk av Admetecs nettside, som finnes p\u00e5 <a href=\"https:\/\/www.admetec.com\">www.admetec.com<\/a>.<\/p><p>Ved \u00e5 g\u00e5 inn p\u00e5 dette nettstedet antar vi at du godtar disse vilk\u00e5rene og betingelsene. Ikke fortsett \u00e5 bruke Admetec hvis du ikke godtar alle vilk\u00e5rene og betingelsene som er oppgitt p\u00e5 denne siden.<\/p><p>F\u00f8lgende terminologi gjelder for disse vilk\u00e5rene og betingelsene, personvernerkl\u00e6ringen og ansvarsfraskrivelsen, samt alle avtaler: &#8220;Klient&#8221;, &#8220;Du&#8221; og &#8220;Din&#8221; refererer til deg, personen som bes\u00f8ker dette nettstedet og samtykker i selskapets vilk\u00e5r og betingelser. &#8220;Selskapet&#8221;, &#8220;Vi&#8221;, &#8220;Oss&#8221;, og &#8220;V\u00e5r&#8221;, refererer til v\u00e5rt selskap. &#8220;Part&#8221;, &#8220;Parter&#8221; eller &#8220;Oss&#8221; refererer til b\u00e5de klienten og oss selv. Alle vilk\u00e5r refererer til tilbud, aksept og betaling som er n\u00f8dvendig for at vi skal kunne hjelpe klienten p\u00e5 best mulig m\u00e5te, i samsvar med gjeldende lovgivning i IL. Enhver bruk av nevnte terminologi eller andre ord i entall, flertall, store bokstaver og\/eller han\/hun eller de, skal anses som utskiftbare og derfor referere til det samme.<\/p><h4>Informasjonskapsler (Cookies)<\/h4><p>Vi bruker informasjonskapsler. Ved \u00e5 bruke Admetec godtar du bruk av informasjonskapsler i samsvar med Admetecs personvernerkl\u00e6ring.<\/p><p>De fleste interaktive nettsteder bruker informasjonskapsler for \u00e5 hente brukerens informasjon ved hvert bes\u00f8k. Informasjonskapsler brukes p\u00e5 v\u00e5r nettside for \u00e5 aktivere visse funksjoner og gj\u00f8re det enklere for bes\u00f8kende. Noen av v\u00e5re annonsepartnere kan ogs\u00e5 bruke informasjonskapsler.<\/p><h4>Lisens<\/h4><p>Med mindre annet er angitt, eier Admetec og\/eller dets lisensgivere de immaterielle rettighetene til alt materiale p\u00e5 Admetec. Alle rettigheter er forbeholdt. Du kan kun bruke materiale fra Admetec til personlig bruk underlagt f\u00f8lgende begrensninger:<\/p><p>Du m\u00e5 ikke:<\/p><ul><li>Publisere materialet p\u00e5 nytt<\/li><li>Selge, leie ut eller lisensiere materialet<\/li><li>Kopiere eller duplisere materialet<\/li><li>Videreformidle innhold fra Admetec<\/li><\/ul><h4>Kommentarer<\/h4><p>Visse deler av nettstedet gir brukere mulighet til \u00e5 legge igjen kommentarer. Admetec forh\u00e5ndsmodererer ikke kommentarer, og synspunktene som uttrykkes, tilh\u00f8rer kommentatoren. I den grad det er tillatt etter gjeldende lovgivning, er ikke Admetec ansvarlig for kommentarene eller for eventuelle skader eller tap som f\u00f8lge av dem.<\/p><p>Admetec forbeholder seg retten til \u00e5 overv\u00e5ke og fjerne kommentarer som anses upassende eller i strid med disse vilk\u00e5rene.<\/p><p>Ved \u00e5 legge igjen en kommentar garanterer du at:<\/p><ul><li>Du har rett til \u00e5 gj\u00f8re det, og har alle n\u00f8dvendige tillatelser<\/li><li>Kommentaren ikke bryter immaterielle rettigheter<\/li><li>Kommentaren ikke er st\u00f8tende, \u00e6rekrenkende eller ulovlig<\/li><li>Kommentaren ikke brukes til kommersiell markedsf\u00f8ring eller ulovlig virksomhet<\/li><\/ul><p>Du gir herved Admetec en ikke-eksklusiv lisens til \u00e5 bruke og redigere dine kommentarer i alle medier.<\/p><h4>Lenking til v\u00e5rt innhold<\/h4><p>F\u00f8lgende organisasjoner kan lenke til v\u00e5r nettside uten forh\u00e5ndsgodkjenning:<\/p><ul><li>Myndigheter<\/li><li>S\u00f8kemotorer<\/li><li>Nyhetsbyr\u00e5er<\/li><li>Online katalogdistribut\u00f8rer<\/li><li>Systemgodkjente bedrifter (med unntak av veldedige innsamlingsgrupper)<\/li><\/ul><p>Andre organisasjoner som kan f\u00e5 godkjent foresp\u00f8rsel om lenking:<\/p><ul><li>Forbruker-\/forretningsportaler<\/li><li>Dot.com-fellesskap<\/li><li>Veldedige organisasjoner<br \/>Internettportaler<\/li><li>Juridiske, \u00f8konomiske og konsulentfirmaer<\/li><li>Utdanningsinstitusjoner og bransjeforeninger<\/li><\/ul><p>Godkjente organisasjoner kan lenke til oss ved bruk av:<\/p><ul><li>V\u00e5rt firmanavn<br \/>Nettadressen som lenkes til<\/li><li>En beskrivelse som er kontekstuell og ikke villedende<\/li><li>Det er ikke tillatt \u00e5 bruke<\/li><\/ul><p>Admetecs logo eller grafikk uten lisensavtale.<\/p><h4>iFrames<\/h4><p>Uten skriftlig tillatelse kan du ikke lage rammer rundt v\u00e5re nettsider som endrer utseendet eller presentasjonen.<\/p><h4>Innholdsansvar<\/h4><p>Vi er ikke ansvarlige for innhold som vises p\u00e5 din nettside. Du godtar \u00e5 holde oss skadesl\u00f8se mot krav som oppst\u00e5r fra innholdet ditt. Det skal ikke v\u00e6re noen lenker som kan oppfattes som \u00e6rekrenkende, st\u00f8tende eller lovstridige.<\/p><h4>Forbehold om rettigheter<\/h4><p>Vi forbeholder oss retten til \u00e5 be deg fjerne alle lenker til v\u00e5rt nettsted. Ved \u00e5 fortsette \u00e5 lenke til oss, godtar du disse vilk\u00e5rene.<\/p><h4>Fjerning av lenker<\/h4><p>Hvis du finner en lenke p\u00e5 v\u00e5r nettside som er st\u00f8tende, kan du kontakte oss n\u00e5r som helst. Vi vil vurdere foresp\u00f8rselen, men er ikke forpliktet til \u00e5 fjerne lenken eller svare.<\/p><p>Vi garanterer ikke at informasjonen p\u00e5 nettsiden er n\u00f8yaktig eller fullstendig, og vi garanterer ikke at nettsiden forblir tilgjengelig eller oppdatert.<\/p><h4>Ansvarsfraskrivelse<\/h4><p>I den grad loven tillater det, utelukker vi alle garantier og betingelser knyttet til nettstedet og dets bruk. Ingenting i denne ansvarsfraskrivelsen skal:<\/p><ul><li>Begrense ansvar for d\u00f8d eller personskade<\/li><li>Begrense ansvar for svindel eller uriktige opplysninger<\/li><li>Begrense ansvar i strid med gjeldende lovgivning<\/li><li>Utelukke ansvar som ikke kan utelukkes etter loven<\/li><\/ul><p>S\u00e5 lenge nettstedet og dets tjenester tilbys gratis, vil vi ikke v\u00e6re ansvarlige for tap eller skader av noe slag.<\/p>\t\t\t\t\t\t\t\t<\/div>\n\t\t\t\t<\/div>\n\t\t\t\t<div class=\"elementor-element elementor-element-98d2444 elementor-widget elementor-widget-spacer\" data-id=\"98d2444\" data-element_type=\"widget\" data-widget_type=\"spacer.default\">\n\t\t\t\t<div class=\"elementor-widget-container\">\n\t\t\t\t\t\t\t<div class=\"elementor-spacer\">\n\t\t\t<div class=\"elementor-spacer-inner\"><\/div>\n\t\t<\/div>\n\t\t\t\t\t\t<\/div>\n\t\t\t\t<\/div>\n\t\t\t\t\t<\/div>\n\t\t\t\t<\/div>\n\t\t\t\t<\/div>\n\t\t","protected":false},"excerpt":{"rendered":"<p>Vilk\u00e5r og betingelser Velkommen til Admetec! Disse vilk\u00e5rene og betingelsene beskriver reglene og retningslinjene for bruk av Admetecs nettside, som finnes p\u00e5 www.admetec.com. Ved \u00e5 g\u00e5 inn p\u00e5 dette nettstedet antar vi at du godtar disse vilk\u00e5rene og betingelsene. Ikke fortsett \u00e5 bruke Admetec hvis du ikke godtar alle vilk\u00e5rene og betingelsene som er oppgitt [&hellip;]<\/p>\n","protected":false},"author":14,"featured_media":0,"parent":0,"menu_order":0,"comment_status":"closed","ping_status":"closed","template":"","meta":{"_acf_changed":false,"content-type":"","footnotes":""},"class_list":["post-6204","page","type-page","status-publish","hentry"],"acf":[],"yoast_head":"<!-- This site is optimized with the Yoast SEO plugin v25.3 - https:\/\/yoast.com\/wordpress\/plugins\/seo\/ -->\n<title>Vilk\u00e5r og betingelser - ADMETEC<\/title>\n<meta name=\"robots\" content=\"index, follow, max-snippet:-1, max-image-preview:large, max-video-preview:-1\" \/>\n<link rel=\"canonical\" href=\"https:\/\/www.admetec.com\/no\/terms-and-conditions\/\" \/>\n<meta property=\"og:locale\" content=\"en_US\" \/>\n<meta property=\"og:type\" content=\"article\" \/>\n<meta property=\"og:title\" content=\"Vilk\u00e5r og betingelser - ADMETEC\" \/>\n<meta property=\"og:description\" content=\"Vilk\u00e5r og betingelser Velkommen til Admetec! Disse vilk\u00e5rene og betingelsene beskriver reglene og retningslinjene for bruk av Admetecs nettside, som finnes p\u00e5 www.admetec.com. Ved \u00e5 g\u00e5 inn p\u00e5 dette nettstedet antar vi at du godtar disse vilk\u00e5rene og betingelsene. Ikke fortsett \u00e5 bruke Admetec hvis du ikke godtar alle vilk\u00e5rene og betingelsene som er oppgitt [&hellip;]\" \/>\n<meta property=\"og:url\" content=\"https:\/\/www.admetec.com\/no\/terms-and-conditions\/\" \/>\n<meta property=\"og:site_name\" content=\"ADMETEC\" \/>\n<meta property=\"article:publisher\" content=\"https:\/\/www.facebook.com\/admetec\" \/>\n<meta property=\"article:modified_time\" content=\"2025-08-27T10:41:22+00:00\" \/>\n<meta name=\"twitter:card\" content=\"summary_large_image\" \/>\n<meta name=\"twitter:site\" content=\"@admetec\" \/>\n<meta name=\"twitter:label1\" content=\"Est. reading time\" \/>\n\t<meta name=\"twitter:data1\" content=\"4 minutes\" \/>\n<script type=\"application\/ld+json\" class=\"yoast-schema-graph\">{\"@context\":\"https:\/\/schema.org\",\"@graph\":[{\"@type\":\"WebPage\",\"@id\":\"https:\/\/www.admetec.com\/no\/terms-and-conditions\/\",\"url\":\"https:\/\/www.admetec.com\/no\/terms-and-conditions\/\",\"name\":\"Vilk\u00e5r og betingelser - ADMETEC\",\"isPartOf\":{\"@id\":\"https:\/\/www.admetec.com\/no\/#website\"},\"datePublished\":\"2024-01-16T12:54:18+00:00\",\"dateModified\":\"2025-08-27T10:41:22+00:00\",\"breadcrumb\":{\"@id\":\"https:\/\/www.admetec.com\/no\/terms-and-conditions\/#breadcrumb\"},\"inLanguage\":\"en-US\",\"potentialAction\":[{\"@type\":\"ReadAction\",\"target\":[\"https:\/\/www.admetec.com\/no\/terms-and-conditions\/\"]}]},{\"@type\":\"BreadcrumbList\",\"@id\":\"https:\/\/www.admetec.com\/no\/terms-and-conditions\/#breadcrumb\",\"itemListElement\":[{\"@type\":\"ListItem\",\"position\":1,\"name\":\"Home\",\"item\":\"https:\/\/www.admetec.com\/no\/\"},{\"@type\":\"ListItem\",\"position\":2,\"name\":\"Vilk\u00e5r og betingelser\"}]},{\"@type\":\"WebSite\",\"@id\":\"https:\/\/www.admetec.com\/no\/#website\",\"url\":\"https:\/\/www.admetec.com\/no\/\",\"name\":\"ADMETEC\",\"description\":\"We&#039;ve got your back\",\"publisher\":{\"@id\":\"https:\/\/www.admetec.com\/no\/#organization\"},\"potentialAction\":[{\"@type\":\"SearchAction\",\"target\":{\"@type\":\"EntryPoint\",\"urlTemplate\":\"https:\/\/www.admetec.com\/no\/?s={search_term_string}\"},\"query-input\":{\"@type\":\"PropertyValueSpecification\",\"valueRequired\":true,\"valueName\":\"search_term_string\"}}],\"inLanguage\":\"en-US\"},{\"@type\":\"Organization\",\"@id\":\"https:\/\/www.admetec.com\/no\/#organization\",\"name\":\"ADMETEC\",\"url\":\"https:\/\/www.admetec.com\/no\/\",\"logo\":{\"@type\":\"ImageObject\",\"inLanguage\":\"en-US\",\"@id\":\"https:\/\/www.admetec.com\/no\/#\/schema\/logo\/image\/\",\"url\":\"https:\/\/www.admetec.com\/no\/wp-content\/uploads\/2024\/07\/admetec-logo.webp\",\"contentUrl\":\"https:\/\/www.admetec.com\/no\/wp-content\/uploads\/2024\/07\/admetec-logo.webp\",\"width\":397,\"height\":100,\"caption\":\"ADMETEC\"},\"image\":{\"@id\":\"https:\/\/www.admetec.com\/no\/#\/schema\/logo\/image\/\"},\"sameAs\":[\"https:\/\/www.facebook.com\/admetec\",\"https:\/\/x.com\/admetec\"]}]}<\/script>\n<!-- \/ Yoast SEO plugin. -->","yoast_head_json":{"title":"Vilk\u00e5r og betingelser - ADMETEC","robots":{"index":"index","follow":"follow","max-snippet":"max-snippet:-1","max-image-preview":"max-image-preview:large","max-video-preview":"max-video-preview:-1"},"canonical":"https:\/\/www.admetec.com\/no\/terms-and-conditions\/","og_locale":"en_US","og_type":"article","og_title":"Vilk\u00e5r og betingelser - ADMETEC","og_description":"Vilk\u00e5r og betingelser Velkommen til Admetec! Disse vilk\u00e5rene og betingelsene beskriver reglene og retningslinjene for bruk av Admetecs nettside, som finnes p\u00e5 www.admetec.com. Ved \u00e5 g\u00e5 inn p\u00e5 dette nettstedet antar vi at du godtar disse vilk\u00e5rene og betingelsene. Ikke fortsett \u00e5 bruke Admetec hvis du ikke godtar alle vilk\u00e5rene og betingelsene som er oppgitt [&hellip;]","og_url":"https:\/\/www.admetec.com\/no\/terms-and-conditions\/","og_site_name":"ADMETEC","article_publisher":"https:\/\/www.facebook.com\/admetec","article_modified_time":"2025-08-27T10:41:22+00:00","twitter_card":"summary_large_image","twitter_site":"@admetec","twitter_misc":{"Est. reading time":"4 minutes"},"schema":{"@context":"https:\/\/schema.org","@graph":[{"@type":"WebPage","@id":"https:\/\/www.admetec.com\/no\/terms-and-conditions\/","url":"https:\/\/www.admetec.com\/no\/terms-and-conditions\/","name":"Vilk\u00e5r og betingelser - ADMETEC","isPartOf":{"@id":"https:\/\/www.admetec.com\/no\/#website"},"datePublished":"2024-01-16T12:54:18+00:00","dateModified":"2025-08-27T10:41:22+00:00","breadcrumb":{"@id":"https:\/\/www.admetec.com\/no\/terms-and-conditions\/#breadcrumb"},"inLanguage":"en-US","potentialAction":[{"@type":"ReadAction","target":["https:\/\/www.admetec.com\/no\/terms-and-conditions\/"]}]},{"@type":"BreadcrumbList","@id":"https:\/\/www.admetec.com\/no\/terms-and-conditions\/#breadcrumb","itemListElement":[{"@type":"ListItem","position":1,"name":"Home","item":"https:\/\/www.admetec.com\/no\/"},{"@type":"ListItem","position":2,"name":"Vilk\u00e5r og betingelser"}]},{"@type":"WebSite","@id":"https:\/\/www.admetec.com\/no\/#website","url":"https:\/\/www.admetec.com\/no\/","name":"ADMETEC","description":"We&#039;ve got your back","publisher":{"@id":"https:\/\/www.admetec.com\/no\/#organization"},"potentialAction":[{"@type":"SearchAction","target":{"@type":"EntryPoint","urlTemplate":"https:\/\/www.admetec.com\/no\/?s={search_term_string}"},"query-input":{"@type":"PropertyValueSpecification","valueRequired":true,"valueName":"search_term_string"}}],"inLanguage":"en-US"},{"@type":"Organization","@id":"https:\/\/www.admetec.com\/no\/#organization","name":"ADMETEC","url":"https:\/\/www.admetec.com\/no\/","logo":{"@type":"ImageObject","inLanguage":"en-US","@id":"https:\/\/www.admetec.com\/no\/#\/schema\/logo\/image\/","url":"https:\/\/www.admetec.com\/no\/wp-content\/uploads\/2024\/07\/admetec-logo.webp","contentUrl":"https:\/\/www.admetec.com\/no\/wp-content\/uploads\/2024\/07\/admetec-logo.webp","width":397,"height":100,"caption":"ADMETEC"},"image":{"@id":"https:\/\/www.admetec.com\/no\/#\/schema\/logo\/image\/"},"sameAs":["https:\/\/www.facebook.com\/admetec","https:\/\/x.com\/admetec"]}]}},"_links":{"self":[{"href":"https:\/\/www.admetec.com\/no\/wp-json\/wp\/v2\/pages\/6204","targetHints":{"allow":["GET"]}}],"collection":[{"href":"https:\/\/www.admetec.com\/no\/wp-json\/wp\/v2\/pages"}],"about":[{"href":"https:\/\/www.admetec.com\/no\/wp-json\/wp\/v2\/types\/page"}],"author":[{"embeddable":true,"href":"https:\/\/www.admetec.com\/no\/wp-json\/wp\/v2\/users\/14"}],"replies":[{"embeddable":true,"href":"https:\/\/www.admetec.com\/no\/wp-json\/wp\/v2\/comments?post=6204"}],"version-history":[{"count":17,"href":"https:\/\/www.admetec.com\/no\/wp-json\/wp\/v2\/pages\/6204\/revisions"}],"predecessor-version":[{"id":11982,"href":"https:\/\/www.admetec.com\/no\/wp-json\/wp\/v2\/pages\/6204\/revisions\/11982"}],"wp:attachment":[{"href":"https:\/\/www.admetec.com\/no\/wp-json\/wp\/v2\/media?parent=6204"}],"curies":[{"name":"wp","href":"https:\/\/api.w.org\/{rel}","templated":true}]}}