{"id":9841,"date":"2024-11-17T13:04:50","date_gmt":"2024-11-17T13:04:50","guid":{"rendered":"https:\/\/www.admetec.com\/no\/?page_id=9841"},"modified":"2026-05-05T14:55:23","modified_gmt":"2026-05-05T11:55:23","slug":"flamingo-camera-lenses","status":"publish","type":"page","link":"https:\/\/www.admetec.com\/no\/flamingo-camera-lenses\/","title":{"rendered":"Flamingo\u00ae kameralinser"},"content":{"rendered":"\t\t<div data-elementor-type=\"wp-page\" data-elementor-id=\"9841\" class=\"elementor elementor-9841\" data-elementor-settings=\"{&quot;ha_cmc_init_switcher&quot;:&quot;no&quot;}\" data-elementor-post-type=\"page\">\n\t\t\t\t<div class=\"elementor-element elementor-element-4dd7a75 e-flex e-con-boxed e-con e-parent\" data-id=\"4dd7a75\" data-element_type=\"container\" data-settings=\"{&quot;background_background&quot;:&quot;classic&quot;,&quot;_ha_eqh_enable&quot;:false}\">\n\t\t\t\t\t<div class=\"e-con-inner\">\n\t\t<div class=\"elementor-element elementor-element-782f4ee e-con-full e-flex e-con e-child\" data-id=\"782f4ee\" data-element_type=\"container\" data-settings=\"{&quot;_ha_eqh_enable&quot;:false}\">\n\t\t\t\t<div class=\"elementor-element elementor-element-e163efa elementor-widget elementor-widget-heading\" data-id=\"e163efa\" data-element_type=\"widget\" data-widget_type=\"heading.default\">\n\t\t\t\t<div class=\"elementor-widget-container\">\n\t\t\t\t\t<div class=\"elementor-heading-title elementor-size-default\">Accessories &gt; Flamingo\u2122 Kameralinser<\/div>\t\t\t\t<\/div>\n\t\t\t\t<\/div>\n\t\t\t\t<div class=\"elementor-element elementor-element-76928bd elementor-widget__width-initial elementor-widget-tablet__width-inherit elementor-widget elementor-widget-heading\" data-id=\"76928bd\" data-element_type=\"widget\" data-widget_type=\"heading.default\">\n\t\t\t\t<div class=\"elementor-widget-container\">\n\t\t\t\t\t<div class=\"elementor-heading-title elementor-size-default\">Flamingo\u2122 kameralinser<\/div>\t\t\t\t<\/div>\n\t\t\t\t<\/div>\n\t\t\t\t<\/div>\n\t\t\t\t\t<\/div>\n\t\t\t\t<\/div>\n\t\t<div class=\"elementor-element elementor-element-ea12e0f e-flex e-con-boxed e-con e-parent\" data-id=\"ea12e0f\" data-element_type=\"container\" data-settings=\"{&quot;background_background&quot;:&quot;classic&quot;,&quot;_ha_eqh_enable&quot;:false}\">\n\t\t\t\t\t<div class=\"e-con-inner\">\n\t\t<div class=\"elementor-element elementor-element-5728079 e-con-full e-flex e-con e-child\" data-id=\"5728079\" data-element_type=\"container\" data-settings=\"{&quot;_ha_eqh_enable&quot;:false}\">\n\t\t\t\t<div class=\"elementor-element elementor-element-668badb elementor-widget elementor-widget-image\" data-id=\"668badb\" data-element_type=\"widget\" data-widget_type=\"image.default\">\n\t\t\t\t<div class=\"elementor-widget-container\">\n\t\t\t\t\t\t\t\t\t\t\t\t\t\t\t<img fetchpriority=\"high\" decoding=\"async\" width=\"800\" height=\"534\" src=\"https:\/\/www.admetec.com\/no\/wp-content\/uploads\/2024\/11\/flamingo-admetec-lenses-white.jpg\" class=\"attachment-large size-large wp-image-9845\" alt=\"\" srcset=\"https:\/\/www.admetec.com\/no\/wp-content\/uploads\/2024\/11\/flamingo-admetec-lenses-white.jpg 1000w, https:\/\/www.admetec.com\/no\/wp-content\/uploads\/2024\/11\/flamingo-admetec-lenses-white-350x233.jpg 350w, https:\/\/www.admetec.com\/no\/wp-content\/uploads\/2024\/11\/flamingo-admetec-lenses-white-768x512.jpg 768w\" sizes=\"(max-width: 800px) 100vw, 800px\" \/>\t\t\t\t\t\t\t\t\t\t\t\t\t\t\t<\/div>\n\t\t\t\t<\/div>\n\t\t\t\t<\/div>\n\t\t<div class=\"elementor-element elementor-element-daa00bd e-con-full e-flex e-con e-child\" data-id=\"daa00bd\" data-element_type=\"container\" data-settings=\"{&quot;_ha_eqh_enable&quot;:false}\">\n\t\t<div class=\"elementor-element elementor-element-d0eac4d e-con-full glss-container e-flex e-con e-child\" data-id=\"d0eac4d\" data-element_type=\"container\" data-settings=\"{&quot;_ha_eqh_enable&quot;:false}\">\n\t\t\t\t<div class=\"elementor-element elementor-element-83baf67 elementor-widget__width-initial elementor-widget elementor-widget-heading\" data-id=\"83baf67\" data-element_type=\"widget\" data-widget_type=\"heading.default\">\n\t\t\t\t<div class=\"elementor-widget-container\">\n\t\t\t\t\t<h5 class=\"elementor-heading-title elementor-size-default\">Oppdag nye linsealternativer for Flamingo\u2122 tr\u00e5dl\u00f8st kamera<\/h5>\t\t\t\t<\/div>\n\t\t\t\t<\/div>\n\t\t\t\t<div class=\"elementor-element elementor-element-8f9c203 elementor-widget elementor-widget-text-editor\" data-id=\"8f9c203\" data-element_type=\"widget\" data-widget_type=\"text-editor.default\">\n\t\t\t\t<div class=\"elementor-widget-container\">\n\t\t\t\t\t\t\t\t\t<p>Linsealternativene p\u00e5 21 mm og 25 mm for Flamingo\u2122 kamera og lys er utviklet for \u00e5 optimalisere presisjon ved \u00e5 tilby tilpassede synsfelt. Enten du trenger et bredere perspektiv ved lav forst\u00f8rrelse, eller et mer fokusert utsnitt for detaljert arbeid med h\u00f8y forst\u00f8rrelse, gir disse linsene forbedret klarhet og fleksibilitet for enhver klinisk prosedyre.<\/p>\t\t\t\t\t\t\t\t<\/div>\n\t\t\t\t<\/div>\n\t\t\t\t<div class=\"elementor-element elementor-element-1956cad elementor-widget__width-initial spec-sale-areas elementor-widget elementor-widget-ha-creative-button happy-addon ha-creative-button\" data-id=\"1956cad\" data-element_type=\"widget\" data-widget_type=\"ha-creative-button.default\">\n\t\t\t\t<div class=\"elementor-widget-container\">\n\t\t\t\t\t\t\t<div data-magnetic=\"no\" class=\"ha-creative-btn-wrap\">\n\t\t\t<a class=\"ha-creative-btn ha-stl--symbolab ha-eft--back-out-right\" href=\"https:\/\/shop.admetec.com\/collections\/flamingo\" rel=\"nofollow\">Kj\u00f8p dette tilbeh\u00f8ret<i aria-hidden=\"true\" class=\"far fa-angle-right\"><\/i><\/a>\n\t\t<\/div>\t\t\t\t<\/div>\n\t\t\t\t<\/div>\n\t\t\t\t<\/div>\n\t\t\t\t<\/div>\n\t\t\t\t\t<\/div>\n\t\t\t\t<\/div>\n\t\t<div class=\"elementor-element elementor-element-18d5585 e-flex e-con-boxed e-con e-parent\" data-id=\"18d5585\" data-element_type=\"container\" data-settings=\"{&quot;_ha_eqh_enable&quot;:false}\">\n\t\t\t\t\t<div class=\"e-con-inner\">\n\t\t\t\t<div class=\"elementor-element elementor-element-7da34f8 elementor-widget elementor-widget-heading\" data-id=\"7da34f8\" data-element_type=\"widget\" data-widget_type=\"heading.default\">\n\t\t\t\t<div class=\"elementor-widget-container\">\n\t\t\t\t\t<h2 class=\"elementor-heading-title elementor-size-default\">Hvordan bytte mellom Flamingo\u2122-linser<\/h2>\t\t\t\t<\/div>\n\t\t\t\t<\/div>\n\t\t\t\t<div class=\"elementor-element elementor-element-6687586 elementor-widget elementor-widget-video\" data-id=\"6687586\" data-element_type=\"widget\" data-settings=\"{&quot;youtube_url&quot;:&quot;https:\\\/\\\/www.youtube.com\\\/watch?v=ZOOYlr7MPxg&quot;,&quot;video_type&quot;:&quot;youtube&quot;,&quot;controls&quot;:&quot;yes&quot;}\" data-widget_type=\"video.default\">\n\t\t\t\t<div class=\"elementor-widget-container\">\n\t\t\t\t\t\t\t<div class=\"elementor-wrapper elementor-open-inline\">\n\t\t\t<div class=\"elementor-video\"><\/div>\t\t<\/div>\n\t\t\t\t\t\t<\/div>\n\t\t\t\t<\/div>\n\t\t\t\t\t<\/div>\n\t\t\t\t<\/div>\n\t\t\t\t<\/div>\n\t\t","protected":false},"excerpt":{"rendered":"<p>Accessories &gt; Flamingo\u2122 Kameralinser Flamingo\u2122 kameralinser Oppdag nye linsealternativer for Flamingo\u2122 tr\u00e5dl\u00f8st kamera Linsealternativene p\u00e5 21 mm og 25 mm for Flamingo\u2122 kamera og lys er utviklet for \u00e5 optimalisere presisjon ved \u00e5 tilby tilpassede synsfelt. Enten du trenger et bredere perspektiv ved lav forst\u00f8rrelse, eller et mer fokusert utsnitt for detaljert arbeid med h\u00f8y [&hellip;]<\/p>\n","protected":false},"author":14,"featured_media":9840,"parent":0,"menu_order":1,"comment_status":"closed","ping_status":"closed","template":"","meta":{"_acf_changed":false,"content-type":"","footnotes":""},"class_list":["post-9841","page","type-page","status-publish","has-post-thumbnail","hentry"],"acf":[],"yoast_head":"<!-- This site is optimized with the Yoast SEO plugin v25.3 - https:\/\/yoast.com\/wordpress\/plugins\/seo\/ -->\n<title>Flamingo\u2122 Kameralinser \u2013 Presisjonsoptikk for dental- og kirurgivideo | Admetec<\/title>\n<meta name=\"description\" content=\"Oppgrader din Flamingo\u2122 tr\u00e5dl\u00f8se kamera med 21 mm og 25 mm linser. F\u00e5 optimal synsvinkel og krystallklar detaljgjengivelse for tannlege- og kirurgiske prosedyrer med presisjonsoptikk fra Admetec.\" \/>\n<meta name=\"robots\" content=\"index, follow, max-snippet:-1, max-image-preview:large, max-video-preview:-1\" \/>\n<link rel=\"canonical\" href=\"https:\/\/www.admetec.com\/no\/flamingo-camera-lenses\/\" \/>\n<meta property=\"og:locale\" content=\"en_US\" \/>\n<meta property=\"og:type\" content=\"article\" \/>\n<meta property=\"og:title\" content=\"Flamingo\u2122 Kameralinser \u2013 Presisjonsoptikk for dental- og kirurgivideo | Admetec\" \/>\n<meta property=\"og:description\" content=\"Oppgrader din Flamingo\u2122 tr\u00e5dl\u00f8se kamera med 21 mm og 25 mm linser. F\u00e5 optimal synsvinkel og krystallklar detaljgjengivelse for tannlege- og kirurgiske prosedyrer med presisjonsoptikk fra Admetec.\" \/>\n<meta property=\"og:url\" content=\"https:\/\/www.admetec.com\/no\/flamingo-camera-lenses\/\" \/>\n<meta property=\"og:site_name\" content=\"ADMETEC\" \/>\n<meta property=\"article:publisher\" content=\"https:\/\/www.facebook.com\/admetec\" \/>\n<meta property=\"article:modified_time\" content=\"2026-05-05T11:55:23+00:00\" \/>\n<meta property=\"og:image\" content=\"https:\/\/www.admetec.com\/no\/wp-content\/uploads\/2024\/11\/flamingo-admetec-lenses.jpg\" \/>\n\t<meta property=\"og:image:width\" content=\"1000\" \/>\n\t<meta property=\"og:image:height\" content=\"667\" \/>\n\t<meta property=\"og:image:type\" content=\"image\/jpeg\" \/>\n<meta name=\"twitter:card\" content=\"summary_large_image\" \/>\n<meta name=\"twitter:site\" content=\"@admetec\" \/>\n<meta name=\"twitter:label1\" content=\"Est. reading time\" \/>\n\t<meta name=\"twitter:data1\" content=\"1 minute\" \/>\n<script type=\"application\/ld+json\" class=\"yoast-schema-graph\">{\"@context\":\"https:\/\/schema.org\",\"@graph\":[{\"@type\":\"WebPage\",\"@id\":\"https:\/\/www.admetec.com\/no\/flamingo-camera-lenses\/\",\"url\":\"https:\/\/www.admetec.com\/no\/flamingo-camera-lenses\/\",\"name\":\"Flamingo\u2122 Kameralinser \u2013 Presisjonsoptikk for dental- og kirurgivideo | Admetec\",\"isPartOf\":{\"@id\":\"https:\/\/www.admetec.com\/no\/#website\"},\"primaryImageOfPage\":{\"@id\":\"https:\/\/www.admetec.com\/no\/flamingo-camera-lenses\/#primaryimage\"},\"image\":{\"@id\":\"https:\/\/www.admetec.com\/no\/flamingo-camera-lenses\/#primaryimage\"},\"thumbnailUrl\":\"https:\/\/www.admetec.com\/no\/wp-content\/uploads\/2024\/11\/flamingo-admetec-lenses.jpg\",\"datePublished\":\"2024-11-17T13:04:50+00:00\",\"dateModified\":\"2026-05-05T11:55:23+00:00\",\"description\":\"Oppgrader din Flamingo\u2122 tr\u00e5dl\u00f8se kamera med 21 mm og 25 mm linser. F\u00e5 optimal synsvinkel og krystallklar detaljgjengivelse for tannlege- og kirurgiske prosedyrer med presisjonsoptikk fra Admetec.\",\"breadcrumb\":{\"@id\":\"https:\/\/www.admetec.com\/no\/flamingo-camera-lenses\/#breadcrumb\"},\"inLanguage\":\"en-US\",\"potentialAction\":[{\"@type\":\"ReadAction\",\"target\":[\"https:\/\/www.admetec.com\/no\/flamingo-camera-lenses\/\"]}]},{\"@type\":\"ImageObject\",\"inLanguage\":\"en-US\",\"@id\":\"https:\/\/www.admetec.com\/no\/flamingo-camera-lenses\/#primaryimage\",\"url\":\"https:\/\/www.admetec.com\/no\/wp-content\/uploads\/2024\/11\/flamingo-admetec-lenses.jpg\",\"contentUrl\":\"https:\/\/www.admetec.com\/no\/wp-content\/uploads\/2024\/11\/flamingo-admetec-lenses.jpg\",\"width\":1000,\"height\":667},{\"@type\":\"BreadcrumbList\",\"@id\":\"https:\/\/www.admetec.com\/no\/flamingo-camera-lenses\/#breadcrumb\",\"itemListElement\":[{\"@type\":\"ListItem\",\"position\":1,\"name\":\"Home\",\"item\":\"https:\/\/www.admetec.com\/no\/\"},{\"@type\":\"ListItem\",\"position\":2,\"name\":\"Flamingo\u00ae kameralinser\"}]},{\"@type\":\"WebSite\",\"@id\":\"https:\/\/www.admetec.com\/no\/#website\",\"url\":\"https:\/\/www.admetec.com\/no\/\",\"name\":\"ADMETEC\",\"description\":\"We&#039;ve got your back\",\"publisher\":{\"@id\":\"https:\/\/www.admetec.com\/no\/#organization\"},\"potentialAction\":[{\"@type\":\"SearchAction\",\"target\":{\"@type\":\"EntryPoint\",\"urlTemplate\":\"https:\/\/www.admetec.com\/no\/?s={search_term_string}\"},\"query-input\":{\"@type\":\"PropertyValueSpecification\",\"valueRequired\":true,\"valueName\":\"search_term_string\"}}],\"inLanguage\":\"en-US\"},{\"@type\":\"Organization\",\"@id\":\"https:\/\/www.admetec.com\/no\/#organization\",\"name\":\"ADMETEC\",\"url\":\"https:\/\/www.admetec.com\/no\/\",\"logo\":{\"@type\":\"ImageObject\",\"inLanguage\":\"en-US\",\"@id\":\"https:\/\/www.admetec.com\/no\/#\/schema\/logo\/image\/\",\"url\":\"https:\/\/www.admetec.com\/no\/wp-content\/uploads\/2024\/07\/admetec-logo.webp\",\"contentUrl\":\"https:\/\/www.admetec.com\/no\/wp-content\/uploads\/2024\/07\/admetec-logo.webp\",\"width\":397,\"height\":100,\"caption\":\"ADMETEC\"},\"image\":{\"@id\":\"https:\/\/www.admetec.com\/no\/#\/schema\/logo\/image\/\"},\"sameAs\":[\"https:\/\/www.facebook.com\/admetec\",\"https:\/\/x.com\/admetec\"]}]}<\/script>\n<!-- \/ Yoast SEO plugin. -->","yoast_head_json":{"title":"Flamingo\u2122 Kameralinser \u2013 Presisjonsoptikk for dental- og kirurgivideo | Admetec","description":"Oppgrader din Flamingo\u2122 tr\u00e5dl\u00f8se kamera med 21 mm og 25 mm linser. F\u00e5 optimal synsvinkel og krystallklar detaljgjengivelse for tannlege- og kirurgiske prosedyrer med presisjonsoptikk fra Admetec.","robots":{"index":"index","follow":"follow","max-snippet":"max-snippet:-1","max-image-preview":"max-image-preview:large","max-video-preview":"max-video-preview:-1"},"canonical":"https:\/\/www.admetec.com\/no\/flamingo-camera-lenses\/","og_locale":"en_US","og_type":"article","og_title":"Flamingo\u2122 Kameralinser \u2013 Presisjonsoptikk for dental- og kirurgivideo | Admetec","og_description":"Oppgrader din Flamingo\u2122 tr\u00e5dl\u00f8se kamera med 21 mm og 25 mm linser. F\u00e5 optimal synsvinkel og krystallklar detaljgjengivelse for tannlege- og kirurgiske prosedyrer med presisjonsoptikk fra Admetec.","og_url":"https:\/\/www.admetec.com\/no\/flamingo-camera-lenses\/","og_site_name":"ADMETEC","article_publisher":"https:\/\/www.facebook.com\/admetec","article_modified_time":"2026-05-05T11:55:23+00:00","og_image":[{"width":1000,"height":667,"url":"https:\/\/www.admetec.com\/no\/wp-content\/uploads\/2024\/11\/flamingo-admetec-lenses.jpg","type":"image\/jpeg"}],"twitter_card":"summary_large_image","twitter_site":"@admetec","twitter_misc":{"Est. reading time":"1 minute"},"schema":{"@context":"https:\/\/schema.org","@graph":[{"@type":"WebPage","@id":"https:\/\/www.admetec.com\/no\/flamingo-camera-lenses\/","url":"https:\/\/www.admetec.com\/no\/flamingo-camera-lenses\/","name":"Flamingo\u2122 Kameralinser \u2013 Presisjonsoptikk for dental- og kirurgivideo | Admetec","isPartOf":{"@id":"https:\/\/www.admetec.com\/no\/#website"},"primaryImageOfPage":{"@id":"https:\/\/www.admetec.com\/no\/flamingo-camera-lenses\/#primaryimage"},"image":{"@id":"https:\/\/www.admetec.com\/no\/flamingo-camera-lenses\/#primaryimage"},"thumbnailUrl":"https:\/\/www.admetec.com\/no\/wp-content\/uploads\/2024\/11\/flamingo-admetec-lenses.jpg","datePublished":"2024-11-17T13:04:50+00:00","dateModified":"2026-05-05T11:55:23+00:00","description":"Oppgrader din Flamingo\u2122 tr\u00e5dl\u00f8se kamera med 21 mm og 25 mm linser. F\u00e5 optimal synsvinkel og krystallklar detaljgjengivelse for tannlege- og kirurgiske prosedyrer med presisjonsoptikk fra Admetec.","breadcrumb":{"@id":"https:\/\/www.admetec.com\/no\/flamingo-camera-lenses\/#breadcrumb"},"inLanguage":"en-US","potentialAction":[{"@type":"ReadAction","target":["https:\/\/www.admetec.com\/no\/flamingo-camera-lenses\/"]}]},{"@type":"ImageObject","inLanguage":"en-US","@id":"https:\/\/www.admetec.com\/no\/flamingo-camera-lenses\/#primaryimage","url":"https:\/\/www.admetec.com\/no\/wp-content\/uploads\/2024\/11\/flamingo-admetec-lenses.jpg","contentUrl":"https:\/\/www.admetec.com\/no\/wp-content\/uploads\/2024\/11\/flamingo-admetec-lenses.jpg","width":1000,"height":667},{"@type":"BreadcrumbList","@id":"https:\/\/www.admetec.com\/no\/flamingo-camera-lenses\/#breadcrumb","itemListElement":[{"@type":"ListItem","position":1,"name":"Home","item":"https:\/\/www.admetec.com\/no\/"},{"@type":"ListItem","position":2,"name":"Flamingo\u00ae kameralinser"}]},{"@type":"WebSite","@id":"https:\/\/www.admetec.com\/no\/#website","url":"https:\/\/www.admetec.com\/no\/","name":"ADMETEC","description":"We&#039;ve got your back","publisher":{"@id":"https:\/\/www.admetec.com\/no\/#organization"},"potentialAction":[{"@type":"SearchAction","target":{"@type":"EntryPoint","urlTemplate":"https:\/\/www.admetec.com\/no\/?s={search_term_string}"},"query-input":{"@type":"PropertyValueSpecification","valueRequired":true,"valueName":"search_term_string"}}],"inLanguage":"en-US"},{"@type":"Organization","@id":"https:\/\/www.admetec.com\/no\/#organization","name":"ADMETEC","url":"https:\/\/www.admetec.com\/no\/","logo":{"@type":"ImageObject","inLanguage":"en-US","@id":"https:\/\/www.admetec.com\/no\/#\/schema\/logo\/image\/","url":"https:\/\/www.admetec.com\/no\/wp-content\/uploads\/2024\/07\/admetec-logo.webp","contentUrl":"https:\/\/www.admetec.com\/no\/wp-content\/uploads\/2024\/07\/admetec-logo.webp","width":397,"height":100,"caption":"ADMETEC"},"image":{"@id":"https:\/\/www.admetec.com\/no\/#\/schema\/logo\/image\/"},"sameAs":["https:\/\/www.facebook.com\/admetec","https:\/\/x.com\/admetec"]}]}},"_links":{"self":[{"href":"https:\/\/www.admetec.com\/no\/wp-json\/wp\/v2\/pages\/9841","targetHints":{"allow":["GET"]}}],"collection":[{"href":"https:\/\/www.admetec.com\/no\/wp-json\/wp\/v2\/pages"}],"about":[{"href":"https:\/\/www.admetec.com\/no\/wp-json\/wp\/v2\/types\/page"}],"author":[{"embeddable":true,"href":"https:\/\/www.admetec.com\/no\/wp-json\/wp\/v2\/users\/14"}],"replies":[{"embeddable":true,"href":"https:\/\/www.admetec.com\/no\/wp-json\/wp\/v2\/comments?post=9841"}],"version-history":[{"count":43,"href":"https:\/\/www.admetec.com\/no\/wp-json\/wp\/v2\/pages\/9841\/revisions"}],"predecessor-version":[{"id":12535,"href":"https:\/\/www.admetec.com\/no\/wp-json\/wp\/v2\/pages\/9841\/revisions\/12535"}],"wp:featuredmedia":[{"embeddable":true,"href":"https:\/\/www.admetec.com\/no\/wp-json\/wp\/v2\/media\/9840"}],"wp:attachment":[{"href":"https:\/\/www.admetec.com\/no\/wp-json\/wp\/v2\/media?parent=9841"}],"curies":[{"name":"wp","href":"https:\/\/api.w.org\/{rel}","templated":true}]}}