{"id":12121,"date":"2026-05-04T20:30:21","date_gmt":"2026-05-04T20:30:21","guid":{"rendered":"https:\/\/www.admetec.com\/pl\/?page_id=12121"},"modified":"2026-05-11T08:12:53","modified_gmt":"2026-05-11T08:12:53","slug":"loupes-warranty","status":"publish","type":"page","link":"https:\/\/www.admetec.com\/pl\/loupes-warranty\/","title":{"rendered":"Gwarancja Admetec\u00ae: Kompleksowa 5-letnia gwarancja na lupy"},"content":{"rendered":"\t\t<div data-elementor-type=\"wp-page\" data-elementor-id=\"12121\" class=\"elementor elementor-12121\" data-elementor-settings=\"{&quot;ha_cmc_init_switcher&quot;:&quot;no&quot;}\" data-elementor-post-type=\"page\">\n\t\t\t\t<div class=\"elementor-element elementor-element-74a1fa91 e-flex e-con-boxed e-con e-parent\" data-id=\"74a1fa91\" data-element_type=\"container\" data-settings=\"{&quot;_ha_eqh_enable&quot;:false}\">\n\t\t\t\t\t<div class=\"e-con-inner\">\n\t\t\t\t<div class=\"elementor-element elementor-element-31453a17 elementor-widget elementor-widget-heading\" data-id=\"31453a17\" data-element_type=\"widget\" data-widget_type=\"heading.default\">\n\t\t\t\t<div class=\"elementor-widget-container\">\n\t\t\t\t\t<h2 class=\"elementor-heading-title elementor-size-default\">Gwarancja Admetec\u00ae<\/h2>\t\t\t\t<\/div>\n\t\t\t\t<\/div>\n\t\t\t\t<div class=\"elementor-element elementor-element-2b5955af elementor-widget elementor-widget-heading\" data-id=\"2b5955af\" data-element_type=\"widget\" data-widget_type=\"heading.default\">\n\t\t\t\t<div class=\"elementor-widget-container\">\n\t\t\t\t\t<h2 class=\"elementor-heading-title elementor-size-default\">Kompleksowa 5-letnia gwarancja na lupy<\/h2>\t\t\t\t<\/div>\n\t\t\t\t<\/div>\n\t\t\t\t\t<\/div>\n\t\t\t\t<\/div>\n\t\t<div class=\"elementor-element elementor-element-2bbb60c3 e-flex e-con-boxed e-con e-parent\" data-id=\"2bbb60c3\" data-element_type=\"container\" data-settings=\"{&quot;_ha_eqh_enable&quot;:false}\">\n\t\t\t\t\t<div class=\"e-con-inner\">\n\t\t\t\t<div class=\"elementor-element elementor-element-3c2953c1 elementor-widget elementor-widget-text-editor\" data-id=\"3c2953c1\" data-element_type=\"widget\" data-widget_type=\"text-editor.default\">\n\t\t\t\t<div class=\"elementor-widget-container\">\n\t\t\t\t\t\t\t\t\t<h4 data-start=\"279\" data-end=\"303\">Zakres gwarancji:<\/h4><p data-start=\"327\" data-end=\"443\">Zobowi\u0105zania gwarancyjne firmy Admetec dotycz\u0105ce lup powi\u0119kszaj\u0105cych s\u0105 ograniczone do warunk\u00f3w okre\u015blonych poni\u017cej:<\/p><p data-start=\"445\" data-end=\"647\">Admetec gwarantuje, \u017ce lupy powi\u0119kszaj\u0105ce b\u0119d\u0105 wolne od wad materia\u0142owych i wykonawczych przez okres pi\u0119ciu (5) lat od daty pierwotnego zakupu. Okres ten b\u0119dzie dalej okre\u015blany jako \u201eOkres Gwarancyjny\u201d.<\/p><p data-start=\"649\" data-end=\"708\">Je\u015bli w trakcie Okresu Gwarancyjnego zostanie wykryta wada:<\/p><ul data-start=\"710\" data-end=\"1125\"><li data-section-id=\"23zujo\" data-start=\"710\" data-end=\"872\">Admetec naprawi lupy bez dodatkowych koszt\u00f3w. Naprawa mo\u017ce zosta\u0107 wykonana z u\u017cyciem nowych lub regenerowanych cz\u0119\u015bci, w zale\u017cno\u015bci od dost\u0119pno\u015bci materia\u0142\u00f3w.<\/li><li data-section-id=\"rnr2ex\" data-start=\"873\" data-end=\"1125\">Je\u015bli produkt nie b\u0119dzie nadawa\u0142 si\u0119 do naprawy, Admetec wymieni go na nowy produkt lub produkt zast\u0119pczy wykonany z nowych lub sprawnych u\u017cywanych cz\u0119\u015bci, pod warunkiem \u017ce produkt zast\u0119pczy zapewnia funkcjonalno\u015b\u0107 r\u00f3wnowa\u017cn\u0105 z produktem oryginalnym.<\/li><\/ul><p data-start=\"1127\" data-end=\"1298\">Ka\u017cdy produkt lub cz\u0119\u015b\u0107 wymieniona w ramach niniejszej gwarancji staje si\u0119 w\u0142asno\u015bci\u0105 firmy Admetec, natomiast produkt lub cz\u0119\u015bci zamienne staj\u0105 si\u0119 w\u0142asno\u015bci\u0105 kupuj\u0105cego.<\/p><h4 data-start=\"1300\" data-end=\"1328\">Wy\u0142\u0105czenia gwarancji:<\/h4><p data-start=\"1354\" data-end=\"1535\">Niniejsza gwarancja nie obejmuje uszkodze\u0144 wynikaj\u0105cych z powtarzaj\u0105cego si\u0119 ra\u017c\u0105cego niew\u0142a\u015bciwego u\u017cytkowania, powa\u017cnego nadu\u017cycia lub nieprawid\u0142owego obchodzenia si\u0119 z produktem.<\/p>\t\t\t\t\t\t\t\t<\/div>\n\t\t\t\t<\/div>\n\t\t\t\t<div class=\"elementor-element elementor-element-2ca7250c elementor-widget elementor-widget-text-editor\" data-id=\"2ca7250c\" data-element_type=\"widget\" data-widget_type=\"text-editor.default\">\n\t\t\t\t<div class=\"elementor-widget-container\">\n\t\t\t\t\t\t\t\t\t<p>Cz\u0119\u015b\u0107 instrukcji IFU IM4000004 Rev.F<\/p>\t\t\t\t\t\t\t\t<\/div>\n\t\t\t\t<\/div>\n\t\t\t\t\t<\/div>\n\t\t\t\t<\/div>\n\t\t\t\t<\/div>\n\t\t","protected":false},"excerpt":{"rendered":"<p>Gwarancja Admetec\u00ae Kompleksowa 5-letnia gwarancja na lupy Zakres gwarancji: Zobowi\u0105zania gwarancyjne firmy Admetec dotycz\u0105ce lup powi\u0119kszaj\u0105cych s\u0105 ograniczone do warunk\u00f3w okre\u015blonych poni\u017cej: Admetec gwarantuje, \u017ce lupy powi\u0119kszaj\u0105ce b\u0119d\u0105 wolne od wad materia\u0142owych i wykonawczych przez okres pi\u0119ciu (5) lat od daty pierwotnego zakupu. Okres ten b\u0119dzie dalej okre\u015blany jako \u201eOkres Gwarancyjny\u201d. Je\u015bli w trakcie Okresu [&hellip;]<\/p>\n","protected":false},"author":7,"featured_media":12163,"parent":0,"menu_order":0,"comment_status":"closed","ping_status":"closed","template":"","meta":{"_acf_changed":false,"content-type":"","footnotes":""},"class_list":["post-12121","page","type-page","status-publish","has-post-thumbnail","hentry"],"acf":[],"yoast_head":"<!-- This site is optimized with the Yoast SEO plugin v27.6 - https:\/\/yoast.com\/product\/yoast-seo-wordpress\/ -->\n<title>5-letnia gwarancja na lupy Admetec\u00ae | Pe\u0142na ochrona gwarancyjna<\/title>\n<meta name=\"description\" content=\"Poznaj 5-letni\u0105 gwarancj\u0119 na lupy Admetec\u00ae, obejmuj\u0105c\u0105 napraw\u0119 lub wymian\u0119 w przypadku wad materia\u0142owych lub produkcyjnych zgodnie z warunkami gwarancji.\" \/>\n<meta name=\"robots\" content=\"index, follow, max-snippet:-1, max-image-preview:large, max-video-preview:-1\" \/>\n<link rel=\"canonical\" href=\"https:\/\/www.admetec.com\/pl\/loupes-warranty\/\" \/>\n<meta property=\"og:locale\" content=\"pl_PL\" \/>\n<meta property=\"og:type\" content=\"article\" \/>\n<meta property=\"og:title\" content=\"5-letnia gwarancja na lupy Admetec\u00ae | Pe\u0142na ochrona gwarancyjna\" \/>\n<meta property=\"og:description\" content=\"Poznaj 5-letni\u0105 gwarancj\u0119 na lupy Admetec\u00ae, obejmuj\u0105c\u0105 napraw\u0119 lub wymian\u0119 w przypadku wad materia\u0142owych lub produkcyjnych zgodnie z warunkami gwarancji.\" \/>\n<meta property=\"og:url\" content=\"https:\/\/www.admetec.com\/pl\/loupes-warranty\/\" \/>\n<meta property=\"og:site_name\" content=\"ADMETEC\" \/>\n<meta property=\"article:publisher\" content=\"https:\/\/www.facebook.com\/admetec\" \/>\n<meta property=\"article:modified_time\" content=\"2026-05-11T08:12:53+00:00\" \/>\n<meta property=\"og:image\" content=\"https:\/\/www.admetec.com\/pl\/wp-content\/uploads\/2026\/05\/admetec-warranty.jpg\" \/>\n\t<meta property=\"og:image:width\" content=\"1080\" \/>\n\t<meta property=\"og:image:height\" content=\"1080\" \/>\n\t<meta property=\"og:image:type\" content=\"image\/jpeg\" \/>\n<meta name=\"twitter:card\" content=\"summary_large_image\" \/>\n<meta name=\"twitter:site\" content=\"@admetec\" \/>\n<meta name=\"twitter:label1\" content=\"Szacowany czas czytania\" \/>\n\t<meta name=\"twitter:data1\" content=\"1 minuta\" \/>\n<script type=\"application\/ld+json\" class=\"yoast-schema-graph\">{\"@context\":\"https:\\\/\\\/schema.org\",\"@graph\":[{\"@type\":\"WebPage\",\"@id\":\"https:\\\/\\\/www.admetec.com\\\/pl\\\/loupes-warranty\\\/\",\"url\":\"https:\\\/\\\/www.admetec.com\\\/pl\\\/loupes-warranty\\\/\",\"name\":\"5-letnia gwarancja na lupy Admetec\u00ae | Pe\u0142na ochrona gwarancyjna\",\"isPartOf\":{\"@id\":\"https:\\\/\\\/www.admetec.com\\\/pl\\\/#website\"},\"primaryImageOfPage\":{\"@id\":\"https:\\\/\\\/www.admetec.com\\\/pl\\\/loupes-warranty\\\/#primaryimage\"},\"image\":{\"@id\":\"https:\\\/\\\/www.admetec.com\\\/pl\\\/loupes-warranty\\\/#primaryimage\"},\"thumbnailUrl\":\"https:\\\/\\\/www.admetec.com\\\/pl\\\/wp-content\\\/uploads\\\/2026\\\/05\\\/admetec-warranty.jpg\",\"datePublished\":\"2026-05-04T20:30:21+00:00\",\"dateModified\":\"2026-05-11T08:12:53+00:00\",\"description\":\"Poznaj 5-letni\u0105 gwarancj\u0119 na lupy Admetec\u00ae, obejmuj\u0105c\u0105 napraw\u0119 lub wymian\u0119 w przypadku wad materia\u0142owych lub produkcyjnych zgodnie z warunkami gwarancji.\",\"breadcrumb\":{\"@id\":\"https:\\\/\\\/www.admetec.com\\\/pl\\\/loupes-warranty\\\/#breadcrumb\"},\"inLanguage\":\"pl-PL\",\"potentialAction\":[{\"@type\":\"ReadAction\",\"target\":[\"https:\\\/\\\/www.admetec.com\\\/pl\\\/loupes-warranty\\\/\"]}]},{\"@type\":\"ImageObject\",\"inLanguage\":\"pl-PL\",\"@id\":\"https:\\\/\\\/www.admetec.com\\\/pl\\\/loupes-warranty\\\/#primaryimage\",\"url\":\"https:\\\/\\\/www.admetec.com\\\/pl\\\/wp-content\\\/uploads\\\/2026\\\/05\\\/admetec-warranty.jpg\",\"contentUrl\":\"https:\\\/\\\/www.admetec.com\\\/pl\\\/wp-content\\\/uploads\\\/2026\\\/05\\\/admetec-warranty.jpg\",\"width\":1080,\"height\":1080},{\"@type\":\"BreadcrumbList\",\"@id\":\"https:\\\/\\\/www.admetec.com\\\/pl\\\/loupes-warranty\\\/#breadcrumb\",\"itemListElement\":[{\"@type\":\"ListItem\",\"position\":1,\"name\":\"Home\",\"item\":\"https:\\\/\\\/www.admetec.com\\\/pl\\\/\"},{\"@type\":\"ListItem\",\"position\":2,\"name\":\"Gwarancja Admetec\u00ae: Kompleksowa 5-letnia gwarancja na lupy\"}]},{\"@type\":\"WebSite\",\"@id\":\"https:\\\/\\\/www.admetec.com\\\/pl\\\/#website\",\"url\":\"https:\\\/\\\/www.admetec.com\\\/pl\\\/\",\"name\":\"ADMETEC\",\"description\":\"We&#039;ve got your back\",\"publisher\":{\"@id\":\"https:\\\/\\\/www.admetec.com\\\/pl\\\/#organization\"},\"potentialAction\":[{\"@type\":\"SearchAction\",\"target\":{\"@type\":\"EntryPoint\",\"urlTemplate\":\"https:\\\/\\\/www.admetec.com\\\/pl\\\/?s={search_term_string}\"},\"query-input\":{\"@type\":\"PropertyValueSpecification\",\"valueRequired\":true,\"valueName\":\"search_term_string\"}}],\"inLanguage\":\"pl-PL\"},{\"@type\":\"Organization\",\"@id\":\"https:\\\/\\\/www.admetec.com\\\/pl\\\/#organization\",\"name\":\"ADMETEC\",\"url\":\"https:\\\/\\\/www.admetec.com\\\/pl\\\/\",\"logo\":{\"@type\":\"ImageObject\",\"inLanguage\":\"pl-PL\",\"@id\":\"https:\\\/\\\/www.admetec.com\\\/pl\\\/#\\\/schema\\\/logo\\\/image\\\/\",\"url\":\"https:\\\/\\\/www.admetec.com\\\/pl\\\/wp-content\\\/uploads\\\/2023\\\/05\\\/Group-2@2x.png\",\"contentUrl\":\"https:\\\/\\\/www.admetec.com\\\/pl\\\/wp-content\\\/uploads\\\/2023\\\/05\\\/Group-2@2x.png\",\"width\":397,\"height\":100,\"caption\":\"ADMETEC\"},\"image\":{\"@id\":\"https:\\\/\\\/www.admetec.com\\\/pl\\\/#\\\/schema\\\/logo\\\/image\\\/\"},\"sameAs\":[\"https:\\\/\\\/www.facebook.com\\\/admetec\",\"https:\\\/\\\/x.com\\\/admetec\"]}]}<\/script>\n<!-- \/ Yoast SEO plugin. -->","yoast_head_json":{"title":"5-letnia gwarancja na lupy Admetec\u00ae | Pe\u0142na ochrona gwarancyjna","description":"Poznaj 5-letni\u0105 gwarancj\u0119 na lupy Admetec\u00ae, obejmuj\u0105c\u0105 napraw\u0119 lub wymian\u0119 w przypadku wad materia\u0142owych lub produkcyjnych zgodnie z warunkami gwarancji.","robots":{"index":"index","follow":"follow","max-snippet":"max-snippet:-1","max-image-preview":"max-image-preview:large","max-video-preview":"max-video-preview:-1"},"canonical":"https:\/\/www.admetec.com\/pl\/loupes-warranty\/","og_locale":"pl_PL","og_type":"article","og_title":"5-letnia gwarancja na lupy Admetec\u00ae | Pe\u0142na ochrona gwarancyjna","og_description":"Poznaj 5-letni\u0105 gwarancj\u0119 na lupy Admetec\u00ae, obejmuj\u0105c\u0105 napraw\u0119 lub wymian\u0119 w przypadku wad materia\u0142owych lub produkcyjnych zgodnie z warunkami gwarancji.","og_url":"https:\/\/www.admetec.com\/pl\/loupes-warranty\/","og_site_name":"ADMETEC","article_publisher":"https:\/\/www.facebook.com\/admetec","article_modified_time":"2026-05-11T08:12:53+00:00","og_image":[{"width":1080,"height":1080,"url":"https:\/\/www.admetec.com\/pl\/wp-content\/uploads\/2026\/05\/admetec-warranty.jpg","type":"image\/jpeg"}],"twitter_card":"summary_large_image","twitter_site":"@admetec","twitter_misc":{"Szacowany czas czytania":"1 minuta"},"schema":{"@context":"https:\/\/schema.org","@graph":[{"@type":"WebPage","@id":"https:\/\/www.admetec.com\/pl\/loupes-warranty\/","url":"https:\/\/www.admetec.com\/pl\/loupes-warranty\/","name":"5-letnia gwarancja na lupy Admetec\u00ae | Pe\u0142na ochrona gwarancyjna","isPartOf":{"@id":"https:\/\/www.admetec.com\/pl\/#website"},"primaryImageOfPage":{"@id":"https:\/\/www.admetec.com\/pl\/loupes-warranty\/#primaryimage"},"image":{"@id":"https:\/\/www.admetec.com\/pl\/loupes-warranty\/#primaryimage"},"thumbnailUrl":"https:\/\/www.admetec.com\/pl\/wp-content\/uploads\/2026\/05\/admetec-warranty.jpg","datePublished":"2026-05-04T20:30:21+00:00","dateModified":"2026-05-11T08:12:53+00:00","description":"Poznaj 5-letni\u0105 gwarancj\u0119 na lupy Admetec\u00ae, obejmuj\u0105c\u0105 napraw\u0119 lub wymian\u0119 w przypadku wad materia\u0142owych lub produkcyjnych zgodnie z warunkami gwarancji.","breadcrumb":{"@id":"https:\/\/www.admetec.com\/pl\/loupes-warranty\/#breadcrumb"},"inLanguage":"pl-PL","potentialAction":[{"@type":"ReadAction","target":["https:\/\/www.admetec.com\/pl\/loupes-warranty\/"]}]},{"@type":"ImageObject","inLanguage":"pl-PL","@id":"https:\/\/www.admetec.com\/pl\/loupes-warranty\/#primaryimage","url":"https:\/\/www.admetec.com\/pl\/wp-content\/uploads\/2026\/05\/admetec-warranty.jpg","contentUrl":"https:\/\/www.admetec.com\/pl\/wp-content\/uploads\/2026\/05\/admetec-warranty.jpg","width":1080,"height":1080},{"@type":"BreadcrumbList","@id":"https:\/\/www.admetec.com\/pl\/loupes-warranty\/#breadcrumb","itemListElement":[{"@type":"ListItem","position":1,"name":"Home","item":"https:\/\/www.admetec.com\/pl\/"},{"@type":"ListItem","position":2,"name":"Gwarancja Admetec\u00ae: Kompleksowa 5-letnia gwarancja na lupy"}]},{"@type":"WebSite","@id":"https:\/\/www.admetec.com\/pl\/#website","url":"https:\/\/www.admetec.com\/pl\/","name":"ADMETEC","description":"We&#039;ve got your back","publisher":{"@id":"https:\/\/www.admetec.com\/pl\/#organization"},"potentialAction":[{"@type":"SearchAction","target":{"@type":"EntryPoint","urlTemplate":"https:\/\/www.admetec.com\/pl\/?s={search_term_string}"},"query-input":{"@type":"PropertyValueSpecification","valueRequired":true,"valueName":"search_term_string"}}],"inLanguage":"pl-PL"},{"@type":"Organization","@id":"https:\/\/www.admetec.com\/pl\/#organization","name":"ADMETEC","url":"https:\/\/www.admetec.com\/pl\/","logo":{"@type":"ImageObject","inLanguage":"pl-PL","@id":"https:\/\/www.admetec.com\/pl\/#\/schema\/logo\/image\/","url":"https:\/\/www.admetec.com\/pl\/wp-content\/uploads\/2023\/05\/Group-2@2x.png","contentUrl":"https:\/\/www.admetec.com\/pl\/wp-content\/uploads\/2023\/05\/Group-2@2x.png","width":397,"height":100,"caption":"ADMETEC"},"image":{"@id":"https:\/\/www.admetec.com\/pl\/#\/schema\/logo\/image\/"},"sameAs":["https:\/\/www.facebook.com\/admetec","https:\/\/x.com\/admetec"]}]}},"_links":{"self":[{"href":"https:\/\/www.admetec.com\/pl\/wp-json\/wp\/v2\/pages\/12121","targetHints":{"allow":["GET"]}}],"collection":[{"href":"https:\/\/www.admetec.com\/pl\/wp-json\/wp\/v2\/pages"}],"about":[{"href":"https:\/\/www.admetec.com\/pl\/wp-json\/wp\/v2\/types\/page"}],"author":[{"embeddable":true,"href":"https:\/\/www.admetec.com\/pl\/wp-json\/wp\/v2\/users\/7"}],"replies":[{"embeddable":true,"href":"https:\/\/www.admetec.com\/pl\/wp-json\/wp\/v2\/comments?post=12121"}],"version-history":[{"count":11,"href":"https:\/\/www.admetec.com\/pl\/wp-json\/wp\/v2\/pages\/12121\/revisions"}],"predecessor-version":[{"id":12171,"href":"https:\/\/www.admetec.com\/pl\/wp-json\/wp\/v2\/pages\/12121\/revisions\/12171"}],"wp:featuredmedia":[{"embeddable":true,"href":"https:\/\/www.admetec.com\/pl\/wp-json\/wp\/v2\/media\/12163"}],"wp:attachment":[{"href":"https:\/\/www.admetec.com\/pl\/wp-json\/wp\/v2\/media?parent=12121"}],"curies":[{"name":"wp","href":"https:\/\/api.w.org\/{rel}","templated":true}]}}