{"id":6199,"date":"2024-01-16T12:28:45","date_gmt":"2024-01-16T12:28:45","guid":{"rendered":"https:\/\/www.admetec.com\/pl\/?page_id=6199"},"modified":"2025-06-03T14:05:30","modified_gmt":"2025-06-03T14:05:30","slug":"privacy-policy","status":"publish","type":"page","link":"https:\/\/www.admetec.com\/pl\/privacy-policy\/","title":{"rendered":"Polityka prywatno\u015bci"},"content":{"rendered":"\t\t<div data-elementor-type=\"wp-page\" data-elementor-id=\"6199\" class=\"elementor elementor-6199\" data-elementor-settings=\"{&quot;ha_cmc_init_switcher&quot;:&quot;no&quot;}\" data-elementor-post-type=\"page\">\n\t\t\t\t<div class=\"elementor-element elementor-element-47e5f13 e-flex e-con-boxed e-con e-parent\" data-id=\"47e5f13\" data-element_type=\"container\" data-settings=\"{&quot;_ha_eqh_enable&quot;:false}\">\n\t\t\t\t\t<div class=\"e-con-inner\">\n\t\t\t\t<div class=\"elementor-element elementor-element-296171b elementor-widget elementor-widget-heading\" data-id=\"296171b\" data-element_type=\"widget\" data-widget_type=\"heading.default\">\n\t\t\t\t<div class=\"elementor-widget-container\">\n\t\t\t\t\t<h2 class=\"elementor-heading-title elementor-size-default\">Polityka prywatno\u015bci<\/h2>\t\t\t\t<\/div>\n\t\t\t\t<\/div>\n\t\t\t\t\t<\/div>\n\t\t\t\t<\/div>\n\t\t<div class=\"elementor-element elementor-element-d333dba e-flex e-con-boxed e-con e-parent\" data-id=\"d333dba\" data-element_type=\"container\" data-settings=\"{&quot;_ha_eqh_enable&quot;:false}\">\n\t\t\t\t\t<div class=\"e-con-inner\">\n\t\t\t\t<div class=\"elementor-element elementor-element-b7b551b elementor-widget elementor-widget-text-editor\" data-id=\"b7b551b\" data-element_type=\"widget\" data-widget_type=\"text-editor.default\">\n\t\t\t\t<div class=\"elementor-widget-container\">\n\t\t\t\t\t\t\t\t\t<p>Dla Admetec dost\u0119pnym pod adresem www.admetec.com jednym z g\u0142\u00f3wnych priorytet\u00f3w jest prywatno\u015b\u0107 odwiedzaj\u0105cych. Niniejsza Polityka prywatno\u015bci zawiera rodzaje informacji gromadzonych i rejestrowanych przez Admetec oraz spos\u00f3b ich wykorzystywania.<\/p><p>Je\u015bli masz dodatkowe pytania lub potrzebujesz wi\u0119cej informacji na temat niniejszej Polityki prywatno\u015bci, napisz do nas.<\/p><p>Niniejsza Polityka prywatno\u015bci ma zastosowanie wy\u0142\u0105cznie do naszych dzia\u0142a\u0144 online i jest wa\u017cna dla odwiedzaj\u0105cych nasz\u0105 stron\u0119 internetow\u0105 w odniesieniu do informacji, kt\u00f3re udost\u0119pniaj\u0105 lub gromadz\u0105 w Admetec. Niniejsza polityka nie ma zastosowania do \u017cadnych informacji gromadzonych offline lub za po\u015brednictwem kana\u0142\u00f3w innych ni\u017c niniejsza strona internetowa.<\/p><h4>Zgoda<\/h4><p>Korzystaj\u0105c z naszej strony internetowej, u\u017cytkownik wyra\u017ca zgod\u0119 na nasz\u0105 Polityk\u0119 prywatno\u015bci i akceptuje jej warunki.<\/p><h4>Gromadzone informacje<\/h4><p>Dane osobowe, o kt\u00f3rych podanie u\u017cytkownik jest proszony, oraz powody, dla kt\u00f3rych u\u017cytkownik jest proszony o ich podanie, zostan\u0105 mu wyja\u015bnione w momencie, gdy poprosimy go o podanie danych osobowych.<\/p><p>Je\u015bli u\u017cytkownik skontaktuje si\u0119 z nami bezpo\u015brednio, mo\u017cemy otrzyma\u0107 dodatkowe informacje o u\u017cytkowniku, takie jak imi\u0119 i nazwisko, adres e-mail, numer telefonu, tre\u015b\u0107 wiadomo\u015bci, lub za\u0142\u0105cznik\u00f3w, kt\u00f3re u\u017cytkownik mo\u017ce nam przes\u0142a\u0107, oraz wszelkie inne informacje, kt\u00f3re u\u017cytkownik zdecyduje si\u0119 poda\u0107.<\/p><p>Podczas tworzenia konta u\u017cytkownika mo\u017cemy poprosi\u0107 o podanie danych kontaktowych, w tym imienia i nazwiska, nazwy firmy, adresu, adresu e-mail i numeru telefonu, dowodu to\u017csamo\u015bci, wieku, wady wzroku itp.<\/p><h4>Jak wykorzystujemy informacje o u\u017cytkowniku<\/h4><p>Gromadzone przez nas informacje wykorzystujemy na r\u00f3\u017cne sposoby, w tym:<\/p><ul><li>Dostarczanie, obs\u0142uga i konserwacja naszych produkt\u00f3w, us\u0142ug i strony internetowej<\/li><li>Ulepszanie, personalizowanie i rozszerzanie naszych produkt\u00f3w, us\u0142ug i strony internetowej.<\/li><li>Zrozumienie i analiza sposobu, w jaki u\u017cytkownik korzysta z naszych produkt\u00f3w, us\u0142ug i strony internetowej<\/li><li>Opracowywanie nowych produkt\u00f3w, us\u0142ug, funkcji i funkcjonalno\u015bci<\/li><li>Komunikacja z u\u017cytkownikiem, bezpo\u015brednio lub za po\u015brednictwem jednego z naszych partner\u00f3w, w tym w ramach obs\u0142ugi klienta, w celu dostarczania u\u017cytkownikowi aktualizacji i innych informacji dotycz\u0105cych strony internetowej, produkt\u00f3w i us\u0142ug w og\u00f3le, a tak\u017ce w celach marketingowych i promocyjnych.<\/li><li>Wysy\u0142anie wiadomo\u015bci e-mail<\/li><li>Znajdowanie i zapobieganie oszustwom<\/li><\/ul><h4>Pliki dziennika<\/h4><p>Admetec stosuje standardow\u0105 procedur\u0119 korzystania z plik\u00f3w dziennika. Pliki te rejestruj\u0105 odwiedzaj\u0105cych, gdy odwiedzaj\u0105 strony internetowe. Jest to cz\u0119\u015b\u0107 analityki us\u0142ug hostingowych. Informacje gromadzone przez pliki dziennika obejmuj\u0105 adresy protoko\u0142u internetowego (IP), typ przegl\u0105darki, dostawc\u0119 us\u0142ug internetowych (ISP), znacznik daty i godziny, strony odsy\u0142aj\u0105ce\/wyj\u015bciowe i ewentualnie liczb\u0119 klikni\u0119\u0107. Nie s\u0105 one powi\u0105zane z \u017cadnymi informacjami umo\u017cliwiaj\u0105cymi identyfikacj\u0119 u\u017cytkownika. Celem tych informacji jest analiza trend\u00f3w, administrowanie witryn\u0105, \u015bledzenie ruchu u\u017cytkownik\u00f3w w witrynie oraz gromadzenie informacji demograficznych.<\/p><h4>Pliki cookie i Web Beacons<\/h4><p>Admetec wykorzystuje pliki cookies. Pliki cookie s\u0105 u\u017cywane do przechowywania informacji, w tym preferencji odwiedzaj\u0105cych oraz stron w witrynie, do kt\u00f3rych odwiedzaj\u0105cy uzyska\u0142 dost\u0119p lub kt\u00f3re odwiedzi\u0142. Informacje te s\u0105 wykorzystywane w celu optymalizacji do\u015bwiadcze\u0144 u\u017cytkownik\u00f3w poprzez dostosowywanie zawarto\u015bci naszych stron internetowych na podstawie typu przegl\u0105darki odwiedzaj\u0105cych lub innych informacji.<\/p><h4>Plik cookie Google DoubleClick DART<\/h4><p>Google jest jednym z zewn\u0119trznych dostawc\u00f3w na naszej stronie. Wykorzystuje r\u00f3wnie\u017c pliki cookie, znane jako pliki cookie DART, do wy\u015bwietlania reklam odwiedzaj\u0105cym nasz\u0105 witryn\u0119 na podstawie ich wizyt na stronie www.admetec.com i innych witrynach w Internecie. Odwiedzaj\u0105cy mog\u0105 jednak zrezygnowa\u0107 z korzystania z plik\u00f3w cookie DART, odwiedzaj\u0105c Polityk\u0119 prywatno\u015bci sieci reklamowej i tre\u015bci Google pod nast\u0119puj\u0105cym adresem URL \u2013 <a href=\"https:\/\/policies.google.com\/technologies\/ads\">https:\/\/policies.google.com\/technologies\/ads<\/a><\/p><h4>Nasi partnerzy reklamowi<\/h4><p>Niekt\u00f3rzy reklamodawcy na naszej stronie mog\u0105 u\u017cywa\u0107 plik\u00f3w cookie i web beacons. Nasi partnerzy reklamowi s\u0105 wymienieni poni\u017cej. Ka\u017cdy z naszych partner\u00f3w reklamowych posiada w\u0142asn\u0105 Polityk\u0119 prywatno\u015bci dotycz\u0105c\u0105 danych u\u017cytkownika. Aby u\u0142atwi\u0107 dost\u0119p, poni\u017cej zamie\u015bcili\u015bmy hiper\u0142\u0105cza do ich polityk prywatno\u015bci.<\/p><ul><li><p>Google<\/p><p><a href=\"https:\/\/policies.google.com\/technologies\/ads\">https:\/\/policies.google.com\/technologies\/ads<\/a><\/p><\/li><li><p>Meta<\/p><p><a href=\"https:\/\/www.facebook.com\/business\/help\/488043719226449?id=434838534925385\">https:\/\/www.facebook.com\/business\/help\/488043719226449<\/a><\/p><\/li><li><p>LinkedIn<\/p><p><a href=\"https:\/\/www.linkedin.com\/legal\/ads-policy\">https:\/\/www.linkedin.com\/legal\/ads-policy<\/a><\/p><\/li><\/ul><h4>Polityka prywatno\u015bci partner\u00f3w reklamowych<\/h4><p>Mo\u017cesz zapozna\u0107 si\u0119 z t\u0105 list\u0105, aby znale\u017a\u0107 Polityk\u0119 prywatno\u015bci dla ka\u017cdego z partner\u00f3w reklamowych Admetec.<\/p><p>Zewn\u0119trzne serwery reklamowe lub sieci reklamowe wykorzystuj\u0105 technologie, takie jak pliki cookie, JavaScript lub web beacons w reklamach i linkach wy\u015bwietlanych w Admetec, kt\u00f3re s\u0105 wysy\u0142ane bezpo\u015brednio do przegl\u0105darek u\u017cytkownik\u00f3w. W takim przypadku automatycznie otrzymuj\u0105 adres IP u\u017cytkownika. Technologie te s\u0105 wykorzystywane do pomiaru skuteczno\u015bci kampanii reklamowych lub personalizacji tre\u015bci reklamowych wy\u015bwietlanych na odwiedzanych stronach internetowych.<\/p><p>Admetec nie ma dost\u0119pu ani kontroli nad plikami cookie, kt\u00f3re s\u0105 u\u017cywane przez zewn\u0119trznych reklamodawc\u00f3w.<\/p><h4>Polityka prywatno\u015bci stron trzecich<\/h4><p>Polityka prywatno\u015bci Admetec nie ma zastosowania do innych reklamodawc\u00f3w lub stron internetowych. W zwi\u0105zku z tym zalecamy zapoznanie si\u0119 z odpowiednimi Politykami prywatno\u015bci zewn\u0119trznych serwer\u00f3w reklamowych w celu uzyskania szczeg\u00f3\u0142owych informacji. Mog\u0105 one zawiera\u0107 ich praktyki i instrukcje dotycz\u0105ce sposobu rezygnacji z niekt\u00f3rych opcji.<\/p><p>U\u017cytkownik mo\u017ce wy\u0142\u0105czy\u0107 pliki cookie w opcjach swojej przegl\u0105darki. Szczeg\u00f3\u0142owe informacje na temat zarz\u0105dzania plikami cookie w okre\u015blonych przegl\u0105darkach internetowych mo\u017cna znale\u017a\u0107 na odpowiednich stronach internetowych przegl\u0105darek.<\/p><h4>Ustawa CCPA (Zakaz sprzeda\u017cy danych osobowych)<\/h4><p>Zgodnie z CCPA, opr\u00f3cz innych praw, konsumenci w Kalifornii maj\u0105 prawo do:<\/p><p>\u017b\u0105dania, aby firma, kt\u00f3ra gromadzi dane osobowe konsumenta, ujawni\u0142a kategorie i konkretne dane osobowe, kt\u00f3re firma zgromadzi\u0142a na temat konsument\u00f3w.<\/p><p>\u017b\u0105dania od firmy usuni\u0119cia wszelkich danych osobowych konsumenta, kt\u00f3re firma zgromadzi\u0142a.<\/p><p>\u017b\u0105dania, aby firma, kt\u00f3ra sprzedaje dane osobowe konsumenta, nie sprzedawa\u0142a danych osobowych konsumenta.<\/p><p>W przypadku z\u0142o\u017cenia wniosku mamy miesi\u0105c na udzielenie odpowiedzi. Je\u015bli chcesz skorzysta\u0107 z kt\u00f3regokolwiek z tych praw, skontaktuj si\u0119 z nami.<\/p><h4>Prawa do ochrony danych, wynikaj\u0105ce z RODO<\/h4><p>Chcemy mie\u0107 pewno\u015b\u0107, \u017ce u\u017cytkownik jest w pe\u0142ni \u015bwiadomy wszystkich swoich praw do ochrony danych. Ka\u017cdy u\u017cytkownik ma:<\/p><p>prawo do dost\u0119pu &#8211; U\u017cytkownik ma prawo za\u017c\u0105da\u0107 kopii swoich danych osobowych. Za t\u0119 us\u0142ug\u0119 mo\u017cemy pobra\u0107 niewielk\u0105 op\u0142at\u0119.<\/p><p>prawo do sprostowania &#8211; U\u017cytkownik ma prawo za\u017c\u0105da\u0107 od nas sprostowania wszelkich informacji, kt\u00f3re uwa\u017ca za niedok\u0142adne. U\u017cytkownik ma r\u00f3wnie\u017c prawo za\u017c\u0105da\u0107 od nas uzupe\u0142nienia informacji, kt\u00f3re uwa\u017ca za niekompletne.<\/p><p>prawo do usuni\u0119cia danych &#8211; U\u017cytkownik ma prawo za\u017c\u0105da\u0107 usuni\u0119cia swoich danych osobowych, pod pewnymi warunkami.<\/p><p>prawo do ograniczenia przetwarzania &#8211; U\u017cytkownik ma prawo za\u017c\u0105da\u0107 od nas ograniczenia przetwarzania jego danych osobowych pod pewnymi warunkami.<\/p><p>prawo do sprzeciwu wobec przetwarzania &#8211; U\u017cytkownik ma prawo sprzeciwi\u0107 si\u0119 przetwarzaniu przez nas jego danych osobowych pod pewnymi warunkami.<\/p><p>prawo do przenoszenia danych &#8211; u\u017cytkownik ma prawo za\u017c\u0105da\u0107, aby\u015bmy przekazali zebrane przez nas dane innej organizacji lub bezpo\u015brednio u\u017cytkownikowi, pod pewnymi warunkami.<\/p><p>W przypadku z\u0142o\u017cenia wniosku mamy miesi\u0105c na udzielenie odpowiedzi. Je\u015bli chcesz skorzysta\u0107 z kt\u00f3regokolwiek z tych praw, skontaktuj si\u0119 z nami.<\/p><h4>Osoby niepe\u0142noletnie<\/h4><p>Dbamy o osoby nieletnie podczas ich korzystania z Internetu. Zach\u0119camy rodzic\u00f3w i opiekun\u00f3w do obserwowania, uczestniczenia lub monitorowania i kierowania ich aktywno\u015bci\u0105 online.<\/p><p>Admetec nie zbiera \u015bwiadomie \u017cadnych danych osobowych od os\u00f3b poni\u017cej 13 roku \u017cycia. Je\u015bli uwa\u017casz, \u017ce Twoje dziecko poda\u0142o tego rodzaju informacje na naszej stronie internetowej, skontaktuj si\u0119 z nami, a my do\u0142o\u017cymy wszelkich stara\u0144, aby niezw\u0142ocznie usun\u0105\u0107 takie informacje z naszych baz danych.<\/p><h4>Zmiany w niniejszej Polityce prywatno\u015bci<\/h4><p>Mo\u017cemy aktualizowa\u0107 nasz\u0105 Polityk\u0119 prywatno\u015bci. W zwi\u0105zku z tym zalecamy u\u017cytkownikowi okresowe sprawdzanie tej strony pod k\u0105tem wszelkich zmian. Powiadomimy u\u017cytkownika o wszelkich zmianach, publikuj\u0105c now\u0105 Polityk\u0119 prywatno\u015bci na tej stronie. Zmiany te wchodz\u0105 w \u017cycie natychmiast po ich opublikowaniu na tej stronie.<\/p><h4>Kontakt<\/h4><p>W przypadku jakichkolwiek pyta\u0144 lub sugestii dotycz\u0105cych naszej Polityki prywatno\u015bci skontaktuj si\u0119 z nami.<\/p>\t\t\t\t\t\t\t\t<\/div>\n\t\t\t\t<\/div>\n\t\t\t\t\t<\/div>\n\t\t\t\t<\/div>\n\t\t\t\t<\/div>\n\t\t","protected":false},"excerpt":{"rendered":"<p>Polityka prywatno\u015bci Dla Admetec dost\u0119pnym pod adresem www.admetec.com jednym z g\u0142\u00f3wnych priorytet\u00f3w jest prywatno\u015b\u0107 odwiedzaj\u0105cych. Niniejsza Polityka prywatno\u015bci zawiera rodzaje informacji gromadzonych i rejestrowanych przez Admetec oraz spos\u00f3b ich wykorzystywania. Je\u015bli masz dodatkowe pytania lub potrzebujesz wi\u0119cej informacji na temat niniejszej Polityki prywatno\u015bci, napisz do nas. Niniejsza Polityka prywatno\u015bci ma zastosowanie wy\u0142\u0105cznie do naszych dzia\u0142a\u0144 [&hellip;]<\/p>\n","protected":false},"author":6,"featured_media":0,"parent":0,"menu_order":0,"comment_status":"closed","ping_status":"closed","template":"","meta":{"_acf_changed":false,"content-type":"","footnotes":""},"class_list":["post-6199","page","type-page","status-publish","hentry"],"acf":[],"yoast_head":"<!-- This site is optimized with the Yoast SEO plugin v27.6 - https:\/\/yoast.com\/product\/yoast-seo-wordpress\/ -->\n<title>Polityka prywatno\u015bci - ADMETEC<\/title>\n<meta name=\"robots\" content=\"index, follow, max-snippet:-1, max-image-preview:large, max-video-preview:-1\" \/>\n<link rel=\"canonical\" href=\"https:\/\/www.admetec.com\/pl\/privacy-policy\/\" \/>\n<meta property=\"og:locale\" content=\"pl_PL\" \/>\n<meta property=\"og:type\" content=\"article\" \/>\n<meta property=\"og:title\" content=\"Polityka prywatno\u015bci - ADMETEC\" \/>\n<meta property=\"og:description\" content=\"Polityka prywatno\u015bci Dla Admetec dost\u0119pnym pod adresem www.admetec.com jednym z g\u0142\u00f3wnych priorytet\u00f3w jest prywatno\u015b\u0107 odwiedzaj\u0105cych. Niniejsza Polityka prywatno\u015bci zawiera rodzaje informacji gromadzonych i rejestrowanych przez Admetec oraz spos\u00f3b ich wykorzystywania. Je\u015bli masz dodatkowe pytania lub potrzebujesz wi\u0119cej informacji na temat niniejszej Polityki prywatno\u015bci, napisz do nas. Niniejsza Polityka prywatno\u015bci ma zastosowanie wy\u0142\u0105cznie do naszych dzia\u0142a\u0144 [&hellip;]\" \/>\n<meta property=\"og:url\" content=\"https:\/\/www.admetec.com\/pl\/privacy-policy\/\" \/>\n<meta property=\"og:site_name\" content=\"ADMETEC\" \/>\n<meta property=\"article:publisher\" content=\"https:\/\/www.facebook.com\/admetec\" \/>\n<meta property=\"article:modified_time\" content=\"2025-06-03T14:05:30+00:00\" \/>\n<meta name=\"twitter:card\" content=\"summary_large_image\" \/>\n<meta name=\"twitter:site\" content=\"@admetec\" \/>\n<meta name=\"twitter:label1\" content=\"Szacowany czas czytania\" \/>\n\t<meta name=\"twitter:data1\" content=\"7 minut\" \/>\n<script type=\"application\/ld+json\" class=\"yoast-schema-graph\">{\"@context\":\"https:\\\/\\\/schema.org\",\"@graph\":[{\"@type\":\"WebPage\",\"@id\":\"https:\\\/\\\/www.admetec.com\\\/pl\\\/privacy-policy\\\/\",\"url\":\"https:\\\/\\\/www.admetec.com\\\/pl\\\/privacy-policy\\\/\",\"name\":\"Polityka prywatno\u015bci - ADMETEC\",\"isPartOf\":{\"@id\":\"https:\\\/\\\/www.admetec.com\\\/pl\\\/#website\"},\"datePublished\":\"2024-01-16T12:28:45+00:00\",\"dateModified\":\"2025-06-03T14:05:30+00:00\",\"breadcrumb\":{\"@id\":\"https:\\\/\\\/www.admetec.com\\\/pl\\\/privacy-policy\\\/#breadcrumb\"},\"inLanguage\":\"pl-PL\",\"potentialAction\":[{\"@type\":\"ReadAction\",\"target\":[\"https:\\\/\\\/www.admetec.com\\\/pl\\\/privacy-policy\\\/\"]}]},{\"@type\":\"BreadcrumbList\",\"@id\":\"https:\\\/\\\/www.admetec.com\\\/pl\\\/privacy-policy\\\/#breadcrumb\",\"itemListElement\":[{\"@type\":\"ListItem\",\"position\":1,\"name\":\"Home\",\"item\":\"https:\\\/\\\/www.admetec.com\\\/pl\\\/\"},{\"@type\":\"ListItem\",\"position\":2,\"name\":\"Polityka prywatno\u015bci\"}]},{\"@type\":\"WebSite\",\"@id\":\"https:\\\/\\\/www.admetec.com\\\/pl\\\/#website\",\"url\":\"https:\\\/\\\/www.admetec.com\\\/pl\\\/\",\"name\":\"ADMETEC\",\"description\":\"We&#039;ve got your back\",\"publisher\":{\"@id\":\"https:\\\/\\\/www.admetec.com\\\/pl\\\/#organization\"},\"potentialAction\":[{\"@type\":\"SearchAction\",\"target\":{\"@type\":\"EntryPoint\",\"urlTemplate\":\"https:\\\/\\\/www.admetec.com\\\/pl\\\/?s={search_term_string}\"},\"query-input\":{\"@type\":\"PropertyValueSpecification\",\"valueRequired\":true,\"valueName\":\"search_term_string\"}}],\"inLanguage\":\"pl-PL\"},{\"@type\":\"Organization\",\"@id\":\"https:\\\/\\\/www.admetec.com\\\/pl\\\/#organization\",\"name\":\"ADMETEC\",\"url\":\"https:\\\/\\\/www.admetec.com\\\/pl\\\/\",\"logo\":{\"@type\":\"ImageObject\",\"inLanguage\":\"pl-PL\",\"@id\":\"https:\\\/\\\/www.admetec.com\\\/pl\\\/#\\\/schema\\\/logo\\\/image\\\/\",\"url\":\"https:\\\/\\\/www.admetec.com\\\/pl\\\/wp-content\\\/uploads\\\/2023\\\/05\\\/Group-2@2x.png\",\"contentUrl\":\"https:\\\/\\\/www.admetec.com\\\/pl\\\/wp-content\\\/uploads\\\/2023\\\/05\\\/Group-2@2x.png\",\"width\":397,\"height\":100,\"caption\":\"ADMETEC\"},\"image\":{\"@id\":\"https:\\\/\\\/www.admetec.com\\\/pl\\\/#\\\/schema\\\/logo\\\/image\\\/\"},\"sameAs\":[\"https:\\\/\\\/www.facebook.com\\\/admetec\",\"https:\\\/\\\/x.com\\\/admetec\"]}]}<\/script>\n<!-- \/ Yoast SEO plugin. -->","yoast_head_json":{"title":"Polityka prywatno\u015bci - ADMETEC","robots":{"index":"index","follow":"follow","max-snippet":"max-snippet:-1","max-image-preview":"max-image-preview:large","max-video-preview":"max-video-preview:-1"},"canonical":"https:\/\/www.admetec.com\/pl\/privacy-policy\/","og_locale":"pl_PL","og_type":"article","og_title":"Polityka prywatno\u015bci - ADMETEC","og_description":"Polityka prywatno\u015bci Dla Admetec dost\u0119pnym pod adresem www.admetec.com jednym z g\u0142\u00f3wnych priorytet\u00f3w jest prywatno\u015b\u0107 odwiedzaj\u0105cych. Niniejsza Polityka prywatno\u015bci zawiera rodzaje informacji gromadzonych i rejestrowanych przez Admetec oraz spos\u00f3b ich wykorzystywania. Je\u015bli masz dodatkowe pytania lub potrzebujesz wi\u0119cej informacji na temat niniejszej Polityki prywatno\u015bci, napisz do nas. Niniejsza Polityka prywatno\u015bci ma zastosowanie wy\u0142\u0105cznie do naszych dzia\u0142a\u0144 [&hellip;]","og_url":"https:\/\/www.admetec.com\/pl\/privacy-policy\/","og_site_name":"ADMETEC","article_publisher":"https:\/\/www.facebook.com\/admetec","article_modified_time":"2025-06-03T14:05:30+00:00","twitter_card":"summary_large_image","twitter_site":"@admetec","twitter_misc":{"Szacowany czas czytania":"7 minut"},"schema":{"@context":"https:\/\/schema.org","@graph":[{"@type":"WebPage","@id":"https:\/\/www.admetec.com\/pl\/privacy-policy\/","url":"https:\/\/www.admetec.com\/pl\/privacy-policy\/","name":"Polityka prywatno\u015bci - ADMETEC","isPartOf":{"@id":"https:\/\/www.admetec.com\/pl\/#website"},"datePublished":"2024-01-16T12:28:45+00:00","dateModified":"2025-06-03T14:05:30+00:00","breadcrumb":{"@id":"https:\/\/www.admetec.com\/pl\/privacy-policy\/#breadcrumb"},"inLanguage":"pl-PL","potentialAction":[{"@type":"ReadAction","target":["https:\/\/www.admetec.com\/pl\/privacy-policy\/"]}]},{"@type":"BreadcrumbList","@id":"https:\/\/www.admetec.com\/pl\/privacy-policy\/#breadcrumb","itemListElement":[{"@type":"ListItem","position":1,"name":"Home","item":"https:\/\/www.admetec.com\/pl\/"},{"@type":"ListItem","position":2,"name":"Polityka prywatno\u015bci"}]},{"@type":"WebSite","@id":"https:\/\/www.admetec.com\/pl\/#website","url":"https:\/\/www.admetec.com\/pl\/","name":"ADMETEC","description":"We&#039;ve got your back","publisher":{"@id":"https:\/\/www.admetec.com\/pl\/#organization"},"potentialAction":[{"@type":"SearchAction","target":{"@type":"EntryPoint","urlTemplate":"https:\/\/www.admetec.com\/pl\/?s={search_term_string}"},"query-input":{"@type":"PropertyValueSpecification","valueRequired":true,"valueName":"search_term_string"}}],"inLanguage":"pl-PL"},{"@type":"Organization","@id":"https:\/\/www.admetec.com\/pl\/#organization","name":"ADMETEC","url":"https:\/\/www.admetec.com\/pl\/","logo":{"@type":"ImageObject","inLanguage":"pl-PL","@id":"https:\/\/www.admetec.com\/pl\/#\/schema\/logo\/image\/","url":"https:\/\/www.admetec.com\/pl\/wp-content\/uploads\/2023\/05\/Group-2@2x.png","contentUrl":"https:\/\/www.admetec.com\/pl\/wp-content\/uploads\/2023\/05\/Group-2@2x.png","width":397,"height":100,"caption":"ADMETEC"},"image":{"@id":"https:\/\/www.admetec.com\/pl\/#\/schema\/logo\/image\/"},"sameAs":["https:\/\/www.facebook.com\/admetec","https:\/\/x.com\/admetec"]}]}},"_links":{"self":[{"href":"https:\/\/www.admetec.com\/pl\/wp-json\/wp\/v2\/pages\/6199","targetHints":{"allow":["GET"]}}],"collection":[{"href":"https:\/\/www.admetec.com\/pl\/wp-json\/wp\/v2\/pages"}],"about":[{"href":"https:\/\/www.admetec.com\/pl\/wp-json\/wp\/v2\/types\/page"}],"author":[{"embeddable":true,"href":"https:\/\/www.admetec.com\/pl\/wp-json\/wp\/v2\/users\/6"}],"replies":[{"embeddable":true,"href":"https:\/\/www.admetec.com\/pl\/wp-json\/wp\/v2\/comments?post=6199"}],"version-history":[{"count":14,"href":"https:\/\/www.admetec.com\/pl\/wp-json\/wp\/v2\/pages\/6199\/revisions"}],"predecessor-version":[{"id":9800,"href":"https:\/\/www.admetec.com\/pl\/wp-json\/wp\/v2\/pages\/6199\/revisions\/9800"}],"wp:attachment":[{"href":"https:\/\/www.admetec.com\/pl\/wp-json\/wp\/v2\/media?parent=6199"}],"curies":[{"name":"wp","href":"https:\/\/api.w.org\/{rel}","templated":true}]}}