{"id":6204,"date":"2024-01-16T12:54:18","date_gmt":"2024-01-16T12:54:18","guid":{"rendered":"https:\/\/www.admetec.com\/pl\/?page_id=6204"},"modified":"2025-06-03T14:09:15","modified_gmt":"2025-06-03T14:09:15","slug":"terms-and-conditions","status":"publish","type":"page","link":"https:\/\/www.admetec.com\/pl\/terms-and-conditions\/","title":{"rendered":"Regulamin"},"content":{"rendered":"\t\t<div data-elementor-type=\"wp-page\" data-elementor-id=\"6204\" class=\"elementor elementor-6204\" data-elementor-settings=\"{&quot;ha_cmc_init_switcher&quot;:&quot;no&quot;}\" data-elementor-post-type=\"page\">\n\t\t\t\t<div class=\"elementor-element elementor-element-47e5f13 e-flex e-con-boxed e-con e-parent\" data-id=\"47e5f13\" data-element_type=\"container\" data-settings=\"{&quot;_ha_eqh_enable&quot;:false}\">\n\t\t\t\t\t<div class=\"e-con-inner\">\n\t\t\t\t<div class=\"elementor-element elementor-element-296171b elementor-widget elementor-widget-heading\" data-id=\"296171b\" data-element_type=\"widget\" data-widget_type=\"heading.default\">\n\t\t\t\t<div class=\"elementor-widget-container\">\n\t\t\t\t\t<h2 class=\"elementor-heading-title elementor-size-default\">Regulamin<\/h2>\t\t\t\t<\/div>\n\t\t\t\t<\/div>\n\t\t\t\t\t<\/div>\n\t\t\t\t<\/div>\n\t\t<div class=\"elementor-element elementor-element-d333dba e-flex e-con-boxed e-con e-parent\" data-id=\"d333dba\" data-element_type=\"container\" data-settings=\"{&quot;_ha_eqh_enable&quot;:false}\">\n\t\t\t\t\t<div class=\"e-con-inner\">\n\t\t\t\t<div class=\"elementor-element elementor-element-b7b551b elementor-widget elementor-widget-text-editor\" data-id=\"b7b551b\" data-element_type=\"widget\" data-widget_type=\"text-editor.default\">\n\t\t\t\t<div class=\"elementor-widget-container\">\n\t\t\t\t\t\t\t\t\t<p>Witamy w Admetec!<\/p><p>Niniejszy Regulamin okre\u015bla zasady i warunki korzystania ze strony internetowej Admetec, dost\u0119pnej pod adresem www.admetec.com.<\/p><p>Uzyskuj\u0105c dost\u0119p do tej witryny, zak\u0142adamy, \u017ce akceptujesz niniejszy Regulamin. Nie kontynuuj korzystania ze strony internetowej Admetec, je\u015bli nie zgadzasz si\u0119 na wszystkie warunki okre\u015blone w niniejszym Regulaminie.<\/p><p>Poni\u017csze terminy s\u0105 stosowane w niniejszym Regulaminie, Polityce prywatno\u015bci i wszystkich umowach: \u201eKlient\u201d, \u201eTy\u201d i &#8222;\u201eTw\u00f3j\u201d odnosi si\u0119 do Ciebie, osoby loguj\u0105cej si\u0119 na tej stronie i przestrzegaj\u0105cej warunk\u00f3w Sp\u00f3\u0142ki. \u201eFirma\u201d, \u201eMy\u201d, \u201eNasz\u201d, \u201eNas\u201d odnosz\u0105 si\u0119 do Admetec. \u201eStrona\u201d, \u201eStrony\u201d lub \u201eMy\u201d odnosi si\u0119 zar\u00f3wno do Klienta, jak i do nas. Wszystkie terminy odnosz\u0105 si\u0119 do oferty, akceptacji i uwzgl\u0119dnienia p\u0142atno\u015bci niezb\u0119dnych do podj\u0119cia procesu naszej pomocy Klientowi w najbardziej odpowiedni spos\u00f3b w wyra\u017anym celu zaspokojenia potrzeb Klienta w zakresie \u015bwiadczenia okre\u015blonych us\u0142ug Sp\u00f3\u0142ki, zgodnie z obowi\u0105zuj\u0105cym prawem i z zastrze\u017ceniem tego prawa. Wszelkie u\u017cycie powy\u017cszej terminologii lub innych s\u0142\u00f3w w liczbie pojedynczej, mnogiej, wielkiej litery lub on\/ona, lub oni, s\u0105 traktowane jako zamienne, a zatem jako odnosz\u0105ce si\u0119 do tego samego.<\/p><h4>Pliki cookie<\/h4><p>Korzystamy z plik\u00f3w cookie. Uzyskuj\u0105c dost\u0119p do witryny Admetec, u\u017cytkownik wyra\u017ca zgod\u0119 na korzystanie z plik\u00f3w cookie zgodnie z Polityk\u0105 prywatno\u015bci Admetec.<\/p><p>Wi\u0119kszo\u015b\u0107 interaktywnych stron internetowych wykorzystuje pliki cookie, aby umo\u017cliwi\u0107 pobieranie danych u\u017cytkownika przy ka\u017cdej wizycie. Wykorzystujemy pliki cookie, aby umo\u017cliwi\u0107 dzia\u0142anie niekt\u00f3rych obszar\u00f3w i u\u0142atwi\u0107 korzystanie z nich osobom odwiedzaj\u0105cym nasz\u0105 witryn\u0119. Niekt\u00f3rzy z naszych partner\u00f3w stowarzyszonych\/reklamowych mog\u0105 r\u00f3wnie\u017c u\u017cywa\u0107 plik\u00f3w cookie.<\/p><h4>Licencja<\/h4><p>O ile nie okre\u015blono inaczej, Admetec lub jego licencjodawcy s\u0105 w\u0142a\u015bcicielami praw w\u0142asno\u015bci intelektualnej do wszystkich materia\u0142\u00f3w na Admetec. Wszelkie prawa w\u0142asno\u015bci intelektualnej s\u0105 zastrze\u017cone. U\u017cytkownik mo\u017ce uzyska\u0107 do nich dost\u0119p ze strony Admetec na w\u0142asny u\u017cytek, z zastrze\u017ceniem ogranicze\u0144 okre\u015blonych w niniejszym Regulaminie.<\/p><p>U\u017cytkownik nie mo\u017ce:<\/p><ul><li>Ponownie publikowa\u0107 materia\u0142\u00f3w od Admetec<\/li><li>Sprzedawa\u0107, wynajmowa\u0107 lub udziela\u0107 sublicencji na materia\u0142y Admetec<\/li><li>Powiela\u0107 lub kopiowa\u0107 materia\u0142\u00f3w pochodz\u0105cych od Admetec<\/li><li>Dystrybuowa\u0107\u00a0tre\u015bci Admetec<\/li><\/ul><p>Niniejsza Umowa rozpoczyna si\u0119 w dniu jej zawarcia.<\/p><p>Cz\u0119\u015bci tej witryny oferuj\u0105 u\u017cytkownikom mo\u017cliwo\u015b\u0107 publikowania i wymiany opinii i informacji. Admetec nie filtruje, nie edytuje, nie publikuje ani nie przegl\u0105da komentarzy przed ich umieszczeniem na stronie internetowej. Komentarze nie odzwierciedlaj\u0105 pogl\u0105d\u00f3w i opinii firmy Admetec, jej przedstawicieli lub podmiot\u00f3w stowarzyszonych. Komentarze odzwierciedlaj\u0105 pogl\u0105dy i opinie os\u00f3b, kt\u00f3re je publikuj\u0105. W zakresie dozwolonym przez obowi\u0105zuj\u0105ce prawo Admetec nie ponosi odpowiedzialno\u015bci za Komentarze ani za \u017cadn\u0105 odpowiedzialno\u015b\u0107, szkody lub wydatki spowodowane, lub poniesione w wyniku jakiegokolwiek wykorzystania, lub opublikowania, lub pojawienia si\u0119 Komentarzy na tej stronie.<\/p><p>Admetec zastrzega sobie prawo do monitorowania wszystkich Komentarzy i usuwania wszelkich Komentarzy, kt\u00f3re mo\u017cna uzna\u0107 za nieodpowiednie, obra\u017aliwe lub powoduj\u0105ce naruszenie niniejszego Regulaminu.<\/p><p>U\u017cytkownik o\u015bwiadcza, \u017ce<\/p><ul><li>U\u017cytkownik jest uprawniony do zamieszczania Komentarzy na naszej stronie internetowej i posiada na to wszelkie niezb\u0119dne licencje i zgody;<\/li><li>Komentarze nie naruszaj\u0105 \u017cadnych praw w\u0142asno\u015bci intelektualnej, w tym mi\u0119dzy innymi praw autorskich, patent\u00f3w lub znak\u00f3w towarowych os\u00f3b trzecich;<\/li><li>Komentarze nie zawieraj\u0105 \u017cadnych znies\u0142awiaj\u0105cych, oszczerczych, obra\u017aliwych, nieprzyzwoitych lub w inny spos\u00f3b niezgodnych z prawem materia\u0142\u00f3w, kt\u00f3re stanowi\u0105 naruszenie prywatno\u015bci.<\/li><li>Komentarze nie b\u0119d\u0105 wykorzystywane do pozyskiwania lub promowania dzia\u0142alno\u015bci gospodarczej, lub zwyczaj\u00f3w, ani do prezentowania dzia\u0142alno\u015bci komercyjnej lub niezgodnej z prawem.<\/li><\/ul><p>U\u017cytkownik udziela Admetec niewy\u0142\u0105cznej licencji na wykorzystywanie, powielanie, edytowanie i upowa\u017cnianie innych do wykorzystywania, powielania i edytowania wszelkich jego Komentarzy w dowolnej formie, formacie lub mediach.<\/p><h4>Linki do naszych tre\u015bci<\/h4><p>Nast\u0119puj\u0105ce organizacje mog\u0105 zamieszcza\u0107 linki do naszej strony bez uprzedniej pisemnej zgody:<\/p><ul><li>Agencje rz\u0105dowe;<\/li><li>Wyszukiwarki;<\/li><li>Organizacje informacyjne;<\/li><li>Dystrybutorzy katalog\u00f3w online mog\u0105 umieszcza\u0107 linki do naszej strony w taki sam spos\u00f3b, w jaki umieszczaj\u0105 linki do stron innych wymienionych firm; oraz<\/li><li>Akredytowane firmy w ca\u0142ym systemie, z wyj\u0105tkiem organizacji non-profit, charytatywnych centr\u00f3w handlowych i grup zbieraj\u0105cych fundusze na cele charytatywne, kt\u00f3re nie mog\u0105 umieszcza\u0107 link\u00f3w do naszej witryny internetowej.<\/li><\/ul><p>Organizacje te mog\u0105 zamieszcza\u0107 linki do naszej strony g\u0142\u00f3wnej, publikacji lub innych informacji w Witrynie, o ile taki link: (a) nie jest w \u017caden spos\u00f3b zwodniczy; (b) nie sugeruje fa\u0142szywie sponsorowania, poparcia lub zatwierdzenia strony linkuj\u0105cej i jej produkt\u00f3w, lub us\u0142ug; oraz (c) pasuje do kontekstu strony linkuj\u0105cej.<\/p><p>Mo\u017cemy rozpatrywa\u0107 i zatwierdza\u0107 inne pro\u015bby o linki od nast\u0119puj\u0105cych typ\u00f3w organizacji:<\/p><ul><li>powszechnie znane \u017ar\u00f3d\u0142a informacji konsumenckich lub biznesowych;<\/li><li>witryny spo\u0142eczno\u015bci dot.com;<\/li><li>stowarzyszenia lub inne grupy reprezentuj\u0105ce organizacje charytatywne;<\/li><li>dystrybutorzy katalog\u00f3w online;<\/li><li>portale internetowe;<\/li><li>firmy ksi\u0119gowe, prawnicze i konsultingowe; oraz<\/li><li>instytucje edukacyjne i stowarzyszenia handlowe.<\/li><\/ul><p>Zatwierdzimy pro\u015bby o link od tych organizacji, je\u015bli uznamy, \u017ce: (a) link nie sprawi, \u017ce b\u0119dziemy postrzegani niekorzystnie dla nas samych lub naszych akredytowanych firm; (b) organizacja nie ma \u017cadnych negatywnych zapis\u00f3w w naszych bazach danych; (c) korzy\u015b\u0107 dla nas z widoczno\u015bci linku rekompensuje brak Admetec; oraz (d) link jest w kontek\u015bcie og\u00f3lnych informacji o zasobach.<\/p><p>Organizacje te mog\u0105 zamieszcza\u0107 odno\u015bniki do naszej strony g\u0142\u00f3wnej, o ile link: (a) nie jest w \u017caden spos\u00f3b zwodniczy; (b) nie sugeruje fa\u0142szywie sponsorowania, poparcia lub zatwierdzenia strony linkuj\u0105cej i jej produkt\u00f3w, lub us\u0142ug; oraz (c) pasuje do kontekstu strony linkuj\u0105cej.<\/p><p>Je\u015bli nale\u017cysz do jednej z organizacji wymienionych w powy\u017cej i jeste\u015b zainteresowany linkiem do naszej strony internetowej, musisz nas o tym poinformowa\u0107, wysy\u0142aj\u0105c wiadomo\u015b\u0107 e-mail do Admetec. Podaj swoje imi\u0119 i nazwisko, nazw\u0119 organizacji, dane kontaktowe, a tak\u017ce adres URL swojej witryny, list\u0119 adres\u00f3w URL, kt\u00f3re zamierzasz po\u0142\u0105czy\u0107 z nasz\u0105 witryn\u0105, oraz list\u0119 adres\u00f3w URL w naszej witrynie, do kt\u00f3rych umie\u015bci\u0107 linki. Poczekaj 2-3 tygodnie na odpowied\u017a.<\/p><p>Zatwierdzone organizacje mog\u0105 umieszcza\u0107 linki do naszej Witryny w nast\u0119puj\u0105cy spos\u00f3b:<\/p><ul><li>Poprzez u\u017cycie nazwy firmy; lub<\/li><li>Poprzez u\u017cycie jednolitego lokalizatora zasob\u00f3w, do kt\u00f3rego prowadzi link; lub<\/li><li>Poprzez u\u017cycie dowolnego innego opisu naszej Witryny, do kt\u00f3rej prowadzi link, kt\u00f3ry ma sens w kontek\u015bcie i formacie tre\u015bci na stronie strony, do kt\u00f3rej prowadzi link.<\/li><\/ul><p>W przypadku braku umowy licencyjnej dotycz\u0105cej znaku towarowego nie b\u0119dzie dozwolone wykorzystywanie logo Admetec lub innych element\u00f3w graficznych do tworzenia link\u00f3w.<\/p><h4>iFrames<\/h4><p>Bez uprzedniej zgody i pisemnego zezwolenia, u\u017cytkownik nie mo\u017ce tworzy\u0107 ramek wok\u00f3\u0142 naszych Stron, kt\u00f3re w jakikolwiek spos\u00f3b zmieniaj\u0105 wizualn\u0105 prezentacj\u0119 lub wygl\u0105d naszej Witryny.<\/p><h4>Odpowiedzialno\u015b\u0107 za tre\u015b\u0107<\/h4><p>Nie ponosimy odpowiedzialno\u015bci za tre\u015bci pojawiaj\u0105ce si\u0119 w witrynie u\u017cytkownika. U\u017cytkownik zgadza si\u0119 chroni\u0107 i broni\u0107 nas przed wszelkimi roszczeniami zwi\u0105zanymi z jego Witryn\u0105. W \u017cadnej Witrynie nie powinny pojawia\u0107 si\u0119 linki, kt\u00f3re mog\u0105 by\u0107 interpretowane jako znies\u0142awiaj\u0105ce, obsceniczne lub przest\u0119pcze, lub kt\u00f3re naruszaj\u0105, lub popieraj\u0105 naruszenie, lub inne naruszenie praw os\u00f3b trzecich.<\/p><h4>Zastrze\u017cenie praw<\/h4><p>Zastrzegamy sobie prawo do za\u017c\u0105dania od u\u017cytkownika usuni\u0119cia wszystkich link\u00f3w lub poszczeg\u00f3lnych link\u00f3w do naszej Witryny. U\u017cytkownik wyra\u017ca zgod\u0119 na natychmiastowe usuni\u0119cie wszystkich link\u00f3w do naszej Witryny na \u017c\u0105danie. Zastrzegamy sobie r\u00f3wnie\u017c prawo do zmiany niniejszego dokumentu i zasad w dowolnym momencie. \u0141\u0105cz\u0105c si\u0119 w spos\u00f3b ci\u0105g\u0142y z nasz\u0105 Witryn\u0105, u\u017cytkownik wyra\u017ca zgod\u0119 na przestrzeganie niniejszych warunk\u00f3w \u0142\u0105czenia si\u0119 z nasz\u0105 Witryn\u0105.<\/p><h4>Usuwanie link\u00f3w z naszej strony internetowej<\/h4><p>W przypadku znalezienia w naszej Witrynie jakiegokolwiek linku, kt\u00f3ry z jakiegokolwiek powodu jest obra\u017aliwe, mo\u017cesz skontaktowa\u0107 si\u0119 z nami i poinformowa\u0107 nas o tym w dowolnym momencie. Rozwa\u017cymy pro\u015bby o usuni\u0119cie link\u00f3w, ale nie jeste\u015bmy do tego zobowi\u0105zani ani nie odpowiadamy bezpo\u015brednio u\u017cytkownikowi.<\/p><p>Nie zapewniamy, \u017ce informacje na tej stronie s\u0105 prawid\u0142owe, nie gwarantujemy ich kompletno\u015bci ani dok\u0142adno\u015bci; nie obiecujemy r\u00f3wnie\u017c, \u017ce strona pozostanie dost\u0119pna lub \u017ce materia\u0142y na stronie b\u0119d\u0105 aktualizowane.<\/p><h4>Zastrze\u017cenie<\/h4><p>W maksymalnym zakresie dozwolonym przez obowi\u0105zuj\u0105ce prawo wy\u0142\u0105czamy wszelkie o\u015bwiadczenia, gwarancje i warunki zwi\u0105zane z nasz\u0105 witryn\u0105 internetow\u0105 i korzystaniem z niej. \u017badne z postanowie\u0144 niniejszego wy\u0142\u0105czenia odpowiedzialno\u015bci nie b\u0119dzie:<\/p><ul><li>ogranicza\u0107 lub wy\u0142\u0105cza\u0107 naszej, lub u\u017cytkownika odpowiedzialno\u015bci za \u015bmier\u0107, lub obra\u017cenia cia\u0142a;<\/li><li>ogranicza\u0107 lub wy\u0142\u0105cza\u0107 naszej, lub u\u017cytkownika odpowiedzialno\u015bci za oszustwo, lub \u015bwiadome wprowadzenie w b\u0142\u0105d;<\/li><li>ogranicza\u0107 jakiekolwiek nasze lub u\u017cytkownika zobowi\u0105zania w jakikolwiek spos\u00f3b, kt\u00f3ry nie jest dozwolony przez obowi\u0105zuj\u0105ce prawo; lub<\/li><li>wy\u0142\u0105cza\u0107 zobowi\u0105zania nasze lub u\u017cytkownika, kt\u00f3re nie mog\u0105 zosta\u0107 wy\u0142\u0105czone na mocy obowi\u0105zuj\u0105cego prawa.<\/li><\/ul><p>Ograniczenia i zakazy odpowiedzialno\u015bci okre\u015blone w niniejszej sekcji i w innych miejscach niniejszego wy\u0142\u0105czenia odpowiedzialno\u015bci: (a) podlegaj\u0105 poprzedniemu akapitowi; oraz (b) reguluj\u0105 wszystkie zobowi\u0105zania wynikaj\u0105ce z wy\u0142\u0105czenia odpowiedzialno\u015bci, w tym zobowi\u0105zania wynikaj\u0105ce z umowy, czynu niedozwolonego i naruszenia obowi\u0105zk\u00f3w ustawowych.<\/p><p>Tak d\u0142ugo, jak strona internetowa oraz informacje i us\u0142ugi na stronie internetowej s\u0105 dostarczane bezp\u0142atnie, nie ponosimy odpowiedzialno\u015bci za \u017cadne straty lub szkody jakiegokolwiek rodzaju.<\/p>\t\t\t\t\t\t\t\t<\/div>\n\t\t\t\t<\/div>\n\t\t\t\t<div class=\"elementor-element elementor-element-98d2444 elementor-widget elementor-widget-spacer\" data-id=\"98d2444\" data-element_type=\"widget\" data-widget_type=\"spacer.default\">\n\t\t\t\t<div class=\"elementor-widget-container\">\n\t\t\t\t\t\t\t<div class=\"elementor-spacer\">\n\t\t\t<div class=\"elementor-spacer-inner\"><\/div>\n\t\t<\/div>\n\t\t\t\t\t\t<\/div>\n\t\t\t\t<\/div>\n\t\t\t\t\t<\/div>\n\t\t\t\t<\/div>\n\t\t\t\t<\/div>\n\t\t","protected":false},"excerpt":{"rendered":"<p>Regulamin Witamy w Admetec! Niniejszy Regulamin okre\u015bla zasady i warunki korzystania ze strony internetowej Admetec, dost\u0119pnej pod adresem www.admetec.com. Uzyskuj\u0105c dost\u0119p do tej witryny, zak\u0142adamy, \u017ce akceptujesz niniejszy Regulamin. Nie kontynuuj korzystania ze strony internetowej Admetec, je\u015bli nie zgadzasz si\u0119 na wszystkie warunki okre\u015blone w niniejszym Regulaminie. Poni\u017csze terminy s\u0105 stosowane w niniejszym Regulaminie, Polityce [&hellip;]<\/p>\n","protected":false},"author":6,"featured_media":0,"parent":0,"menu_order":0,"comment_status":"closed","ping_status":"closed","template":"","meta":{"_acf_changed":false,"content-type":"","footnotes":""},"class_list":["post-6204","page","type-page","status-publish","hentry"],"acf":[],"yoast_head":"<!-- This site is optimized with the Yoast SEO plugin v27.5 - https:\/\/yoast.com\/product\/yoast-seo-wordpress\/ -->\n<title>Regulamin - ADMETEC<\/title>\n<meta name=\"robots\" content=\"index, follow, max-snippet:-1, max-image-preview:large, max-video-preview:-1\" \/>\n<link rel=\"canonical\" href=\"https:\/\/www.admetec.com\/pl\/terms-and-conditions\/\" \/>\n<meta property=\"og:locale\" content=\"pl_PL\" \/>\n<meta property=\"og:type\" content=\"article\" \/>\n<meta property=\"og:title\" content=\"Regulamin - ADMETEC\" \/>\n<meta property=\"og:description\" content=\"Regulamin Witamy w Admetec! Niniejszy Regulamin okre\u015bla zasady i warunki korzystania ze strony internetowej Admetec, dost\u0119pnej pod adresem www.admetec.com. Uzyskuj\u0105c dost\u0119p do tej witryny, zak\u0142adamy, \u017ce akceptujesz niniejszy Regulamin. Nie kontynuuj korzystania ze strony internetowej Admetec, je\u015bli nie zgadzasz si\u0119 na wszystkie warunki okre\u015blone w niniejszym Regulaminie. Poni\u017csze terminy s\u0105 stosowane w niniejszym Regulaminie, Polityce [&hellip;]\" \/>\n<meta property=\"og:url\" content=\"https:\/\/www.admetec.com\/pl\/terms-and-conditions\/\" \/>\n<meta property=\"og:site_name\" content=\"ADMETEC\" \/>\n<meta property=\"article:publisher\" content=\"https:\/\/www.facebook.com\/admetec\" \/>\n<meta property=\"article:modified_time\" content=\"2025-06-03T14:09:15+00:00\" \/>\n<meta name=\"twitter:card\" content=\"summary_large_image\" \/>\n<meta name=\"twitter:site\" content=\"@admetec\" \/>\n<meta name=\"twitter:label1\" content=\"Szacowany czas czytania\" \/>\n\t<meta name=\"twitter:data1\" content=\"8 minut\" \/>\n<script type=\"application\/ld+json\" class=\"yoast-schema-graph\">{\"@context\":\"https:\\\/\\\/schema.org\",\"@graph\":[{\"@type\":\"WebPage\",\"@id\":\"https:\\\/\\\/www.admetec.com\\\/pl\\\/terms-and-conditions\\\/\",\"url\":\"https:\\\/\\\/www.admetec.com\\\/pl\\\/terms-and-conditions\\\/\",\"name\":\"Regulamin - ADMETEC\",\"isPartOf\":{\"@id\":\"https:\\\/\\\/www.admetec.com\\\/pl\\\/#website\"},\"datePublished\":\"2024-01-16T12:54:18+00:00\",\"dateModified\":\"2025-06-03T14:09:15+00:00\",\"breadcrumb\":{\"@id\":\"https:\\\/\\\/www.admetec.com\\\/pl\\\/terms-and-conditions\\\/#breadcrumb\"},\"inLanguage\":\"pl-PL\",\"potentialAction\":[{\"@type\":\"ReadAction\",\"target\":[\"https:\\\/\\\/www.admetec.com\\\/pl\\\/terms-and-conditions\\\/\"]}]},{\"@type\":\"BreadcrumbList\",\"@id\":\"https:\\\/\\\/www.admetec.com\\\/pl\\\/terms-and-conditions\\\/#breadcrumb\",\"itemListElement\":[{\"@type\":\"ListItem\",\"position\":1,\"name\":\"Home\",\"item\":\"https:\\\/\\\/www.admetec.com\\\/pl\\\/\"},{\"@type\":\"ListItem\",\"position\":2,\"name\":\"Regulamin\"}]},{\"@type\":\"WebSite\",\"@id\":\"https:\\\/\\\/www.admetec.com\\\/pl\\\/#website\",\"url\":\"https:\\\/\\\/www.admetec.com\\\/pl\\\/\",\"name\":\"ADMETEC\",\"description\":\"We&#039;ve got your back\",\"publisher\":{\"@id\":\"https:\\\/\\\/www.admetec.com\\\/pl\\\/#organization\"},\"potentialAction\":[{\"@type\":\"SearchAction\",\"target\":{\"@type\":\"EntryPoint\",\"urlTemplate\":\"https:\\\/\\\/www.admetec.com\\\/pl\\\/?s={search_term_string}\"},\"query-input\":{\"@type\":\"PropertyValueSpecification\",\"valueRequired\":true,\"valueName\":\"search_term_string\"}}],\"inLanguage\":\"pl-PL\"},{\"@type\":\"Organization\",\"@id\":\"https:\\\/\\\/www.admetec.com\\\/pl\\\/#organization\",\"name\":\"ADMETEC\",\"url\":\"https:\\\/\\\/www.admetec.com\\\/pl\\\/\",\"logo\":{\"@type\":\"ImageObject\",\"inLanguage\":\"pl-PL\",\"@id\":\"https:\\\/\\\/www.admetec.com\\\/pl\\\/#\\\/schema\\\/logo\\\/image\\\/\",\"url\":\"https:\\\/\\\/www.admetec.com\\\/pl\\\/wp-content\\\/uploads\\\/2023\\\/05\\\/Group-2@2x.png\",\"contentUrl\":\"https:\\\/\\\/www.admetec.com\\\/pl\\\/wp-content\\\/uploads\\\/2023\\\/05\\\/Group-2@2x.png\",\"width\":397,\"height\":100,\"caption\":\"ADMETEC\"},\"image\":{\"@id\":\"https:\\\/\\\/www.admetec.com\\\/pl\\\/#\\\/schema\\\/logo\\\/image\\\/\"},\"sameAs\":[\"https:\\\/\\\/www.facebook.com\\\/admetec\",\"https:\\\/\\\/x.com\\\/admetec\"]}]}<\/script>\n<!-- \/ Yoast SEO plugin. -->","yoast_head_json":{"title":"Regulamin - ADMETEC","robots":{"index":"index","follow":"follow","max-snippet":"max-snippet:-1","max-image-preview":"max-image-preview:large","max-video-preview":"max-video-preview:-1"},"canonical":"https:\/\/www.admetec.com\/pl\/terms-and-conditions\/","og_locale":"pl_PL","og_type":"article","og_title":"Regulamin - ADMETEC","og_description":"Regulamin Witamy w Admetec! Niniejszy Regulamin okre\u015bla zasady i warunki korzystania ze strony internetowej Admetec, dost\u0119pnej pod adresem www.admetec.com. Uzyskuj\u0105c dost\u0119p do tej witryny, zak\u0142adamy, \u017ce akceptujesz niniejszy Regulamin. Nie kontynuuj korzystania ze strony internetowej Admetec, je\u015bli nie zgadzasz si\u0119 na wszystkie warunki okre\u015blone w niniejszym Regulaminie. Poni\u017csze terminy s\u0105 stosowane w niniejszym Regulaminie, Polityce [&hellip;]","og_url":"https:\/\/www.admetec.com\/pl\/terms-and-conditions\/","og_site_name":"ADMETEC","article_publisher":"https:\/\/www.facebook.com\/admetec","article_modified_time":"2025-06-03T14:09:15+00:00","twitter_card":"summary_large_image","twitter_site":"@admetec","twitter_misc":{"Szacowany czas czytania":"8 minut"},"schema":{"@context":"https:\/\/schema.org","@graph":[{"@type":"WebPage","@id":"https:\/\/www.admetec.com\/pl\/terms-and-conditions\/","url":"https:\/\/www.admetec.com\/pl\/terms-and-conditions\/","name":"Regulamin - ADMETEC","isPartOf":{"@id":"https:\/\/www.admetec.com\/pl\/#website"},"datePublished":"2024-01-16T12:54:18+00:00","dateModified":"2025-06-03T14:09:15+00:00","breadcrumb":{"@id":"https:\/\/www.admetec.com\/pl\/terms-and-conditions\/#breadcrumb"},"inLanguage":"pl-PL","potentialAction":[{"@type":"ReadAction","target":["https:\/\/www.admetec.com\/pl\/terms-and-conditions\/"]}]},{"@type":"BreadcrumbList","@id":"https:\/\/www.admetec.com\/pl\/terms-and-conditions\/#breadcrumb","itemListElement":[{"@type":"ListItem","position":1,"name":"Home","item":"https:\/\/www.admetec.com\/pl\/"},{"@type":"ListItem","position":2,"name":"Regulamin"}]},{"@type":"WebSite","@id":"https:\/\/www.admetec.com\/pl\/#website","url":"https:\/\/www.admetec.com\/pl\/","name":"ADMETEC","description":"We&#039;ve got your back","publisher":{"@id":"https:\/\/www.admetec.com\/pl\/#organization"},"potentialAction":[{"@type":"SearchAction","target":{"@type":"EntryPoint","urlTemplate":"https:\/\/www.admetec.com\/pl\/?s={search_term_string}"},"query-input":{"@type":"PropertyValueSpecification","valueRequired":true,"valueName":"search_term_string"}}],"inLanguage":"pl-PL"},{"@type":"Organization","@id":"https:\/\/www.admetec.com\/pl\/#organization","name":"ADMETEC","url":"https:\/\/www.admetec.com\/pl\/","logo":{"@type":"ImageObject","inLanguage":"pl-PL","@id":"https:\/\/www.admetec.com\/pl\/#\/schema\/logo\/image\/","url":"https:\/\/www.admetec.com\/pl\/wp-content\/uploads\/2023\/05\/Group-2@2x.png","contentUrl":"https:\/\/www.admetec.com\/pl\/wp-content\/uploads\/2023\/05\/Group-2@2x.png","width":397,"height":100,"caption":"ADMETEC"},"image":{"@id":"https:\/\/www.admetec.com\/pl\/#\/schema\/logo\/image\/"},"sameAs":["https:\/\/www.facebook.com\/admetec","https:\/\/x.com\/admetec"]}]}},"_links":{"self":[{"href":"https:\/\/www.admetec.com\/pl\/wp-json\/wp\/v2\/pages\/6204","targetHints":{"allow":["GET"]}}],"collection":[{"href":"https:\/\/www.admetec.com\/pl\/wp-json\/wp\/v2\/pages"}],"about":[{"href":"https:\/\/www.admetec.com\/pl\/wp-json\/wp\/v2\/types\/page"}],"author":[{"embeddable":true,"href":"https:\/\/www.admetec.com\/pl\/wp-json\/wp\/v2\/users\/6"}],"replies":[{"embeddable":true,"href":"https:\/\/www.admetec.com\/pl\/wp-json\/wp\/v2\/comments?post=6204"}],"version-history":[{"count":17,"href":"https:\/\/www.admetec.com\/pl\/wp-json\/wp\/v2\/pages\/6204\/revisions"}],"predecessor-version":[{"id":9812,"href":"https:\/\/www.admetec.com\/pl\/wp-json\/wp\/v2\/pages\/6204\/revisions\/9812"}],"wp:attachment":[{"href":"https:\/\/www.admetec.com\/pl\/wp-json\/wp\/v2\/media?parent=6204"}],"curies":[{"name":"wp","href":"https:\/\/api.w.org\/{rel}","templated":true}]}}