{"id":7626,"date":"2024-05-02T13:43:23","date_gmt":"2024-05-02T13:43:23","guid":{"rendered":"https:\/\/www.admetec.com\/pl\/?page_id=7626"},"modified":"2025-06-03T14:53:06","modified_gmt":"2025-06-03T14:53:06","slug":"flamingo-faq","status":"publish","type":"page","link":"https:\/\/www.admetec.com\/pl\/flamingo-faq\/","title":{"rendered":"Flamingo\u2122  &#8211; Najcz\u0119stsze pytania i problemy"},"content":{"rendered":"\t\t<div data-elementor-type=\"wp-page\" data-elementor-id=\"7626\" class=\"elementor elementor-7626\" data-elementor-settings=\"{&quot;ha_cmc_init_switcher&quot;:&quot;no&quot;}\" data-elementor-post-type=\"page\">\n\t\t\t\t<div class=\"elementor-element elementor-element-47e5f13 e-flex e-con-boxed e-con e-parent\" data-id=\"47e5f13\" data-element_type=\"container\" data-settings=\"{&quot;_ha_eqh_enable&quot;:false}\">\n\t\t\t\t\t<div class=\"e-con-inner\">\n\t\t\t\t<div class=\"elementor-element elementor-element-296171b elementor-widget elementor-widget-heading\" data-id=\"296171b\" data-element_type=\"widget\" data-widget_type=\"heading.default\">\n\t\t\t\t<div class=\"elementor-widget-container\">\n\t\t\t\t\t<h2 class=\"elementor-heading-title elementor-size-default\">Najcz\u0119stsze pytania i problemy Flamingo\u2122<\/h2>\t\t\t\t<\/div>\n\t\t\t\t<\/div>\n\t\t\t\t\t<\/div>\n\t\t\t\t<\/div>\n\t\t<div class=\"elementor-element elementor-element-efbc482 e-flex e-con-boxed e-con e-parent\" data-id=\"efbc482\" data-element_type=\"container\" data-settings=\"{&quot;_ha_eqh_enable&quot;:false}\">\n\t\t\t\t\t<div class=\"e-con-inner\">\n\t\t\t\t<div class=\"elementor-element elementor-element-14cff59 elementor-widget elementor-widget-toggle\" data-id=\"14cff59\" data-element_type=\"widget\" data-widget_type=\"toggle.default\">\n\t\t\t\t<div class=\"elementor-widget-container\">\n\t\t\t\t\t\t\t<div class=\"elementor-toggle\">\n\t\t\t\t\t\t\t<div class=\"elementor-toggle-item\">\n\t\t\t\t\t<div id=\"elementor-tab-title-2181\" class=\"elementor-tab-title\" data-tab=\"1\" role=\"button\" aria-controls=\"elementor-tab-content-2181\" aria-expanded=\"false\">\n\t\t\t\t\t\t\t\t\t\t\t\t<span class=\"elementor-toggle-icon elementor-toggle-icon-left\" aria-hidden=\"true\">\n\t\t\t\t\t\t\t\t\t\t\t\t\t\t\t<span class=\"elementor-toggle-icon-closed\"><i class=\"fas fa-caret-right\"><\/i><\/span>\n\t\t\t\t\t\t\t\t<span class=\"elementor-toggle-icon-opened\"><i class=\"elementor-toggle-icon-opened fas fa-caret-up\"><\/i><\/span>\n\t\t\t\t\t\t\t\t\t\t\t\t\t<\/span>\n\t\t\t\t\t\t\t\t\t\t\t\t<a class=\"elementor-toggle-title\" tabindex=\"0\">Jak\u0105 gwarancj\u0105 obj\u0119ty jest produkt Flamingo\u2122?<\/a>\n\t\t\t\t\t<\/div>\n\n\t\t\t\t\t<div id=\"elementor-tab-content-2181\" class=\"elementor-tab-content elementor-clearfix\" data-tab=\"1\" role=\"region\" aria-labelledby=\"elementor-tab-title-2181\"><p>Flamingo\u2122 jest obj\u0119ty 2-letni\u0105 gwarancj\u0105 na zestaw kamery i roczn\u0105 gwarancj\u0105 na wszystkie inne dostarczone cz\u0119\u015bci, z zastrze\u017ceniem warunk\u00f3w wyszczeg\u00f3lnionych w instrukcji obs\u0142ugi.<\/p><\/div>\n\t\t\t\t<\/div>\n\t\t\t\t\t\t\t<div class=\"elementor-toggle-item\">\n\t\t\t\t\t<div id=\"elementor-tab-title-2182\" class=\"elementor-tab-title\" data-tab=\"2\" role=\"button\" aria-controls=\"elementor-tab-content-2182\" aria-expanded=\"false\">\n\t\t\t\t\t\t\t\t\t\t\t\t<span class=\"elementor-toggle-icon elementor-toggle-icon-left\" aria-hidden=\"true\">\n\t\t\t\t\t\t\t\t\t\t\t\t\t\t\t<span class=\"elementor-toggle-icon-closed\"><i class=\"fas fa-caret-right\"><\/i><\/span>\n\t\t\t\t\t\t\t\t<span class=\"elementor-toggle-icon-opened\"><i class=\"elementor-toggle-icon-opened fas fa-caret-up\"><\/i><\/span>\n\t\t\t\t\t\t\t\t\t\t\t\t\t<\/span>\n\t\t\t\t\t\t\t\t\t\t\t\t<a class=\"elementor-toggle-title\" tabindex=\"0\">Czy do prowadzenia transmisji na \u017cywo z Flamingo potrzebuj\u0119 po\u0142\u0105czenia z Internetem?<\/a>\n\t\t\t\t\t<\/div>\n\n\t\t\t\t\t<div id=\"elementor-tab-content-2182\" class=\"elementor-tab-content elementor-clearfix\" data-tab=\"2\" role=\"region\" aria-labelledby=\"elementor-tab-title-2182\"><p>Nie, po\u0142\u0105czenie internetowe nie jest wymagane do transmisji na \u017cywo z Flamingo\u2122.<\/p><\/div>\n\t\t\t\t<\/div>\n\t\t\t\t\t\t\t<div class=\"elementor-toggle-item\">\n\t\t\t\t\t<div id=\"elementor-tab-title-2183\" class=\"elementor-tab-title\" data-tab=\"3\" role=\"button\" aria-controls=\"elementor-tab-content-2183\" aria-expanded=\"false\">\n\t\t\t\t\t\t\t\t\t\t\t\t<span class=\"elementor-toggle-icon elementor-toggle-icon-left\" aria-hidden=\"true\">\n\t\t\t\t\t\t\t\t\t\t\t\t\t\t\t<span class=\"elementor-toggle-icon-closed\"><i class=\"fas fa-caret-right\"><\/i><\/span>\n\t\t\t\t\t\t\t\t<span class=\"elementor-toggle-icon-opened\"><i class=\"elementor-toggle-icon-opened fas fa-caret-up\"><\/i><\/span>\n\t\t\t\t\t\t\t\t\t\t\t\t\t<\/span>\n\t\t\t\t\t\t\t\t\t\t\t\t<a class=\"elementor-toggle-title\" tabindex=\"0\">Jaki jest czas pracy baterii?<\/a>\n\t\t\t\t\t<\/div>\n\n\t\t\t\t\t<div id=\"elementor-tab-content-2183\" class=\"elementor-tab-content elementor-clearfix\" data-tab=\"3\" role=\"region\" aria-labelledby=\"elementor-tab-title-2183\"><p>Czas pe\u0142nego na\u0142adowania baterii wynosi 2,5-3 godziny. \u015aredni czas pracy z kamer\u0105 i lamp\u0105 wynosi oko\u0142o 4 godzin. \u015aredni czas pracy tylko z kamer\u0105 LUB o\u015bwietleniem wynosi oko\u0142o 8 godzin.<\/p><\/div>\n\t\t\t\t<\/div>\n\t\t\t\t\t\t\t<div class=\"elementor-toggle-item\">\n\t\t\t\t\t<div id=\"elementor-tab-title-2184\" class=\"elementor-tab-title\" data-tab=\"4\" role=\"button\" aria-controls=\"elementor-tab-content-2184\" aria-expanded=\"false\">\n\t\t\t\t\t\t\t\t\t\t\t\t<span class=\"elementor-toggle-icon elementor-toggle-icon-left\" aria-hidden=\"true\">\n\t\t\t\t\t\t\t\t\t\t\t\t\t\t\t<span class=\"elementor-toggle-icon-closed\"><i class=\"fas fa-caret-right\"><\/i><\/span>\n\t\t\t\t\t\t\t\t<span class=\"elementor-toggle-icon-opened\"><i class=\"elementor-toggle-icon-opened fas fa-caret-up\"><\/i><\/span>\n\t\t\t\t\t\t\t\t\t\t\t\t\t<\/span>\n\t\t\t\t\t\t\t\t\t\t\t\t<a class=\"elementor-toggle-title\" tabindex=\"0\">Jakie s\u0105 specyfikacje \u017ar\u00f3d\u0142a \u015bwiat\u0142a?<\/a>\n\t\t\t\t\t<\/div>\n\n\t\t\t\t\t<div id=\"elementor-tab-content-2184\" class=\"elementor-tab-content elementor-clearfix\" data-tab=\"4\" role=\"region\" aria-labelledby=\"elementor-tab-title-2184\"><p>\u0179r\u00f3d\u0142o \u015bwiat\u0142a w jednostce Flamingo\u2122 zapewnia nat\u0119\u017cenie o\u015bwietlenia 60 000 lx i temperatur\u0119 barwow\u0105 5750 \u00b0 K.<\/p><\/div>\n\t\t\t\t<\/div>\n\t\t\t\t\t\t\t<div class=\"elementor-toggle-item\">\n\t\t\t\t\t<div id=\"elementor-tab-title-2185\" class=\"elementor-tab-title\" data-tab=\"5\" role=\"button\" aria-controls=\"elementor-tab-content-2185\" aria-expanded=\"false\">\n\t\t\t\t\t\t\t\t\t\t\t\t<span class=\"elementor-toggle-icon elementor-toggle-icon-left\" aria-hidden=\"true\">\n\t\t\t\t\t\t\t\t\t\t\t\t\t\t\t<span class=\"elementor-toggle-icon-closed\"><i class=\"fas fa-caret-right\"><\/i><\/span>\n\t\t\t\t\t\t\t\t<span class=\"elementor-toggle-icon-opened\"><i class=\"elementor-toggle-icon-opened fas fa-caret-up\"><\/i><\/span>\n\t\t\t\t\t\t\t\t\t\t\t\t\t<\/span>\n\t\t\t\t\t\t\t\t\t\t\t\t<a class=\"elementor-toggle-title\" tabindex=\"0\">Czy nagrywany jest r\u00f3wnie\u017c d\u017awi\u0119k?<\/a>\n\t\t\t\t\t<\/div>\n\n\t\t\t\t\t<div id=\"elementor-tab-content-2185\" class=\"elementor-tab-content elementor-clearfix\" data-tab=\"5\" role=\"region\" aria-labelledby=\"elementor-tab-title-2185\"><p>Nie. Kamera Flamingo\u2122 nie ma wbudowanego mikrofonu.<\/p><\/div>\n\t\t\t\t<\/div>\n\t\t\t\t\t\t\t<div class=\"elementor-toggle-item\">\n\t\t\t\t\t<div id=\"elementor-tab-title-2186\" class=\"elementor-tab-title\" data-tab=\"6\" role=\"button\" aria-controls=\"elementor-tab-content-2186\" aria-expanded=\"false\">\n\t\t\t\t\t\t\t\t\t\t\t\t<span class=\"elementor-toggle-icon elementor-toggle-icon-left\" aria-hidden=\"true\">\n\t\t\t\t\t\t\t\t\t\t\t\t\t\t\t<span class=\"elementor-toggle-icon-closed\"><i class=\"fas fa-caret-right\"><\/i><\/span>\n\t\t\t\t\t\t\t\t<span class=\"elementor-toggle-icon-opened\"><i class=\"elementor-toggle-icon-opened fas fa-caret-up\"><\/i><\/span>\n\t\t\t\t\t\t\t\t\t\t\t\t\t<\/span>\n\t\t\t\t\t\t\t\t\t\t\t\t<a class=\"elementor-toggle-title\" tabindex=\"0\">Czy Flamingo\u2122 jest produkowane we w\u0142asnym zakresie?<\/a>\n\t\t\t\t\t<\/div>\n\n\t\t\t\t\t<div id=\"elementor-tab-content-2186\" class=\"elementor-tab-content elementor-clearfix\" data-tab=\"6\" role=\"region\" aria-labelledby=\"elementor-tab-title-2186\"><p>Nasze kamery s\u0105 produkowane we w\u0142asnym zakresie, podobnie jak wszystkie produkty Admetec. Admetec jest jedyn\u0105 firm\u0105, kt\u00f3ra produkuje lupy, lampy i kamery.<\/p><\/div>\n\t\t\t\t<\/div>\n\t\t\t\t\t\t\t<div class=\"elementor-toggle-item\">\n\t\t\t\t\t<div id=\"elementor-tab-title-2187\" class=\"elementor-tab-title\" data-tab=\"7\" role=\"button\" aria-controls=\"elementor-tab-content-2187\" aria-expanded=\"false\">\n\t\t\t\t\t\t\t\t\t\t\t\t<span class=\"elementor-toggle-icon elementor-toggle-icon-left\" aria-hidden=\"true\">\n\t\t\t\t\t\t\t\t\t\t\t\t\t\t\t<span class=\"elementor-toggle-icon-closed\"><i class=\"fas fa-caret-right\"><\/i><\/span>\n\t\t\t\t\t\t\t\t<span class=\"elementor-toggle-icon-opened\"><i class=\"elementor-toggle-icon-opened fas fa-caret-up\"><\/i><\/span>\n\t\t\t\t\t\t\t\t\t\t\t\t\t<\/span>\n\t\t\t\t\t\t\t\t\t\t\t\t<a class=\"elementor-toggle-title\" tabindex=\"0\">W jakim formacie nagrywane jest wideo?<\/a>\n\t\t\t\t\t<\/div>\n\n\t\t\t\t\t<div id=\"elementor-tab-content-2187\" class=\"elementor-tab-content elementor-clearfix\" data-tab=\"7\" role=\"region\" aria-labelledby=\"elementor-tab-title-2187\"><p>Flamingo wewn\u0119trznie u\u017cywa formatu .mkv, ale po wyeksportowaniu wideo jest konwertowane do formatu .mp4, kt\u00f3ry jest rozpoznawany przez komputery Mac, PC i telefony.<\/p><\/div>\n\t\t\t\t<\/div>\n\t\t\t\t\t\t\t<div class=\"elementor-toggle-item\">\n\t\t\t\t\t<div id=\"elementor-tab-title-2188\" class=\"elementor-tab-title\" data-tab=\"8\" role=\"button\" aria-controls=\"elementor-tab-content-2188\" aria-expanded=\"false\">\n\t\t\t\t\t\t\t\t\t\t\t\t<span class=\"elementor-toggle-icon elementor-toggle-icon-left\" aria-hidden=\"true\">\n\t\t\t\t\t\t\t\t\t\t\t\t\t\t\t<span class=\"elementor-toggle-icon-closed\"><i class=\"fas fa-caret-right\"><\/i><\/span>\n\t\t\t\t\t\t\t\t<span class=\"elementor-toggle-icon-opened\"><i class=\"elementor-toggle-icon-opened fas fa-caret-up\"><\/i><\/span>\n\t\t\t\t\t\t\t\t\t\t\t\t\t<\/span>\n\t\t\t\t\t\t\t\t\t\t\t\t<a class=\"elementor-toggle-title\" tabindex=\"0\">Gdzie znajd\u0119 moje pliki wideo?<\/a>\n\t\t\t\t\t<\/div>\n\n\t\t\t\t\t<div id=\"elementor-tab-content-2188\" class=\"elementor-tab-content elementor-clearfix\" data-tab=\"8\" role=\"region\" aria-labelledby=\"elementor-tab-title-2188\"><p>Pliki (filmy i zak\u0142adki) s\u0105 przechowywane na komputerze w profilu u\u017cytkownika i mo\u017cna uzyska\u0107 do nich dost\u0119p za po\u015brednictwem aplikacji Flamingo. Do u\u017cytku poza aplikacj\u0105 Flamingo\u2122 nale\u017cy u\u017cy\u0107 funkcji eksportu.<\/p><\/div>\n\t\t\t\t<\/div>\n\t\t\t\t\t\t\t<div class=\"elementor-toggle-item\">\n\t\t\t\t\t<div id=\"elementor-tab-title-2189\" class=\"elementor-tab-title\" data-tab=\"9\" role=\"button\" aria-controls=\"elementor-tab-content-2189\" aria-expanded=\"false\">\n\t\t\t\t\t\t\t\t\t\t\t\t<span class=\"elementor-toggle-icon elementor-toggle-icon-left\" aria-hidden=\"true\">\n\t\t\t\t\t\t\t\t\t\t\t\t\t\t\t<span class=\"elementor-toggle-icon-closed\"><i class=\"fas fa-caret-right\"><\/i><\/span>\n\t\t\t\t\t\t\t\t<span class=\"elementor-toggle-icon-opened\"><i class=\"elementor-toggle-icon-opened fas fa-caret-up\"><\/i><\/span>\n\t\t\t\t\t\t\t\t\t\t\t\t\t<\/span>\n\t\t\t\t\t\t\t\t\t\t\t\t<a class=\"elementor-toggle-title\" tabindex=\"0\">Czy peda\u0142 nale\u017cy sparowa\u0107 przed u\u017cyciem?<\/a>\n\t\t\t\t\t<\/div>\n\n\t\t\t\t\t<div id=\"elementor-tab-content-2189\" class=\"elementor-tab-content elementor-clearfix\" data-tab=\"9\" role=\"region\" aria-labelledby=\"elementor-tab-title-2189\"><p>Peda\u0142 w zestawie Flamingo\u2122 jest sparowany z kamer\u0105 w tym samym zestawie. Konieczne b\u0119dzie tylko sparowanie peda\u0142u lub wymiana jednostki steruj\u0105cej Flamingo.<\/p><\/div>\n\t\t\t\t<\/div>\n\t\t\t\t\t\t\t<div class=\"elementor-toggle-item\">\n\t\t\t\t\t<div id=\"elementor-tab-title-21810\" class=\"elementor-tab-title\" data-tab=\"10\" role=\"button\" aria-controls=\"elementor-tab-content-21810\" aria-expanded=\"false\">\n\t\t\t\t\t\t\t\t\t\t\t\t<span class=\"elementor-toggle-icon elementor-toggle-icon-left\" aria-hidden=\"true\">\n\t\t\t\t\t\t\t\t\t\t\t\t\t\t\t<span class=\"elementor-toggle-icon-closed\"><i class=\"fas fa-caret-right\"><\/i><\/span>\n\t\t\t\t\t\t\t\t<span class=\"elementor-toggle-icon-opened\"><i class=\"elementor-toggle-icon-opened fas fa-caret-up\"><\/i><\/span>\n\t\t\t\t\t\t\t\t\t\t\t\t\t<\/span>\n\t\t\t\t\t\t\t\t\t\t\t\t<a class=\"elementor-toggle-title\" tabindex=\"0\"><span id=\"macdongleonwindows\">Czy mog\u0119 u\u017cywa\u0107 adaptera WiFi Mac z systemem Windows?<\/span><\/a>\n\t\t\t\t\t<\/div>\n\n\t\t\t\t\t<div id=\"elementor-tab-content-21810\" class=\"elementor-tab-content elementor-clearfix\" data-tab=\"10\" role=\"region\" aria-labelledby=\"elementor-tab-title-21810\"><div>Tak. Wszystkie adaptery WiFi dostarczone po 1 maja 2024 r. mog\u0105 by\u0107 u\u017cywane z systemem Windows lub Mac. Wcze\u015bniej dostarczone adaptery sprz\u0119towe musz\u0105 zosta\u0107 zaktualizowane, aby dzia\u0142a\u0142y z systemem Windows. Aby zaktualizowa\u0107 adapter WiFi, wykonaj nast\u0119puj\u0105ce kroki:<\/div><ol><li>Zaktualizuj aplikacj\u0119 Flamingo\u2122 na komputerze Mac do najnowszej wersji (minimalna obs\u0142ugiwana wersja to 5.61).<\/li><li>Pod\u0142\u0105cz adapter WiFi do komputera Mac i u\u017cyj go do po\u0142\u0105czenia z kamer\u0105 Flamingo.<\/li><\/ol><div>To wszystko. Adapter WiFi mo\u017ce by\u0107 teraz u\u017cywany z systemem Windows.<\/div><\/div>\n\t\t\t\t<\/div>\n\t\t\t\t\t\t\t<div class=\"elementor-toggle-item\">\n\t\t\t\t\t<div id=\"elementor-tab-title-21811\" class=\"elementor-tab-title\" data-tab=\"11\" role=\"button\" aria-controls=\"elementor-tab-content-21811\" aria-expanded=\"false\">\n\t\t\t\t\t\t\t\t\t\t\t\t<span class=\"elementor-toggle-icon elementor-toggle-icon-left\" aria-hidden=\"true\">\n\t\t\t\t\t\t\t\t\t\t\t\t\t\t\t<span class=\"elementor-toggle-icon-closed\"><i class=\"fas fa-caret-right\"><\/i><\/span>\n\t\t\t\t\t\t\t\t<span class=\"elementor-toggle-icon-opened\"><i class=\"elementor-toggle-icon-opened fas fa-caret-up\"><\/i><\/span>\n\t\t\t\t\t\t\t\t\t\t\t\t\t<\/span>\n\t\t\t\t\t\t\t\t\t\t\t\t<a class=\"elementor-toggle-title\" tabindex=\"0\">Jednostka steruj\u0105ca Flamingo\u2122 bardzo si\u0119 nagrzewa<\/a>\n\t\t\t\t\t<\/div>\n\n\t\t\t\t\t<div id=\"elementor-tab-content-21811\" class=\"elementor-tab-content elementor-clearfix\" data-tab=\"11\" role=\"region\" aria-labelledby=\"elementor-tab-title-21811\"><p>Jednostka steruj\u0105ca Flamingo zosta\u0142a zaprojektowana tak, aby by\u0142a wystawiona na dzia\u0142anie powietrza i nie mo\u017ce by\u0107 przechowywana w kieszeni podczas pracy.<\/p><\/div>\n\t\t\t\t<\/div>\n\t\t\t\t\t\t\t\t<\/div>\n\t\t\t\t\t\t<\/div>\n\t\t\t\t<\/div>\n\t\t\t\t\t<\/div>\n\t\t\t\t<\/div>\n\t\t<div class=\"elementor-element elementor-element-1a53e09 e-flex e-con-boxed e-con e-parent\" data-id=\"1a53e09\" data-element_type=\"container\" data-settings=\"{&quot;_ha_eqh_enable&quot;:false}\">\n\t\t\t\t\t<div class=\"e-con-inner\">\n\t\t\t\t<div class=\"elementor-element elementor-element-fdd77aa elementor-widget elementor-widget-html\" data-id=\"fdd77aa\" data-element_type=\"widget\" data-widget_type=\"html.default\">\n\t\t\t\t<div class=\"elementor-widget-container\">\n\t\t\t\t\t<script>\r\n\r\n(function ($) {\r\n\r\n    \/\/ known limitation - won't work if different modules are mixed on page (eg, one tab and one accordion on the same page)\r\n    document.addEventListener('DOMContentLoaded', function () {\r\n\r\n        \/\/ fetch all the tab, accordion, and toggle titles\r\n        let desktoptitles = $('.elementor-tab-desktop-title');\r\n        let mobiletitles = $('.elementor-tab-mobile-title');\r\n\r\n        \/\/ this check is needed for the tab module to work\r\n        if (!$(desktoptitles).length)\r\n            desktoptitles = $('.elementor-tab-title');\r\n\r\n        \/\/ iterate them\r\n        $(desktoptitles).each(function (index, title) {\r\n\r\n            \/\/ clean up the titles to remove all non-alphanumeric chars\r\n            title = $(this).text().replace(\/\\W\/g, '');\r\n            title = '#' + title;\r\n\r\n            \/\/ compare the hash with the tab title\r\n            if (window.location.href.indexOf(title) > -1) {\r\n\r\n                setTimeout(function () {\r\n\r\n                    \/\/ trigger a click on the tab title\r\n                    desktoptitles.eq(index).click();\r\n                    mobiletitles.eq(index).click();\r\n\r\n                    \r\n                    $('html, body').animate({\r\n                        scrollTop: desktoptitles.eq(index).offset().top - 250\r\n                    }, 'slow');\r\n\r\n                }, 600);\r\n\r\n            }\r\n\r\n        });\r\n\r\n\r\n        $(desktoptitles).click(function (index, title) {\r\n            var current_location = window.location.href;\r\n            current_location = current_location.split(\"#\");\r\n            title = $(this).text().replace(\/\\W\/g, '');\r\n            title = '#' + title;\r\n            window.location = current_location[0] + title;\r\n        });\r\n\r\n    });\r\n\r\n})(jQuery);\r\n\r\n<\/script>\t\t\t\t<\/div>\n\t\t\t\t<\/div>\n\t\t\t\t\t<\/div>\n\t\t\t\t<\/div>\n\t\t\t\t<\/div>\n\t\t","protected":false},"excerpt":{"rendered":"<p>Najcz\u0119stsze pytania i problemy Flamingo\u2122 Jak\u0105 gwarancj\u0105 obj\u0119ty jest produkt Flamingo\u2122? Flamingo\u2122 jest obj\u0119ty 2-letni\u0105 gwarancj\u0105 na zestaw kamery i roczn\u0105 gwarancj\u0105 na wszystkie inne dostarczone cz\u0119\u015bci, z zastrze\u017ceniem warunk\u00f3w wyszczeg\u00f3lnionych w instrukcji obs\u0142ugi. Czy do prowadzenia transmisji na \u017cywo z Flamingo potrzebuj\u0119 po\u0142\u0105czenia z Internetem? Nie, po\u0142\u0105czenie internetowe nie jest wymagane do transmisji na [&hellip;]<\/p>\n","protected":false},"author":6,"featured_media":0,"parent":0,"menu_order":0,"comment_status":"closed","ping_status":"closed","template":"","meta":{"_acf_changed":false,"content-type":"","footnotes":""},"class_list":["post-7626","page","type-page","status-publish","hentry"],"acf":[],"yoast_head":"<!-- This site is optimized with the Yoast SEO plugin v27.5 - https:\/\/yoast.com\/product\/yoast-seo-wordpress\/ -->\n<title>Flamingo\u2122 - Najcz\u0119stsze pytania i problemy - ADMETEC<\/title>\n<meta name=\"robots\" content=\"index, follow, max-snippet:-1, max-image-preview:large, max-video-preview:-1\" \/>\n<link rel=\"canonical\" href=\"https:\/\/www.admetec.com\/pl\/flamingo-faq\/\" \/>\n<meta property=\"og:locale\" content=\"pl_PL\" \/>\n<meta property=\"og:type\" content=\"article\" \/>\n<meta property=\"og:title\" content=\"Flamingo\u2122 - Najcz\u0119stsze pytania i problemy - ADMETEC\" \/>\n<meta property=\"og:description\" content=\"Najcz\u0119stsze pytania i problemy Flamingo\u2122 Jak\u0105 gwarancj\u0105 obj\u0119ty jest produkt Flamingo\u2122? Flamingo\u2122 jest obj\u0119ty 2-letni\u0105 gwarancj\u0105 na zestaw kamery i roczn\u0105 gwarancj\u0105 na wszystkie inne dostarczone cz\u0119\u015bci, z zastrze\u017ceniem warunk\u00f3w wyszczeg\u00f3lnionych w instrukcji obs\u0142ugi. Czy do prowadzenia transmisji na \u017cywo z Flamingo potrzebuj\u0119 po\u0142\u0105czenia z Internetem? Nie, po\u0142\u0105czenie internetowe nie jest wymagane do transmisji na [&hellip;]\" \/>\n<meta property=\"og:url\" content=\"https:\/\/www.admetec.com\/pl\/flamingo-faq\/\" \/>\n<meta property=\"og:site_name\" content=\"ADMETEC\" \/>\n<meta property=\"article:publisher\" content=\"https:\/\/www.facebook.com\/admetec\" \/>\n<meta property=\"article:modified_time\" content=\"2025-06-03T14:53:06+00:00\" \/>\n<meta name=\"twitter:card\" content=\"summary_large_image\" \/>\n<meta name=\"twitter:site\" content=\"@admetec\" \/>\n<meta name=\"twitter:label1\" content=\"Szacowany czas czytania\" \/>\n\t<meta name=\"twitter:data1\" content=\"3 minuty\" \/>\n<script type=\"application\/ld+json\" class=\"yoast-schema-graph\">{\"@context\":\"https:\\\/\\\/schema.org\",\"@graph\":[{\"@type\":\"WebPage\",\"@id\":\"https:\\\/\\\/www.admetec.com\\\/pl\\\/flamingo-faq\\\/\",\"url\":\"https:\\\/\\\/www.admetec.com\\\/pl\\\/flamingo-faq\\\/\",\"name\":\"Flamingo\u2122 - Najcz\u0119stsze pytania i problemy - ADMETEC\",\"isPartOf\":{\"@id\":\"https:\\\/\\\/www.admetec.com\\\/pl\\\/#website\"},\"datePublished\":\"2024-05-02T13:43:23+00:00\",\"dateModified\":\"2025-06-03T14:53:06+00:00\",\"breadcrumb\":{\"@id\":\"https:\\\/\\\/www.admetec.com\\\/pl\\\/flamingo-faq\\\/#breadcrumb\"},\"inLanguage\":\"pl-PL\",\"potentialAction\":[{\"@type\":\"ReadAction\",\"target\":[\"https:\\\/\\\/www.admetec.com\\\/pl\\\/flamingo-faq\\\/\"]}]},{\"@type\":\"BreadcrumbList\",\"@id\":\"https:\\\/\\\/www.admetec.com\\\/pl\\\/flamingo-faq\\\/#breadcrumb\",\"itemListElement\":[{\"@type\":\"ListItem\",\"position\":1,\"name\":\"Home\",\"item\":\"https:\\\/\\\/www.admetec.com\\\/pl\\\/\"},{\"@type\":\"ListItem\",\"position\":2,\"name\":\"Flamingo\u2122 &#8211; Najcz\u0119stsze pytania i problemy\"}]},{\"@type\":\"WebSite\",\"@id\":\"https:\\\/\\\/www.admetec.com\\\/pl\\\/#website\",\"url\":\"https:\\\/\\\/www.admetec.com\\\/pl\\\/\",\"name\":\"ADMETEC\",\"description\":\"We&#039;ve got your back\",\"publisher\":{\"@id\":\"https:\\\/\\\/www.admetec.com\\\/pl\\\/#organization\"},\"potentialAction\":[{\"@type\":\"SearchAction\",\"target\":{\"@type\":\"EntryPoint\",\"urlTemplate\":\"https:\\\/\\\/www.admetec.com\\\/pl\\\/?s={search_term_string}\"},\"query-input\":{\"@type\":\"PropertyValueSpecification\",\"valueRequired\":true,\"valueName\":\"search_term_string\"}}],\"inLanguage\":\"pl-PL\"},{\"@type\":\"Organization\",\"@id\":\"https:\\\/\\\/www.admetec.com\\\/pl\\\/#organization\",\"name\":\"ADMETEC\",\"url\":\"https:\\\/\\\/www.admetec.com\\\/pl\\\/\",\"logo\":{\"@type\":\"ImageObject\",\"inLanguage\":\"pl-PL\",\"@id\":\"https:\\\/\\\/www.admetec.com\\\/pl\\\/#\\\/schema\\\/logo\\\/image\\\/\",\"url\":\"https:\\\/\\\/www.admetec.com\\\/pl\\\/wp-content\\\/uploads\\\/2023\\\/05\\\/Group-2@2x.png\",\"contentUrl\":\"https:\\\/\\\/www.admetec.com\\\/pl\\\/wp-content\\\/uploads\\\/2023\\\/05\\\/Group-2@2x.png\",\"width\":397,\"height\":100,\"caption\":\"ADMETEC\"},\"image\":{\"@id\":\"https:\\\/\\\/www.admetec.com\\\/pl\\\/#\\\/schema\\\/logo\\\/image\\\/\"},\"sameAs\":[\"https:\\\/\\\/www.facebook.com\\\/admetec\",\"https:\\\/\\\/x.com\\\/admetec\"]}]}<\/script>\n<!-- \/ Yoast SEO plugin. -->","yoast_head_json":{"title":"Flamingo\u2122 - Najcz\u0119stsze pytania i problemy - ADMETEC","robots":{"index":"index","follow":"follow","max-snippet":"max-snippet:-1","max-image-preview":"max-image-preview:large","max-video-preview":"max-video-preview:-1"},"canonical":"https:\/\/www.admetec.com\/pl\/flamingo-faq\/","og_locale":"pl_PL","og_type":"article","og_title":"Flamingo\u2122 - Najcz\u0119stsze pytania i problemy - ADMETEC","og_description":"Najcz\u0119stsze pytania i problemy Flamingo\u2122 Jak\u0105 gwarancj\u0105 obj\u0119ty jest produkt Flamingo\u2122? Flamingo\u2122 jest obj\u0119ty 2-letni\u0105 gwarancj\u0105 na zestaw kamery i roczn\u0105 gwarancj\u0105 na wszystkie inne dostarczone cz\u0119\u015bci, z zastrze\u017ceniem warunk\u00f3w wyszczeg\u00f3lnionych w instrukcji obs\u0142ugi. Czy do prowadzenia transmisji na \u017cywo z Flamingo potrzebuj\u0119 po\u0142\u0105czenia z Internetem? Nie, po\u0142\u0105czenie internetowe nie jest wymagane do transmisji na [&hellip;]","og_url":"https:\/\/www.admetec.com\/pl\/flamingo-faq\/","og_site_name":"ADMETEC","article_publisher":"https:\/\/www.facebook.com\/admetec","article_modified_time":"2025-06-03T14:53:06+00:00","twitter_card":"summary_large_image","twitter_site":"@admetec","twitter_misc":{"Szacowany czas czytania":"3 minuty"},"schema":{"@context":"https:\/\/schema.org","@graph":[{"@type":"WebPage","@id":"https:\/\/www.admetec.com\/pl\/flamingo-faq\/","url":"https:\/\/www.admetec.com\/pl\/flamingo-faq\/","name":"Flamingo\u2122 - Najcz\u0119stsze pytania i problemy - ADMETEC","isPartOf":{"@id":"https:\/\/www.admetec.com\/pl\/#website"},"datePublished":"2024-05-02T13:43:23+00:00","dateModified":"2025-06-03T14:53:06+00:00","breadcrumb":{"@id":"https:\/\/www.admetec.com\/pl\/flamingo-faq\/#breadcrumb"},"inLanguage":"pl-PL","potentialAction":[{"@type":"ReadAction","target":["https:\/\/www.admetec.com\/pl\/flamingo-faq\/"]}]},{"@type":"BreadcrumbList","@id":"https:\/\/www.admetec.com\/pl\/flamingo-faq\/#breadcrumb","itemListElement":[{"@type":"ListItem","position":1,"name":"Home","item":"https:\/\/www.admetec.com\/pl\/"},{"@type":"ListItem","position":2,"name":"Flamingo\u2122 &#8211; Najcz\u0119stsze pytania i problemy"}]},{"@type":"WebSite","@id":"https:\/\/www.admetec.com\/pl\/#website","url":"https:\/\/www.admetec.com\/pl\/","name":"ADMETEC","description":"We&#039;ve got your back","publisher":{"@id":"https:\/\/www.admetec.com\/pl\/#organization"},"potentialAction":[{"@type":"SearchAction","target":{"@type":"EntryPoint","urlTemplate":"https:\/\/www.admetec.com\/pl\/?s={search_term_string}"},"query-input":{"@type":"PropertyValueSpecification","valueRequired":true,"valueName":"search_term_string"}}],"inLanguage":"pl-PL"},{"@type":"Organization","@id":"https:\/\/www.admetec.com\/pl\/#organization","name":"ADMETEC","url":"https:\/\/www.admetec.com\/pl\/","logo":{"@type":"ImageObject","inLanguage":"pl-PL","@id":"https:\/\/www.admetec.com\/pl\/#\/schema\/logo\/image\/","url":"https:\/\/www.admetec.com\/pl\/wp-content\/uploads\/2023\/05\/Group-2@2x.png","contentUrl":"https:\/\/www.admetec.com\/pl\/wp-content\/uploads\/2023\/05\/Group-2@2x.png","width":397,"height":100,"caption":"ADMETEC"},"image":{"@id":"https:\/\/www.admetec.com\/pl\/#\/schema\/logo\/image\/"},"sameAs":["https:\/\/www.facebook.com\/admetec","https:\/\/x.com\/admetec"]}]}},"_links":{"self":[{"href":"https:\/\/www.admetec.com\/pl\/wp-json\/wp\/v2\/pages\/7626","targetHints":{"allow":["GET"]}}],"collection":[{"href":"https:\/\/www.admetec.com\/pl\/wp-json\/wp\/v2\/pages"}],"about":[{"href":"https:\/\/www.admetec.com\/pl\/wp-json\/wp\/v2\/types\/page"}],"author":[{"embeddable":true,"href":"https:\/\/www.admetec.com\/pl\/wp-json\/wp\/v2\/users\/6"}],"replies":[{"embeddable":true,"href":"https:\/\/www.admetec.com\/pl\/wp-json\/wp\/v2\/comments?post=7626"}],"version-history":[{"count":64,"href":"https:\/\/www.admetec.com\/pl\/wp-json\/wp\/v2\/pages\/7626\/revisions"}],"predecessor-version":[{"id":9853,"href":"https:\/\/www.admetec.com\/pl\/wp-json\/wp\/v2\/pages\/7626\/revisions\/9853"}],"wp:attachment":[{"href":"https:\/\/www.admetec.com\/pl\/wp-json\/wp\/v2\/media?parent=7626"}],"curies":[{"name":"wp","href":"https:\/\/api.w.org\/{rel}","templated":true}]}}