{"id":6199,"date":"2024-01-16T12:28:45","date_gmt":"2024-01-16T12:28:45","guid":{"rendered":"https:\/\/www.admetec.com\/pt\/?page_id=6199"},"modified":"2025-10-03T00:19:05","modified_gmt":"2025-10-02T21:19:05","slug":"privacy-policy","status":"publish","type":"page","link":"https:\/\/www.admetec.com\/pt\/privacy-policy\/","title":{"rendered":"Privacy Policy"},"content":{"rendered":"\t\t<div data-elementor-type=\"wp-page\" data-elementor-id=\"6199\" class=\"elementor elementor-6199\" data-elementor-settings=\"{&quot;ha_cmc_init_switcher&quot;:&quot;no&quot;}\" data-elementor-post-type=\"page\">\n\t\t\t\t<div class=\"elementor-element elementor-element-47e5f13 e-flex e-con-boxed e-con e-parent\" data-id=\"47e5f13\" data-element_type=\"container\" data-settings=\"{&quot;_ha_eqh_enable&quot;:false}\">\n\t\t\t\t\t<div class=\"e-con-inner\">\n\t\t\t\t<div class=\"elementor-element elementor-element-296171b elementor-widget elementor-widget-heading\" data-id=\"296171b\" data-element_type=\"widget\" data-widget_type=\"heading.default\">\n\t\t\t\t<div class=\"elementor-widget-container\">\n\t\t\t\t\t<h2 class=\"elementor-heading-title elementor-size-default\"><span>Pol\u00edtica de Privacidade<\/span><\/h2>\t\t\t\t<\/div>\n\t\t\t\t<\/div>\n\t\t\t\t\t<\/div>\n\t\t\t\t<\/div>\n\t\t<div class=\"elementor-element elementor-element-d333dba e-flex e-con-boxed e-con e-parent\" data-id=\"d333dba\" data-element_type=\"container\" data-settings=\"{&quot;_ha_eqh_enable&quot;:false}\">\n\t\t\t\t\t<div class=\"e-con-inner\">\n\t\t\t\t<div class=\"elementor-element elementor-element-b7b551b elementor-widget elementor-widget-text-editor\" data-id=\"b7b551b\" data-element_type=\"widget\" data-widget_type=\"text-editor.default\">\n\t\t\t\t<div class=\"elementor-widget-container\">\n\t\t\t\t\t\t\t\t\t<p>Na Admetec, acess\u00edvel de www.admetec.com, uma de nossas principais prioridades \u00e9 a privacidade de nossos visitantes. Este documento de Pol\u00edtica de Privacidade cont\u00e9m tipos de informa\u00e7\u00e3o que \u00e9 recolhida e registada pela Admetec e como n\u00f3s a usamos.<\/p><p>Se tu tiveres quest\u00f5es adicionais ou requereres mais informa\u00e7\u00e3o sobre a nossa Pol\u00edtica de Privacidade, n\u00e3o hesites em contactar n\u00f3s.<\/p><p>Esta Pol\u00edtica de Privacidade aplica-se apenas \u00e0s nossas atividades online e \u00e9 v\u00e1lida para visitantes ao nosso website com rela\u00e7\u00e3o \u00e0 informa\u00e7\u00e3o que eles partilharam e\/ou recolhem na Admetec. Esta pol\u00edtica n\u00e3o \u00e9 aplic\u00e1vel a qualquer informa\u00e7\u00e3o recolhida offline ou via canais outros que n\u00e3o este website.<\/p><h4>Consentimento<\/h4><p>Ao usar o nosso website, tu por este meio consentes \u00e0 nossa Pol\u00edtica de Privacidade e concordas com os seus termos.<\/p><p><span style=\"font-size: 26px;\">Informa\u00e7\u00e3o que n\u00f3s recolhemos<\/span><\/p><p>A informa\u00e7\u00e3o pessoal que tu \u00e9s pedido para fornecer, e as raz\u00f5es porque tu \u00e9s pedido para a fornecer, ser\u00e1 feita clara a ti no ponto que n\u00f3s pedimos para tu fornecer tua informa\u00e7\u00e3o pessoal.<\/p><p>Se tu contactares n\u00f3s diretamente, n\u00f3s podemos receber informa\u00e7\u00e3o adicional sobre ti tal como o teu nome, endere\u00e7o de e-mail, n\u00famero de telefone, os conte\u00fados da mensagem e\/ou anexos que tu possas enviar n\u00f3s, e qualquer outra informa\u00e7\u00e3o que tu possas escolher fornecer.<\/p><p>Quando n\u00f3s criamos uma conta para ti, n\u00f3s podemos pedir pela tua informa\u00e7\u00e3o de contacto, incluindo itens tais como nome, nome de empresa, morada, endere\u00e7o de e-mail, e n\u00famero de telefone, ID, idade, prescri\u00e7\u00e3o de olho etc.<\/p><h4><span style=\"font-size: 26px;\">Como n\u00f3s usamos a tua informa\u00e7\u00e3o<\/span><\/h4><h4><span style=\"font-size: 16px; font-family: inherit; background-color: transparent;\">N\u00f3s usamos a informa\u00e7\u00e3o que n\u00f3s recolhemos em v\u00e1rias vias, incluindo para:<\/span><\/h4><ul><li>Fornecer, operar, e manter os nossos produtos, servi\u00e7o e website<\/li><li>Melhorar, personalizar, e expandir os nossos produtos, servi\u00e7o e website<\/li><li>Compreender e analisar como tu usas os nossos produtos, servi\u00e7o e website<\/li><li>Desenvolver novos produtos, servi\u00e7os, funcionalidades, e funcionalidade<\/li><li>Comunicar contigo, ou diretamente ou atrav\u00e9s de um dos nossos parceiros, incluindo para servi\u00e7o ao cliente, para fornecer ti com atualiza\u00e7\u00f5es e outra informa\u00e7\u00e3o relacionando ao website, produtos e servi\u00e7o em geral, e para marketing e prop\u00f3sitos promocionais.<\/li><li>Enviar ti e-mails<\/li><li>Encontrar e prevenir fraude<\/li><\/ul><h4><span style=\"font-size: 26px;\">Ficheiros de Registo<\/span><\/h4><h4><span style=\"font-size: 16px;\">Admetec segue um procedimento padr\u00e3o de usar ficheiros de registo. Estes ficheiros registam visitantes quando eles visitam websites. Todas as empresas de alojamento web fazem isto e uma parte de an\u00e1lises de servi\u00e7os de alojamento web. A informa\u00e7\u00e3o recolhida por ficheiros de registo inclui endere\u00e7os de protocolo de internet (IP), tipo de navegador, Provedor de Servi\u00e7o de Internet (ISP), carimbo de data e hora, p\u00e1ginas de refer\u00eancia\/sa\u00edda, e possivelmente o n\u00famero de cliques. Estes n\u00e3o s\u00e3o ligados a nenhuma informa\u00e7\u00e3o que \u00e9 pessoalmente identific\u00e1vel. O prop\u00f3sito da informa\u00e7\u00e3o \u00e9 para analisar tend\u00eancias, administrar o site, seguir o movimento de utilizadores no website, e recolher informa\u00e7\u00e3o demogr\u00e1fica.<\/span><\/h4><h4><span style=\"font-family: inherit;\">Cookies e Web Beacons<\/span><\/h4><p>Como qualquer outro website, Admetec usa \u201ccookies\u201d. Estes cookies s\u00e3o usados para armazenar informa\u00e7\u00e3o incluindo prefer\u00eancias de visitantes, e as p\u00e1ginas no website que o visitante acedeu ou visitou. A informa\u00e7\u00e3o \u00e9 usada para otimizar a experi\u00eancia de utilizadores por personalizar o nosso conte\u00fado de p\u00e1gina web baseado no tipo de navegador de visitantes e\/ou outra informa\u00e7\u00e3o.<\/p><p><span style=\"font-size: 26px;\">Cookie DART do Google DoubleClick<\/span><\/p><p>Google \u00e9 um de um fornecedor de terceiro no nosso site. Ele tamb\u00e9m usa cookies, conhecidos como cookies DART, para servir an\u00fancios aos nossos visitantes do site baseados em sua visita a www.website.com e outros sites na internet. Contudo, visitantes podem escolher recusar o uso de cookies DART por visitar o Google ad e rede de conte\u00fado Pol\u00edtica de Privacidade no seguinte URL \u2013 https:\/\/policies.google.com\/technologies\/ads<\/p><h4>Nossos Parceiros de Publicidade<\/h4><p>Alguns de anunciantes no nosso site podem usar cookies e web beacons. Os nossos parceiros de publicidade s\u00e3o listados abaixo. Cada um de nossos parceiros de publicidade tem a sua pr\u00f3pria Pol\u00edtica de Privacidade para as suas pol\u00edticas em dados de utilizador. Para acesso mais f\u00e1cil, n\u00f3s hiperligamos para as suas Pol\u00edticas de Privacidade abaixo.<\/p><ul><li><p>Google<\/p><p><a href=\"https:\/\/policies.google.com\/technologies\/ads\">https:\/\/policies.google.com\/technologies\/ads<\/a><\/p><\/li><li><p>Meta<\/p><p><a href=\"https:\/\/www.facebook.com\/business\/help\/488043719226449?id=434838534925385\">https:\/\/www.facebook.com\/business\/help\/488043719226449<\/a><\/p><\/li><li><p>LinkedIn<\/p><p><a href=\"https:\/\/www.linkedin.com\/legal\/ads-policy\">https:\/\/www.linkedin.com\/legal\/ads-policy<\/a><\/p><\/li><\/ul><h4><span style=\"font-size: 26px;\">Pol\u00edticas de Privacidade de Parceiros de Publicidade<\/span><\/h4><h4><span style=\"font-size: 16px;\">Tu podes consultar esta lista para encontrar a Pol\u00edtica de Privacidade para cada um dos parceiros de publicidade da Admetec.<\/span><\/h4><h4><span style=\"font-size: 16px;\">Servidores de an\u00fancios de terceiro ou redes de an\u00fancios usam tecnologias como cookies, JavaScript, ou Web Beacons que s\u00e3o usados nos seus respetivos an\u00fancios e hiperliga\u00e7\u00f5es que aparecem na Admetec, que s\u00e3o enviadas diretamente aos navegadores de utilizadores. Eles automaticamente recebem o teu endere\u00e7o IP quando isto ocorre. Estas tecnologias s\u00e3o usadas para medir a efic\u00e1cia das suas campanhas de publicidade e\/ou para personalizar o conte\u00fado de publicidade que tu v\u00eas em websites que tu visitas.<\/span><\/h4><h4><span style=\"font-size: 16px;\">Nota que Admetec n\u00e3o tem acesso a ou controlo sobre estes cookies que s\u00e3o usados por anunciantes de terceiro.<\/span><\/h4><h4><span style=\"font-size: 26px;\">Pol\u00edticas de Privacidade de Terceiro<\/span><\/h4><h4><span style=\"font-size: 16px;\">A Pol\u00edtica de Privacidade da Admetec n\u00e3o aplica-se a outros anunciantes ou websites. Assim, n\u00f3s estamos aconselhando ti para consultar as respetivas Pol\u00edticas de Privacidade destes servidores de an\u00fancios de terceiro para informa\u00e7\u00e3o mais detalhada. Ele pode incluir as suas pr\u00e1ticas e instru\u00e7\u00f5es sobre como opt-out de certas op\u00e7\u00f5es.<\/span><\/h4><h4><span style=\"font-size: 16px;\">Tu podes escolher desabilitar cookies atrav\u00e9s das tuas op\u00e7\u00f5es de navegador individuais. Para saber mais informa\u00e7\u00e3o detalhada sobre gest\u00e3o de cookies com navegadores web espec\u00edficos, ele pode ser encontrado nos websites respetivos de navegadores.<\/span><\/h4><h4><span style=\"font-size: 26px;\">Direitos de Privacidade CCPA (N\u00e3o Vender a Minha Informa\u00e7\u00e3o Pessoal)<\/span><\/h4><h4><span style=\"font-size: 16px;\">Sob a CCPA, entre outros direitos, consumidores de Calif\u00f3rnia t\u00eam o direito para:<\/span><\/h4><h4><span style=\"font-size: 16px;\">Requerer que um neg\u00f3cio que recolhe dados pessoais de um consumidor divulgue as categorias e partes espec\u00edficas de dados pessoais que um neg\u00f3cio tem recolhido sobre consumidores.<\/span><\/h4><h4><span style=\"font-size: 16px;\">Requerer que um neg\u00f3cio apague quaisquer dados pessoais sobre o consumidor que um neg\u00f3cio tem recolhido.<\/span><\/h4><h4><span style=\"font-size: 16px;\">Requerer que um neg\u00f3cio que vende dados pessoais de um consumidor, n\u00e3o venda os dados pessoais do consumidor.<\/span><\/h4><h4><span style=\"font-size: 16px;\">Se tu fazes um pedido, n\u00f3s temos um m\u00eas para responder a ti. Se tu gostarias de exercer qualquer um destes direitos, por favor entra em contacto com n\u00f3s.<\/span><\/h4><h4><span style=\"font-size: 26px;\">Direitos de Prote\u00e7\u00e3o de Dados RGPD<\/span><\/h4><h4><span style=\"font-size: 16px;\">N\u00f3s queremos fazer certo tu \u00e9s plenamente ciente de todos os teus direitos de prote\u00e7\u00e3o de dados. Cada utilizador \u00e9 intitulado ao seguinte:<\/span><\/h4><h4><span style=\"font-size: 16px;\">O direito a acesso \u2013 Tu tens o direito para requerer c\u00f3pias dos teus dados pessoais. N\u00f3s podemos cobrar ti uma pequena taxa para este servi\u00e7o.<\/span><\/h4><h4><span style=\"font-size: 16px;\">O direito a retifica\u00e7\u00e3o \u2013 Tu tens o direito para requerer que n\u00f3s corrijamos qualquer informa\u00e7\u00e3o que tu acreditas \u00e9 inexata. Tu tamb\u00e9m tens o direito para requerer que n\u00f3s completemos a informa\u00e7\u00e3o que tu acreditas \u00e9 incompleta.<\/span><\/h4><h4><span style=\"font-size: 16px;\">O direito a apagamento \u2013 Tu tens o direito para requerer que n\u00f3s apaguemos os teus dados pessoais, sob certas condi\u00e7\u00f5es.<\/span><\/h4><h4><span style=\"font-size: 16px;\">O direito a restringir o tratamento \u2013 Tu tens o direito para requerer que n\u00f3s restrinjamos o tratamento dos teus dados pessoais, sob certas condi\u00e7\u00f5es.<\/span><\/h4><h4><span style=\"font-size: 16px;\">O direito a opor ao tratamento \u2013 Tu tens o direito para opor ao nosso tratamento dos teus dados pessoais, sob certas condi\u00e7\u00f5es.<\/span><\/h4><h4><span style=\"font-size: 16px;\">O direito a portabilidade de dados \u2013 Tu tens o direito para requerer que n\u00f3s transfiramos os dados que n\u00f3s temos recolhido para outra organiza\u00e7\u00e3o, ou diretamente para ti, sob certas condi\u00e7\u00f5es.<\/span><\/h4><h4><span style=\"font-size: 16px;\">Se tu fazes um pedido, n\u00f3s temos um m\u00eas para responder a ti. Se tu gostarias de exercer qualquer um destes direitos, por favor contacta n\u00f3s.<\/span><\/h4><h4><span style=\"font-size: 26px;\">Informa\u00e7\u00e3o de Crian\u00e7as<\/span><\/h4><h4><span style=\"font-size: 16px;\">Outra parte de nossa prioridade \u00e9 adicionar prote\u00e7\u00e3o para crian\u00e7as enquanto usam a internet. N\u00f3s encorajamos pais e guardi\u00f5es para observar, participar em, e\/ou monitorizar e guiar a sua atividade online.<\/span><\/h4><h4><span style=\"font-size: 16px;\">Admetec n\u00e3o intencionalmente recolhe qualquer Informa\u00e7\u00e3o Pessoalmente Identific\u00e1vel de crian\u00e7as sob a idade de 13. Se tu pensas que o teu filho forneceu este tipo de informa\u00e7\u00e3o no nosso website, n\u00f3s fortemente encorajamos ti para contactar n\u00f3s imediatamente e n\u00f3s faremos os nossos melhores esfor\u00e7os para prontamente remover tal informa\u00e7\u00e3o dos nossos registos.<\/span><\/h4><h4><span style=\"font-size: 26px;\">Altera\u00e7\u00f5es a Esta Pol\u00edtica de Privacidade<\/span><\/h4><h4><span style=\"font-size: 16px;\">N\u00f3s podemos atualizar a nossa Pol\u00edtica de Privacidade de tempo a tempo. Assim, n\u00f3s aconselhamos ti para rever esta p\u00e1gina periodicamente para quaisquer altera\u00e7\u00f5es. N\u00f3s notificaremos ti de quaisquer altera\u00e7\u00f5es por postar a nova Pol\u00edtica de Privacidade nesta p\u00e1gina. Estas altera\u00e7\u00f5es s\u00e3o eficazes imediatamente, ap\u00f3s elas s\u00e3o postadas nesta p\u00e1gina.<\/span><\/h4><h4><span style=\"font-size: 26px;\">Contacta N\u00f3s<\/span><\/h4><h4><span style=\"font-size: 16px;\">Se tu tens quaisquer quest\u00f5es ou sugest\u00f5es sobre a nossa Pol\u00edtica de Privacidade, n\u00e3o hesites em contactar n\u00f3s.<\/span><\/h4>\t\t\t\t\t\t\t\t<\/div>\n\t\t\t\t<\/div>\n\t\t\t\t\t<\/div>\n\t\t\t\t<\/div>\n\t\t\t\t<\/div>\n\t\t","protected":false},"excerpt":{"rendered":"<p>Pol\u00edtica de Privacidade Na Admetec, acess\u00edvel de www.admetec.com, uma de nossas principais prioridades \u00e9 a privacidade de nossos visitantes. Este documento de Pol\u00edtica de Privacidade cont\u00e9m tipos de informa\u00e7\u00e3o que \u00e9 recolhida e registada pela Admetec e como n\u00f3s a usamos. Se tu tiveres quest\u00f5es adicionais ou requereres mais informa\u00e7\u00e3o sobre a nossa Pol\u00edtica de [&hellip;]<\/p>\n","protected":false},"author":12,"featured_media":0,"parent":0,"menu_order":0,"comment_status":"closed","ping_status":"closed","template":"","meta":{"_acf_changed":false,"content-type":"","footnotes":""},"class_list":["post-6199","page","type-page","status-publish","hentry"],"acf":[],"yoast_head":"<!-- This site is optimized with the Yoast SEO plugin v25.9 - https:\/\/yoast.com\/wordpress\/plugins\/seo\/ -->\n<title>Privacy Policy - ADMETEC<\/title>\n<meta name=\"robots\" content=\"index, follow, max-snippet:-1, max-image-preview:large, max-video-preview:-1\" \/>\n<link rel=\"canonical\" href=\"https:\/\/www.admetec.com\/pt\/privacy-policy\/\" \/>\n<meta property=\"og:locale\" content=\"en_US\" \/>\n<meta property=\"og:type\" content=\"article\" \/>\n<meta property=\"og:title\" content=\"Privacy Policy - ADMETEC\" \/>\n<meta property=\"og:description\" content=\"Pol\u00edtica de Privacidade Na Admetec, acess\u00edvel de www.admetec.com, uma de nossas principais prioridades \u00e9 a privacidade de nossos visitantes. Este documento de Pol\u00edtica de Privacidade cont\u00e9m tipos de informa\u00e7\u00e3o que \u00e9 recolhida e registada pela Admetec e como n\u00f3s a usamos. Se tu tiveres quest\u00f5es adicionais ou requereres mais informa\u00e7\u00e3o sobre a nossa Pol\u00edtica de [&hellip;]\" \/>\n<meta property=\"og:url\" content=\"https:\/\/www.admetec.com\/pt\/privacy-policy\/\" \/>\n<meta property=\"og:site_name\" content=\"ADMETEC\" \/>\n<meta property=\"article:publisher\" content=\"https:\/\/www.facebook.com\/admetec\" \/>\n<meta property=\"article:modified_time\" content=\"2025-10-02T21:19:05+00:00\" \/>\n<meta name=\"twitter:card\" content=\"summary_large_image\" \/>\n<meta name=\"twitter:site\" content=\"@admetec\" \/>\n<meta name=\"twitter:label1\" content=\"Est. reading time\" \/>\n\t<meta name=\"twitter:data1\" content=\"6 minutes\" \/>\n<script type=\"application\/ld+json\" class=\"yoast-schema-graph\">{\"@context\":\"https:\/\/schema.org\",\"@graph\":[{\"@type\":\"WebPage\",\"@id\":\"https:\/\/www.admetec.com\/pt\/privacy-policy\/\",\"url\":\"https:\/\/www.admetec.com\/pt\/privacy-policy\/\",\"name\":\"Privacy Policy - ADMETEC\",\"isPartOf\":{\"@id\":\"https:\/\/www.admetec.com\/pt\/#website\"},\"datePublished\":\"2024-01-16T12:28:45+00:00\",\"dateModified\":\"2025-10-02T21:19:05+00:00\",\"breadcrumb\":{\"@id\":\"https:\/\/www.admetec.com\/pt\/privacy-policy\/#breadcrumb\"},\"inLanguage\":\"en-US\",\"potentialAction\":[{\"@type\":\"ReadAction\",\"target\":[\"https:\/\/www.admetec.com\/pt\/privacy-policy\/\"]}]},{\"@type\":\"BreadcrumbList\",\"@id\":\"https:\/\/www.admetec.com\/pt\/privacy-policy\/#breadcrumb\",\"itemListElement\":[{\"@type\":\"ListItem\",\"position\":1,\"name\":\"Home\",\"item\":\"https:\/\/www.admetec.com\/pt\/\"},{\"@type\":\"ListItem\",\"position\":2,\"name\":\"Privacy Policy\"}]},{\"@type\":\"WebSite\",\"@id\":\"https:\/\/www.admetec.com\/pt\/#website\",\"url\":\"https:\/\/www.admetec.com\/pt\/\",\"name\":\"ADMETEC\",\"description\":\"We&#039;ve got your back\",\"publisher\":{\"@id\":\"https:\/\/www.admetec.com\/pt\/#organization\"},\"potentialAction\":[{\"@type\":\"SearchAction\",\"target\":{\"@type\":\"EntryPoint\",\"urlTemplate\":\"https:\/\/www.admetec.com\/pt\/?s={search_term_string}\"},\"query-input\":{\"@type\":\"PropertyValueSpecification\",\"valueRequired\":true,\"valueName\":\"search_term_string\"}}],\"inLanguage\":\"en-US\"},{\"@type\":\"Organization\",\"@id\":\"https:\/\/www.admetec.com\/pt\/#organization\",\"name\":\"ADMETEC\",\"url\":\"https:\/\/www.admetec.com\/pt\/\",\"logo\":{\"@type\":\"ImageObject\",\"inLanguage\":\"en-US\",\"@id\":\"https:\/\/www.admetec.com\/pt\/#\/schema\/logo\/image\/\",\"url\":\"https:\/\/www.admetec.com\/pt\/wp-content\/uploads\/2024\/07\/admetec-logo.webp\",\"contentUrl\":\"https:\/\/www.admetec.com\/pt\/wp-content\/uploads\/2024\/07\/admetec-logo.webp\",\"width\":397,\"height\":100,\"caption\":\"ADMETEC\"},\"image\":{\"@id\":\"https:\/\/www.admetec.com\/pt\/#\/schema\/logo\/image\/\"},\"sameAs\":[\"https:\/\/www.facebook.com\/admetec\",\"https:\/\/x.com\/admetec\"]}]}<\/script>\n<!-- \/ Yoast SEO plugin. -->","yoast_head_json":{"title":"Privacy Policy - ADMETEC","robots":{"index":"index","follow":"follow","max-snippet":"max-snippet:-1","max-image-preview":"max-image-preview:large","max-video-preview":"max-video-preview:-1"},"canonical":"https:\/\/www.admetec.com\/pt\/privacy-policy\/","og_locale":"en_US","og_type":"article","og_title":"Privacy Policy - ADMETEC","og_description":"Pol\u00edtica de Privacidade Na Admetec, acess\u00edvel de www.admetec.com, uma de nossas principais prioridades \u00e9 a privacidade de nossos visitantes. Este documento de Pol\u00edtica de Privacidade cont\u00e9m tipos de informa\u00e7\u00e3o que \u00e9 recolhida e registada pela Admetec e como n\u00f3s a usamos. Se tu tiveres quest\u00f5es adicionais ou requereres mais informa\u00e7\u00e3o sobre a nossa Pol\u00edtica de [&hellip;]","og_url":"https:\/\/www.admetec.com\/pt\/privacy-policy\/","og_site_name":"ADMETEC","article_publisher":"https:\/\/www.facebook.com\/admetec","article_modified_time":"2025-10-02T21:19:05+00:00","twitter_card":"summary_large_image","twitter_site":"@admetec","twitter_misc":{"Est. reading time":"6 minutes"},"schema":{"@context":"https:\/\/schema.org","@graph":[{"@type":"WebPage","@id":"https:\/\/www.admetec.com\/pt\/privacy-policy\/","url":"https:\/\/www.admetec.com\/pt\/privacy-policy\/","name":"Privacy Policy - ADMETEC","isPartOf":{"@id":"https:\/\/www.admetec.com\/pt\/#website"},"datePublished":"2024-01-16T12:28:45+00:00","dateModified":"2025-10-02T21:19:05+00:00","breadcrumb":{"@id":"https:\/\/www.admetec.com\/pt\/privacy-policy\/#breadcrumb"},"inLanguage":"en-US","potentialAction":[{"@type":"ReadAction","target":["https:\/\/www.admetec.com\/pt\/privacy-policy\/"]}]},{"@type":"BreadcrumbList","@id":"https:\/\/www.admetec.com\/pt\/privacy-policy\/#breadcrumb","itemListElement":[{"@type":"ListItem","position":1,"name":"Home","item":"https:\/\/www.admetec.com\/pt\/"},{"@type":"ListItem","position":2,"name":"Privacy Policy"}]},{"@type":"WebSite","@id":"https:\/\/www.admetec.com\/pt\/#website","url":"https:\/\/www.admetec.com\/pt\/","name":"ADMETEC","description":"We&#039;ve got your back","publisher":{"@id":"https:\/\/www.admetec.com\/pt\/#organization"},"potentialAction":[{"@type":"SearchAction","target":{"@type":"EntryPoint","urlTemplate":"https:\/\/www.admetec.com\/pt\/?s={search_term_string}"},"query-input":{"@type":"PropertyValueSpecification","valueRequired":true,"valueName":"search_term_string"}}],"inLanguage":"en-US"},{"@type":"Organization","@id":"https:\/\/www.admetec.com\/pt\/#organization","name":"ADMETEC","url":"https:\/\/www.admetec.com\/pt\/","logo":{"@type":"ImageObject","inLanguage":"en-US","@id":"https:\/\/www.admetec.com\/pt\/#\/schema\/logo\/image\/","url":"https:\/\/www.admetec.com\/pt\/wp-content\/uploads\/2024\/07\/admetec-logo.webp","contentUrl":"https:\/\/www.admetec.com\/pt\/wp-content\/uploads\/2024\/07\/admetec-logo.webp","width":397,"height":100,"caption":"ADMETEC"},"image":{"@id":"https:\/\/www.admetec.com\/pt\/#\/schema\/logo\/image\/"},"sameAs":["https:\/\/www.facebook.com\/admetec","https:\/\/x.com\/admetec"]}]}},"_links":{"self":[{"href":"https:\/\/www.admetec.com\/pt\/wp-json\/wp\/v2\/pages\/6199","targetHints":{"allow":["GET"]}}],"collection":[{"href":"https:\/\/www.admetec.com\/pt\/wp-json\/wp\/v2\/pages"}],"about":[{"href":"https:\/\/www.admetec.com\/pt\/wp-json\/wp\/v2\/types\/page"}],"author":[{"embeddable":true,"href":"https:\/\/www.admetec.com\/pt\/wp-json\/wp\/v2\/users\/12"}],"replies":[{"embeddable":true,"href":"https:\/\/www.admetec.com\/pt\/wp-json\/wp\/v2\/comments?post=6199"}],"version-history":[{"count":10,"href":"https:\/\/www.admetec.com\/pt\/wp-json\/wp\/v2\/pages\/6199\/revisions"}],"predecessor-version":[{"id":12075,"href":"https:\/\/www.admetec.com\/pt\/wp-json\/wp\/v2\/pages\/6199\/revisions\/12075"}],"wp:attachment":[{"href":"https:\/\/www.admetec.com\/pt\/wp-json\/wp\/v2\/media?parent=6199"}],"curies":[{"name":"wp","href":"https:\/\/api.w.org\/{rel}","templated":true}]}}