{"id":6204,"date":"2024-01-16T12:54:18","date_gmt":"2024-01-16T12:54:18","guid":{"rendered":"https:\/\/www.admetec.com\/pt\/?page_id=6204"},"modified":"2025-10-03T01:07:25","modified_gmt":"2025-10-02T22:07:25","slug":"terms-and-conditions","status":"publish","type":"page","link":"https:\/\/www.admetec.com\/pt\/terms-and-conditions\/","title":{"rendered":"Terms and Conditions"},"content":{"rendered":"\t\t<div data-elementor-type=\"wp-page\" data-elementor-id=\"6204\" class=\"elementor elementor-6204\" data-elementor-settings=\"{&quot;ha_cmc_init_switcher&quot;:&quot;no&quot;}\" data-elementor-post-type=\"page\">\n\t\t\t\t<div class=\"elementor-element elementor-element-47e5f13 e-flex e-con-boxed e-con e-parent\" data-id=\"47e5f13\" data-element_type=\"container\" data-settings=\"{&quot;_ha_eqh_enable&quot;:false}\">\n\t\t\t\t\t<div class=\"e-con-inner\">\n\t\t\t\t<div class=\"elementor-element elementor-element-296171b elementor-widget elementor-widget-heading\" data-id=\"296171b\" data-element_type=\"widget\" data-widget_type=\"heading.default\">\n\t\t\t\t<div class=\"elementor-widget-container\">\n\t\t\t\t\t<h2 class=\"elementor-heading-title elementor-size-default\"><span>Termos e Condi\u00e7\u00f5es<\/span><\/h2>\t\t\t\t<\/div>\n\t\t\t\t<\/div>\n\t\t\t\t\t<\/div>\n\t\t\t\t<\/div>\n\t\t<div class=\"elementor-element elementor-element-d333dba e-flex e-con-boxed e-con e-parent\" data-id=\"d333dba\" data-element_type=\"container\" data-settings=\"{&quot;_ha_eqh_enable&quot;:false}\">\n\t\t\t\t\t<div class=\"e-con-inner\">\n\t\t\t\t<div class=\"elementor-element elementor-element-b7b551b elementor-widget elementor-widget-text-editor\" data-id=\"b7b551b\" data-element_type=\"widget\" data-widget_type=\"text-editor.default\">\n\t\t\t\t<div class=\"elementor-widget-container\">\n\t\t\t\t\t\t\t\t\t<p>Bem-vindo \u00e0 Admetec!<\/p><p>Estes termos e condi\u00e7\u00f5es descrevem as regras e regulamentos para a utiliza\u00e7\u00e3o do site da Admetec, localizado em www.admetec.com.<\/p><p>Ao aceder a este site, assumimos que aceita estes termos e condi\u00e7\u00f5es. N\u00e3o continue a utilizar a Admetec se n\u00e3o concordar com todos os termos e condi\u00e7\u00f5es estabelecidos nesta p\u00e1gina.<\/p><p>A seguinte terminologia aplica-se a estes Termos e Condi\u00e7\u00f5es, Declara\u00e7\u00e3o de Privacidade e Aviso de Isen\u00e7\u00e3o de Responsabilidade e todos os Acordos: \u00abCliente\u00bb, \u00abVoc\u00ea\u00bb e \u00abSeu\u00bb referem-se a si, a pessoa que acede a este website e que cumpre os termos e condi\u00e7\u00f5es da Empresa. \u00abA Empresa\u00bb, \u00abN\u00f3s\u00bb, \u00abNosso\u00bb e \u00abNossa\u00bb referem-se \u00e0 nossa Empresa. \u00abParte\u00bb, \u00abPartes\u00bb ou \u00abN\u00f3s\u00bb referem-se tanto ao Cliente como a n\u00f3s pr\u00f3prios. Todos os termos se referem \u00e0 oferta, aceita\u00e7\u00e3o e considera\u00e7\u00e3o do pagamento necess\u00e1rio para realizar o processo de assist\u00eancia ao Cliente da forma mais adequada, com o objetivo expresso de satisfazer as necessidades do Cliente no que diz respeito \u00e0 presta\u00e7\u00e3o dos servi\u00e7os declarados pela Empresa, de acordo com e sujeito \u00e0 legisla\u00e7\u00e3o em vigor. Qualquer uso da terminologia acima ou de outras palavras no singular, plural, mai\u00fasculas e\/ou ele\/ela ou eles, s\u00e3o considerados intercambi\u00e1veis e, portanto, referem-se ao mesmo.<\/p><h4><span style=\"font-size: 26px;\">Cookies<\/span><\/h4><p>Utilizamos cookies. Ao aceder \u00e0 Admetec, concorda em utilizar cookies de acordo com a Pol\u00edtica de Privacidade da Admetec.<\/p><p>A maioria dos sites interativos utiliza cookies para nos permitir recuperar os detalhes do utilizador em cada visita. Os cookies s\u00e3o utilizados pelo nosso site para ativar a funcionalidade de determinadas \u00e1reas, facilitando a navega\u00e7\u00e3o dos visitantes. Alguns dos nossos parceiros afiliados\/publicit\u00e1rios tamb\u00e9m podem utilizar cookies.<\/p><h4>Licen\u00e7a<\/h4><p>Salvo indica\u00e7\u00e3o em contr\u00e1rio, a Admetec e\/ou os seus licenciantes det\u00eam os direitos de propriedade intelectual de todo o material da Admetec. Todos os direitos de propriedade intelectual s\u00e3o reservados. Pode aceder a este material a partir da Admetec para seu uso pessoal, sujeito \u00e0s restri\u00e7\u00f5es estabelecidas nestes termos e condi\u00e7\u00f5es.<\/p><p>N\u00e3o deve:<\/p><ul><li>Republicar material da Admetec<\/li><li>Vender, alugar ou sublicenciar material da Admetec<\/li><li>Reproduzir, duplicar ou copiar material da Admetec<\/li><li>Redistribuir conte\u00fado da Admetec<\/li><\/ul><p>Este Acordo ter\u00e1 in\u00edcio na data do presente.<\/p><p>Algumas partes deste site oferecem aos utilizadores a oportunidade de publicar e trocar opini\u00f5es e informa\u00e7\u00f5es em determinadas \u00e1reas do site. A Admetec n\u00e3o filtra, edita, publica ou rev\u00ea os coment\u00e1rios antes da sua publica\u00e7\u00e3o no site. Os coment\u00e1rios n\u00e3o refletem as opini\u00f5es e pontos de vista da Admetec, dos seus agentes e\/ou afiliados. Os coment\u00e1rios refletem as opini\u00f5es e pontos de vista da pessoa que os publica. Na medida do permitido pelas leis aplic\u00e1veis, a Admetec n\u00e3o se responsabiliza pelos coment\u00e1rios ou por qualquer responsabilidade, danos ou despesas causados e\/ou sofridos como resultado de qualquer utiliza\u00e7\u00e3o e\/ou publica\u00e7\u00e3o e\/ou aparecimento dos coment\u00e1rios neste site.<\/p><p>A Admetec reserva-se o direito de monitorizar todos os coment\u00e1rios e remover quaisquer coment\u00e1rios que possam ser considerados inadequados, ofensivos ou que violem estes Termos e Condi\u00e7\u00f5es.<\/p><p>Voc\u00ea garante e declara que:<\/p><ul><li>Tem o direito de publicar os Coment\u00e1rios no nosso website e possui todas as licen\u00e7as e consentimentos necess\u00e1rios para o fazer;<\/li><li>Os Coment\u00e1rios n\u00e3o infringem qualquer direito de propriedade intelectual, incluindo, sem limita\u00e7\u00e3o, direitos de autor, patentes ou marcas registadas de terceiros;<\/li><li>Os Coment\u00e1rios n\u00e3o cont\u00eam qualquer material difamat\u00f3rio, calunioso, ofensivo, indecente ou ilegal que constitua uma invas\u00e3o de privacidade;<\/li><li>Os Coment\u00e1rios n\u00e3o ser\u00e3o utilizados para solicitar ou promover neg\u00f3cios ou costumes, nem para apresentar atividades comerciais ou ilegais.<p>Voc\u00ea concede \u00e0 Admetec uma licen\u00e7a n\u00e3o exclusiva para usar, reproduzir, editar e autorizar terceiros a usar, reproduzir e editar qualquer um dos seus Coment\u00e1rios em todas e quaisquer formas, formatos ou meios de comunica\u00e7\u00e3o.<\/p><\/li><\/ul><h4>Hiperliga\u00e7\u00f5es para o nosso Conte\u00fado<\/h4><p>As seguintes organiza\u00e7\u00f5es podem criar hiperliga\u00e7\u00f5es para o nosso Website sem aprova\u00e7\u00e3o pr\u00e9via por escrito:<\/p><ul><li>Ag\u00eancias governamentais;<\/li><li>Motores de busca;<\/li><li>Organiza\u00e7\u00f5es noticiosas;<\/li><li>Os distribuidores de diret\u00f3rios online podem criar hiperliga\u00e7\u00f5es para o nosso Website da mesma forma que criam hiperliga\u00e7\u00f5es para os Websites de outras empresas listadas; e<\/li><li>Empresas acreditadas em todo o sistema, exceto organiza\u00e7\u00f5es sem fins lucrativos, centros comerciais de caridade e grupos de angaria\u00e7\u00e3o de fundos de caridade, que n\u00e3o podem criar hiperliga\u00e7\u00f5es para o nosso Website.<\/li><\/ul><p>Essas organiza\u00e7\u00f5es podem criar links para a nossa p\u00e1gina inicial, para publica\u00e7\u00f5es ou para outras informa\u00e7\u00f5es do site, desde que o link: (a) n\u00e3o seja de forma alguma enganoso; (b) n\u00e3o implique falsamente patroc\u00ednio, endosso ou aprova\u00e7\u00e3o da parte que criou o link e dos seus produtos e\/ou servi\u00e7os; e (c) se encaixe no contexto do site da parte que criou o link.<\/p><p>Podemos considerar e aprovar outros pedidos de links dos seguintes tipos de organiza\u00e7\u00f5es:<\/p><ul><li>fontes de informa\u00e7\u00e3o de consumo e\/ou neg\u00f3cios comumente conhecidas;<\/li><li>sites da comunidade dot.com;<\/li><li>associa\u00e7\u00f5es ou outros grupos que representam institui\u00e7\u00f5es de caridade;<\/li><li>distribuidores de diret\u00f3rios online;<\/li><li>portais da Internet;<\/li><li>empresas de contabilidade, advocacia e consultoria; e<\/li><li>institui\u00e7\u00f5es educacionais e associa\u00e7\u00f5es comerciais.<\/li><\/ul><div>\u00a0<\/div><p>Aprovaremos pedidos de liga\u00e7\u00e3o destas organiza\u00e7\u00f5es se decidirmos que: (a) a liga\u00e7\u00e3o n\u00e3o nos prejudicaria a n\u00f3s pr\u00f3prios ou \u00e0s nossas empresas acreditadas; (b) a organiza\u00e7\u00e3o n\u00e3o tem quaisquer registos negativos connosco; (c) o benef\u00edcio para n\u00f3s da visibilidade da hiperliga\u00e7\u00e3o compensa a aus\u00eancia da Admetec; e (d) a liga\u00e7\u00e3o est\u00e1 no contexto de informa\u00e7\u00f5es gerais sobre recursos.<\/p><p>Essas organiza\u00e7\u00f5es podem criar links para a nossa p\u00e1gina inicial, desde que o link: (a) n\u00e3o seja enganoso de forma alguma; (b) n\u00e3o sugira falsamente patroc\u00ednio, endosso ou aprova\u00e7\u00e3o da parte que criou o link e dos seus produtos ou servi\u00e7os; e (c) se encaixe no contexto do site da parte que criou o link.<\/p><p>Se for uma das organiza\u00e7\u00f5es listadas no par\u00e1grafo 2 acima e estiver interessado em criar um link para o nosso site, deve informar-nos enviando um e-mail para a Admetec. Inclua o seu nome, o nome da sua organiza\u00e7\u00e3o, informa\u00e7\u00f5es de contacto, bem como o URL do seu site, uma lista de quaisquer URLs a partir dos quais pretende criar um link para o nosso site e uma lista dos URLs do nosso site para os quais gostaria de criar um link. Aguarde 2 a 3 semanas por uma resposta.<\/p><p>As organiza\u00e7\u00f5es aprovadas podem criar hiperliga\u00e7\u00f5es para o nosso site da seguinte forma:<\/p><ul><li>Utilizando o nome da nossa empresa; ou<\/li><li>Utilizando o localizador uniforme de recursos ao qual est\u00e1 a ser criada a hiperliga\u00e7\u00e3o; ou<\/li><li>Utilizando qualquer outra descri\u00e7\u00e3o do nosso site ao qual est\u00e1 a ser criada a hiperliga\u00e7\u00e3o que fa\u00e7a sentido dentro do contexto e formato do conte\u00fado do site da parte que est\u00e1 a criar a hiperliga\u00e7\u00e3o.<\/li><\/ul><p>N\u00e3o ser\u00e1 permitida a utiliza\u00e7\u00e3o do log\u00f3tipo da Admetec ou de outras imagens para criar hiperliga\u00e7\u00f5es sem um contrato de licen\u00e7a de marca registada.<\/p><p><span style=\"font-size: 26px;\">iFrames<\/span><\/p><p>Sem aprova\u00e7\u00e3o pr\u00e9via e permiss\u00e3o por escrito, n\u00e3o pode criar frames em torno das nossas p\u00e1ginas Web que alterem de alguma forma a apresenta\u00e7\u00e3o visual ou a apar\u00eancia do nosso Website.<\/p><p><span style=\"font-size: 26px;\">Responsabilidade pelo conte\u00fado<\/span><\/p><p>N\u00e3o nos responsabilizamos por qualquer conte\u00fado que apare\u00e7a no seu site. Concorda em proteger-nos e defender-nos contra todas as reclama\u00e7\u00f5es que surjam no seu site. Nenhum link deve aparecer em qualquer site que possa ser interpretado como difamat\u00f3rio, obsceno ou criminoso, ou que infrinja, viole ou defenda a infra\u00e7\u00e3o ou outra viola\u00e7\u00e3o de quaisquer direitos de terceiros.<\/p><p><span style=\"font-size: 26px;\">Reserva de direitos<\/span><\/p><p>Reservamo-nos o direito de solicitar que remova todos os links ou qualquer link espec\u00edfico para o nosso site. Voc\u00ea concorda em remover imediatamente todos os links para o nosso site, mediante solicita\u00e7\u00e3o. Tamb\u00e9m nos reservamos o direito de alterar estes termos e condi\u00e7\u00f5es e a nossa pol\u00edtica de links a qualquer momento. Ao continuar a criar links para o nosso site, voc\u00ea concorda em se comprometer e seguir estes termos e condi\u00e7\u00f5es de links.<\/p><p><span style=\"font-size: 26px;\">Remo\u00e7\u00e3o de links do nosso site<\/span><\/p><p>Se encontrar qualquer link no nosso site que seja ofensivo por qualquer motivo, pode entrar em contacto connosco e informar-nos a qualquer momento. Consideraremos os pedidos de remo\u00e7\u00e3o de links, mas n\u00e3o somos obrigados a faz\u00ea-lo nem a responder-lhe diretamente.<\/p><p>N\u00e3o garantimos que as informa\u00e7\u00f5es contidas neste site estejam corretas, n\u00e3o garantimos a sua integridade ou precis\u00e3o; nem prometemos garantir que o site permane\u00e7a dispon\u00edvel ou que o material no site seja mantido atualizado.<\/p><h4><span style=\"font-size: 26px;\">Isen\u00e7\u00e3o de responsabilidade<\/span><\/h4><ul>Na medida m\u00e1xima permitida pela lei aplic\u00e1vel, exclu\u00edmos todas as representa\u00e7\u00f5es, garantias e condi\u00e7\u00f5es relacionadas ao nosso site e ao uso deste site. Nada neste aviso legal ir\u00e1:<\/ul><p>\u00a0<\/p><p>\u00a0<\/p><ul><li>limitar ou excluir a nossa ou a sua responsabilidade por morte ou danos pessoais;<\/li><li>limitar ou excluir a nossa ou a sua responsabilidade por fraude ou deturpa\u00e7\u00e3o fraudulenta;<\/li><li>limitar qualquer uma das nossas ou das suas responsabilidades de qualquer forma que n\u00e3o seja permitida pela lei aplic\u00e1vel; ou<\/li><li>excluir qualquer uma das nossas ou das suas responsabilidades que n\u00e3o possam ser exclu\u00eddas pela lei aplic\u00e1vel.<\/li><\/ul><div>\u00a0<\/div><p>As limita\u00e7\u00f5es e proibi\u00e7\u00f5es de responsabilidade estabelecidas nesta Sec\u00e7\u00e3o e noutras partes deste aviso legal: (a) est\u00e3o sujeitas ao par\u00e1grafo anterior; e (b) regem todas as responsabilidades decorrentes do aviso legal, incluindo responsabilidades decorrentes de contrato, ato il\u00edcito e viola\u00e7\u00e3o de deveres legais.<\/p><p>Desde que o website e as informa\u00e7\u00f5es e servi\u00e7os nele contidos sejam fornecidos gratuitamente, n\u00e3o seremos respons\u00e1veis por qualquer perda ou dano de qualquer natureza.<\/p>\t\t\t\t\t\t\t\t<\/div>\n\t\t\t\t<\/div>\n\t\t\t\t<div class=\"elementor-element elementor-element-98d2444 elementor-widget elementor-widget-spacer\" data-id=\"98d2444\" data-element_type=\"widget\" data-widget_type=\"spacer.default\">\n\t\t\t\t<div class=\"elementor-widget-container\">\n\t\t\t\t\t\t\t<div class=\"elementor-spacer\">\n\t\t\t<div class=\"elementor-spacer-inner\"><\/div>\n\t\t<\/div>\n\t\t\t\t\t\t<\/div>\n\t\t\t\t<\/div>\n\t\t\t\t\t<\/div>\n\t\t\t\t<\/div>\n\t\t\t\t<\/div>\n\t\t","protected":false},"excerpt":{"rendered":"<p>Termos e Condi\u00e7\u00f5es Bem-vindo \u00e0 Admetec! Estes termos e condi\u00e7\u00f5es descrevem as regras e regulamentos para a utiliza\u00e7\u00e3o do site da Admetec, localizado em www.admetec.com. Ao aceder a este site, assumimos que aceita estes termos e condi\u00e7\u00f5es. N\u00e3o continue a utilizar a Admetec se n\u00e3o concordar com todos os termos e condi\u00e7\u00f5es estabelecidos nesta p\u00e1gina. [&hellip;]<\/p>\n","protected":false},"author":12,"featured_media":0,"parent":0,"menu_order":0,"comment_status":"closed","ping_status":"closed","template":"","meta":{"_acf_changed":false,"content-type":"","footnotes":""},"class_list":["post-6204","page","type-page","status-publish","hentry"],"acf":[],"yoast_head":"<!-- This site is optimized with the Yoast SEO plugin v25.9 - https:\/\/yoast.com\/wordpress\/plugins\/seo\/ -->\n<title>Terms and Conditions - ADMETEC<\/title>\n<meta name=\"robots\" content=\"index, follow, max-snippet:-1, max-image-preview:large, max-video-preview:-1\" \/>\n<link rel=\"canonical\" href=\"https:\/\/www.admetec.com\/pt\/terms-and-conditions\/\" \/>\n<meta property=\"og:locale\" content=\"en_US\" \/>\n<meta property=\"og:type\" content=\"article\" \/>\n<meta property=\"og:title\" content=\"Terms and Conditions - ADMETEC\" \/>\n<meta property=\"og:description\" content=\"Termos e Condi\u00e7\u00f5es Bem-vindo \u00e0 Admetec! Estes termos e condi\u00e7\u00f5es descrevem as regras e regulamentos para a utiliza\u00e7\u00e3o do site da Admetec, localizado em www.admetec.com. Ao aceder a este site, assumimos que aceita estes termos e condi\u00e7\u00f5es. N\u00e3o continue a utilizar a Admetec se n\u00e3o concordar com todos os termos e condi\u00e7\u00f5es estabelecidos nesta p\u00e1gina. [&hellip;]\" \/>\n<meta property=\"og:url\" content=\"https:\/\/www.admetec.com\/pt\/terms-and-conditions\/\" \/>\n<meta property=\"og:site_name\" content=\"ADMETEC\" \/>\n<meta property=\"article:publisher\" content=\"https:\/\/www.facebook.com\/admetec\" \/>\n<meta property=\"article:modified_time\" content=\"2025-10-02T22:07:25+00:00\" \/>\n<meta name=\"twitter:card\" content=\"summary_large_image\" \/>\n<meta name=\"twitter:site\" content=\"@admetec\" \/>\n<meta name=\"twitter:label1\" content=\"Est. reading time\" \/>\n\t<meta name=\"twitter:data1\" content=\"8 minutes\" \/>\n<script type=\"application\/ld+json\" class=\"yoast-schema-graph\">{\"@context\":\"https:\/\/schema.org\",\"@graph\":[{\"@type\":\"WebPage\",\"@id\":\"https:\/\/www.admetec.com\/pt\/terms-and-conditions\/\",\"url\":\"https:\/\/www.admetec.com\/pt\/terms-and-conditions\/\",\"name\":\"Terms and Conditions - ADMETEC\",\"isPartOf\":{\"@id\":\"https:\/\/www.admetec.com\/pt\/#website\"},\"datePublished\":\"2024-01-16T12:54:18+00:00\",\"dateModified\":\"2025-10-02T22:07:25+00:00\",\"breadcrumb\":{\"@id\":\"https:\/\/www.admetec.com\/pt\/terms-and-conditions\/#breadcrumb\"},\"inLanguage\":\"en-US\",\"potentialAction\":[{\"@type\":\"ReadAction\",\"target\":[\"https:\/\/www.admetec.com\/pt\/terms-and-conditions\/\"]}]},{\"@type\":\"BreadcrumbList\",\"@id\":\"https:\/\/www.admetec.com\/pt\/terms-and-conditions\/#breadcrumb\",\"itemListElement\":[{\"@type\":\"ListItem\",\"position\":1,\"name\":\"Home\",\"item\":\"https:\/\/www.admetec.com\/pt\/\"},{\"@type\":\"ListItem\",\"position\":2,\"name\":\"Terms and Conditions\"}]},{\"@type\":\"WebSite\",\"@id\":\"https:\/\/www.admetec.com\/pt\/#website\",\"url\":\"https:\/\/www.admetec.com\/pt\/\",\"name\":\"ADMETEC\",\"description\":\"We&#039;ve got your back\",\"publisher\":{\"@id\":\"https:\/\/www.admetec.com\/pt\/#organization\"},\"potentialAction\":[{\"@type\":\"SearchAction\",\"target\":{\"@type\":\"EntryPoint\",\"urlTemplate\":\"https:\/\/www.admetec.com\/pt\/?s={search_term_string}\"},\"query-input\":{\"@type\":\"PropertyValueSpecification\",\"valueRequired\":true,\"valueName\":\"search_term_string\"}}],\"inLanguage\":\"en-US\"},{\"@type\":\"Organization\",\"@id\":\"https:\/\/www.admetec.com\/pt\/#organization\",\"name\":\"ADMETEC\",\"url\":\"https:\/\/www.admetec.com\/pt\/\",\"logo\":{\"@type\":\"ImageObject\",\"inLanguage\":\"en-US\",\"@id\":\"https:\/\/www.admetec.com\/pt\/#\/schema\/logo\/image\/\",\"url\":\"https:\/\/www.admetec.com\/pt\/wp-content\/uploads\/2024\/07\/admetec-logo.webp\",\"contentUrl\":\"https:\/\/www.admetec.com\/pt\/wp-content\/uploads\/2024\/07\/admetec-logo.webp\",\"width\":397,\"height\":100,\"caption\":\"ADMETEC\"},\"image\":{\"@id\":\"https:\/\/www.admetec.com\/pt\/#\/schema\/logo\/image\/\"},\"sameAs\":[\"https:\/\/www.facebook.com\/admetec\",\"https:\/\/x.com\/admetec\"]}]}<\/script>\n<!-- \/ Yoast SEO plugin. -->","yoast_head_json":{"title":"Terms and Conditions - ADMETEC","robots":{"index":"index","follow":"follow","max-snippet":"max-snippet:-1","max-image-preview":"max-image-preview:large","max-video-preview":"max-video-preview:-1"},"canonical":"https:\/\/www.admetec.com\/pt\/terms-and-conditions\/","og_locale":"en_US","og_type":"article","og_title":"Terms and Conditions - ADMETEC","og_description":"Termos e Condi\u00e7\u00f5es Bem-vindo \u00e0 Admetec! Estes termos e condi\u00e7\u00f5es descrevem as regras e regulamentos para a utiliza\u00e7\u00e3o do site da Admetec, localizado em www.admetec.com. Ao aceder a este site, assumimos que aceita estes termos e condi\u00e7\u00f5es. N\u00e3o continue a utilizar a Admetec se n\u00e3o concordar com todos os termos e condi\u00e7\u00f5es estabelecidos nesta p\u00e1gina. [&hellip;]","og_url":"https:\/\/www.admetec.com\/pt\/terms-and-conditions\/","og_site_name":"ADMETEC","article_publisher":"https:\/\/www.facebook.com\/admetec","article_modified_time":"2025-10-02T22:07:25+00:00","twitter_card":"summary_large_image","twitter_site":"@admetec","twitter_misc":{"Est. reading time":"8 minutes"},"schema":{"@context":"https:\/\/schema.org","@graph":[{"@type":"WebPage","@id":"https:\/\/www.admetec.com\/pt\/terms-and-conditions\/","url":"https:\/\/www.admetec.com\/pt\/terms-and-conditions\/","name":"Terms and Conditions - ADMETEC","isPartOf":{"@id":"https:\/\/www.admetec.com\/pt\/#website"},"datePublished":"2024-01-16T12:54:18+00:00","dateModified":"2025-10-02T22:07:25+00:00","breadcrumb":{"@id":"https:\/\/www.admetec.com\/pt\/terms-and-conditions\/#breadcrumb"},"inLanguage":"en-US","potentialAction":[{"@type":"ReadAction","target":["https:\/\/www.admetec.com\/pt\/terms-and-conditions\/"]}]},{"@type":"BreadcrumbList","@id":"https:\/\/www.admetec.com\/pt\/terms-and-conditions\/#breadcrumb","itemListElement":[{"@type":"ListItem","position":1,"name":"Home","item":"https:\/\/www.admetec.com\/pt\/"},{"@type":"ListItem","position":2,"name":"Terms and Conditions"}]},{"@type":"WebSite","@id":"https:\/\/www.admetec.com\/pt\/#website","url":"https:\/\/www.admetec.com\/pt\/","name":"ADMETEC","description":"We&#039;ve got your back","publisher":{"@id":"https:\/\/www.admetec.com\/pt\/#organization"},"potentialAction":[{"@type":"SearchAction","target":{"@type":"EntryPoint","urlTemplate":"https:\/\/www.admetec.com\/pt\/?s={search_term_string}"},"query-input":{"@type":"PropertyValueSpecification","valueRequired":true,"valueName":"search_term_string"}}],"inLanguage":"en-US"},{"@type":"Organization","@id":"https:\/\/www.admetec.com\/pt\/#organization","name":"ADMETEC","url":"https:\/\/www.admetec.com\/pt\/","logo":{"@type":"ImageObject","inLanguage":"en-US","@id":"https:\/\/www.admetec.com\/pt\/#\/schema\/logo\/image\/","url":"https:\/\/www.admetec.com\/pt\/wp-content\/uploads\/2024\/07\/admetec-logo.webp","contentUrl":"https:\/\/www.admetec.com\/pt\/wp-content\/uploads\/2024\/07\/admetec-logo.webp","width":397,"height":100,"caption":"ADMETEC"},"image":{"@id":"https:\/\/www.admetec.com\/pt\/#\/schema\/logo\/image\/"},"sameAs":["https:\/\/www.facebook.com\/admetec","https:\/\/x.com\/admetec"]}]}},"_links":{"self":[{"href":"https:\/\/www.admetec.com\/pt\/wp-json\/wp\/v2\/pages\/6204","targetHints":{"allow":["GET"]}}],"collection":[{"href":"https:\/\/www.admetec.com\/pt\/wp-json\/wp\/v2\/pages"}],"about":[{"href":"https:\/\/www.admetec.com\/pt\/wp-json\/wp\/v2\/types\/page"}],"author":[{"embeddable":true,"href":"https:\/\/www.admetec.com\/pt\/wp-json\/wp\/v2\/users\/12"}],"replies":[{"embeddable":true,"href":"https:\/\/www.admetec.com\/pt\/wp-json\/wp\/v2\/comments?post=6204"}],"version-history":[{"count":16,"href":"https:\/\/www.admetec.com\/pt\/wp-json\/wp\/v2\/pages\/6204\/revisions"}],"predecessor-version":[{"id":12079,"href":"https:\/\/www.admetec.com\/pt\/wp-json\/wp\/v2\/pages\/6204\/revisions\/12079"}],"wp:attachment":[{"href":"https:\/\/www.admetec.com\/pt\/wp-json\/wp\/v2\/media?parent=6204"}],"curies":[{"name":"wp","href":"https:\/\/api.w.org\/{rel}","templated":true}]}}