{"id":8125,"date":"2024-06-26T06:37:58","date_gmt":"2024-06-26T06:37:58","guid":{"rendered":"https:\/\/www.admetec.com\/pt\/?page_id=8125"},"modified":"2026-04-20T16:16:18","modified_gmt":"2026-04-20T13:16:18","slug":"accessories","status":"publish","type":"page","link":"https:\/\/www.admetec.com\/pt\/accessories\/","title":{"rendered":"Accessories"},"content":{"rendered":"\t\t<div data-elementor-type=\"wp-page\" data-elementor-id=\"8125\" class=\"elementor elementor-8125\" data-elementor-settings=\"{&quot;ha_cmc_init_switcher&quot;:&quot;no&quot;}\" data-elementor-post-type=\"page\">\n\t\t\t\t<div class=\"elementor-element elementor-element-10e664f elementor-hidden-mobile e-flex e-con-boxed e-con e-parent\" data-id=\"10e664f\" data-element_type=\"container\" data-settings=\"{&quot;background_background&quot;:&quot;classic&quot;,&quot;_ha_eqh_enable&quot;:false}\">\n\t\t\t\t\t<div class=\"e-con-inner\">\n\t\t<div class=\"elementor-element elementor-element-3544743 e-con-full e-flex e-con e-child\" data-id=\"3544743\" data-element_type=\"container\" data-settings=\"{&quot;_ha_eqh_enable&quot;:false}\">\n\t\t\t\t<div class=\"elementor-element elementor-element-b8b93b3 elementor-widget elementor-widget-heading\" data-id=\"b8b93b3\" data-element_type=\"widget\" data-widget_type=\"heading.default\">\n\t\t\t\t<div class=\"elementor-widget-container\">\n\t\t\t\t\t<div class=\"elementor-heading-title elementor-size-default\">Produtos &gt; Acess\u00f3rios Admetec<\/div>\t\t\t\t<\/div>\n\t\t\t\t<\/div>\n\t\t\t\t<div class=\"elementor-element elementor-element-3048b37 elementor-widget elementor-widget-heading\" data-id=\"3048b37\" data-element_type=\"widget\" data-widget_type=\"heading.default\">\n\t\t\t\t<div class=\"elementor-widget-container\">\n\t\t\t\t\t<div class=\"elementor-heading-title elementor-size-default\">Acess\u00f3rios<\/div>\t\t\t\t<\/div>\n\t\t\t\t<\/div>\n\t\t\t\t<\/div>\n\t\t\t\t\t<\/div>\n\t\t\t\t<\/div>\n\t\t<div class=\"elementor-element elementor-element-d3e294b elementor-hidden-desktop elementor-hidden-laptop elementor-hidden-tablet e-flex e-con-boxed e-con e-parent\" data-id=\"d3e294b\" data-element_type=\"container\" data-settings=\"{&quot;background_background&quot;:&quot;classic&quot;,&quot;_ha_eqh_enable&quot;:false}\">\n\t\t\t\t\t<div class=\"e-con-inner\">\n\t\t<div class=\"elementor-element elementor-element-3c67adb e-con-full e-flex e-con e-child\" data-id=\"3c67adb\" data-element_type=\"container\" data-settings=\"{&quot;_ha_eqh_enable&quot;:false}\">\n\t\t\t\t<div class=\"elementor-element elementor-element-5e41e96 elementor-widget elementor-widget-heading\" data-id=\"5e41e96\" data-element_type=\"widget\" data-widget_type=\"heading.default\">\n\t\t\t\t<div class=\"elementor-widget-container\">\n\t\t\t\t\t<div class=\"elementor-heading-title elementor-size-default\">Produtos &gt; Acess\u00f3rios Admetec<\/div>\t\t\t\t<\/div>\n\t\t\t\t<\/div>\n\t\t\t\t<div class=\"elementor-element elementor-element-1500a2e elementor-widget__width-initial elementor-widget-mobile__width-inherit elementor-absolute elementor-widget elementor-widget-heading\" data-id=\"1500a2e\" data-element_type=\"widget\" data-settings=\"{&quot;_position&quot;:&quot;absolute&quot;}\" data-widget_type=\"heading.default\">\n\t\t\t\t<div class=\"elementor-widget-container\">\n\t\t\t\t\t<div class=\"elementor-heading-title elementor-size-default\">Acess\u00f3rios<\/div>\t\t\t\t<\/div>\n\t\t\t\t<\/div>\n\t\t\t\t<\/div>\n\t\t\t\t\t<\/div>\n\t\t\t\t<\/div>\n\t\t<div class=\"elementor-element elementor-element-5af3b72 e-flex e-con-boxed e-con e-parent\" data-id=\"5af3b72\" data-element_type=\"container\" data-settings=\"{&quot;_ha_eqh_enable&quot;:false}\">\n\t\t\t\t\t<div class=\"e-con-inner\">\n\t\t<div class=\"elementor-element elementor-element-ccb4ecd e-con-full e-flex e-con e-child\" data-id=\"ccb4ecd\" data-element_type=\"container\" data-settings=\"{&quot;_ha_eqh_enable&quot;:false}\">\n\t\t\t\t<div class=\"elementor-element elementor-element-46690b8 elementor-widget elementor-widget-heading\" data-id=\"46690b8\" data-element_type=\"widget\" data-widget_type=\"heading.default\">\n\t\t\t\t<div class=\"elementor-widget-container\">\n\t\t\t\t\t<h4 class=\"elementor-heading-title elementor-size-default\">Solu\u00e7\u00f5es completas com acess\u00f3rios.<\/h4>\t\t\t\t<\/div>\n\t\t\t\t<\/div>\n\t\t\t\t<div class=\"elementor-element elementor-element-a2828db elementor-widget__width-initial elementor-widget elementor-widget-text-editor\" data-id=\"a2828db\" data-element_type=\"widget\" data-widget_type=\"text-editor.default\">\n\t\t\t\t<div class=\"elementor-widget-container\">\n\t\t\t\t\t\t\t\t\t<p>Como parte do nosso compromisso com um servi\u00e7o completo, agora oferecemos uma gama de acess\u00f3rios para garantir que os seus procedimentos nunca sejam comprometidos.<\/p>\t\t\t\t\t\t\t\t<\/div>\n\t\t\t\t<\/div>\n\t\t\t\t<\/div>\n\t\t\t\t\t<\/div>\n\t\t\t\t<\/div>\n\t\t<div class=\"elementor-element elementor-element-a91fbd7 e-flex e-con-boxed e-con e-parent\" data-id=\"a91fbd7\" data-element_type=\"container\" data-settings=\"{&quot;_ha_eqh_enable&quot;:false}\">\n\t\t\t\t\t<div class=\"e-con-inner\">\n\t\t<div class=\"elementor-element elementor-element-801d588 e-con-full e-flex e-con e-child\" data-id=\"801d588\" data-element_type=\"container\" data-settings=\"{&quot;_ha_eqh_enable&quot;:false}\">\n\t\t<div class=\"elementor-element elementor-element-47733ec e-con-full e-flex e-con e-child\" data-id=\"47733ec\" data-element_type=\"container\" data-settings=\"{&quot;_ha_eqh_enable&quot;:false}\">\n\t\t\t\t<div class=\"elementor-element elementor-element-dbb6567 elementor-widget elementor-widget-image\" data-id=\"dbb6567\" data-element_type=\"widget\" data-widget_type=\"image.default\">\n\t\t\t\t<div class=\"elementor-widget-container\">\n\t\t\t\t\t\t\t\t\t\t\t\t\t\t\t\t<a href=\"https:\/\/www.admetec.com\/pt\/batteries\/\">\n\t\t\t\t\t\t\t<img fetchpriority=\"high\" decoding=\"async\" width=\"800\" height=\"534\" src=\"https:\/\/www.admetec.com\/pt\/wp-content\/uploads\/2024\/06\/batteries-admetec.jpg\" class=\"attachment-large size-large wp-image-8138\" alt=\"\" srcset=\"https:\/\/www.admetec.com\/pt\/wp-content\/uploads\/2024\/06\/batteries-admetec.jpg 1000w, https:\/\/www.admetec.com\/pt\/wp-content\/uploads\/2024\/06\/batteries-admetec-350x233.jpg 350w, https:\/\/www.admetec.com\/pt\/wp-content\/uploads\/2024\/06\/batteries-admetec-768x512.jpg 768w\" sizes=\"(max-width: 800px) 100vw, 800px\" \/>\t\t\t\t\t\t\t\t<\/a>\n\t\t\t\t\t\t\t\t\t\t\t\t\t\t\t<\/div>\n\t\t\t\t<\/div>\n\t\t<div class=\"elementor-element elementor-element-b33210d e-con-full e-flex e-con e-child\" data-id=\"b33210d\" data-element_type=\"container\" data-settings=\"{&quot;_ha_eqh_enable&quot;:false}\">\n\t\t\t\t<div class=\"elementor-element elementor-element-2317e62 elementor-widget__width-initial elementor-widget-laptop__width-auto elementor-widget-mobile__width-initial loupes-custom elementor-widget elementor-widget-text-editor\" data-id=\"2317e62\" data-element_type=\"widget\" data-widget_type=\"text-editor.default\">\n\t\t\t\t<div class=\"elementor-widget-container\">\n\t\t\t\t\t\t\t\t\t<p><strong>Baterias<br \/><\/strong>Butterfly\u2122 EVO | Orchid\u2122<\/p>\t\t\t\t\t\t\t\t<\/div>\n\t\t\t\t<\/div>\n\t\t\t\t<div class=\"elementor-element elementor-element-07019d2 elementor-align-center elementor-widget elementor-widget-button\" data-id=\"07019d2\" data-element_type=\"widget\" data-widget_type=\"button.default\">\n\t\t\t\t<div class=\"elementor-widget-container\">\n\t\t\t\t\t\t\t\t\t<div class=\"elementor-button-wrapper\">\n\t\t\t\t\t<a class=\"elementor-button elementor-button-link elementor-size-md\" href=\"https:\/\/www.admetec.com\/pt\/batteries\/\">\n\t\t\t\t\t\t<span class=\"elementor-button-content-wrapper\">\n\t\t\t\t\t\t<span class=\"elementor-button-icon\">\n\t\t\t\t<i aria-hidden=\"true\" class=\"far fa-angle-right\"><\/i>\t\t\t<\/span>\n\t\t\t\t\t\t\t\t<\/span>\n\t\t\t\t\t<\/a>\n\t\t\t\t<\/div>\n\t\t\t\t\t\t\t\t<\/div>\n\t\t\t\t<\/div>\n\t\t\t\t<\/div>\n\t\t\t\t<\/div>\n\t\t<div class=\"elementor-element elementor-element-03d6a47 e-con-full e-flex e-con e-child\" data-id=\"03d6a47\" data-element_type=\"container\" data-settings=\"{&quot;_ha_eqh_enable&quot;:false}\">\n\t\t\t\t<div class=\"elementor-element elementor-element-a01c065 elementor-widget elementor-widget-image\" data-id=\"a01c065\" data-element_type=\"widget\" data-widget_type=\"image.default\">\n\t\t\t\t<div class=\"elementor-widget-container\">\n\t\t\t\t\t\t\t\t\t\t\t\t\t\t\t\t<a href=\"https:\/\/www.admetec.com\/pt\/admetec-laser-insert\/\">\n\t\t\t\t\t\t\t<img decoding=\"async\" width=\"800\" height=\"534\" src=\"https:\/\/www.admetec.com\/pt\/wp-content\/uploads\/2024\/06\/admetec-laser-insert.jpg\" class=\"attachment-large size-large wp-image-8137\" alt=\"\" srcset=\"https:\/\/www.admetec.com\/pt\/wp-content\/uploads\/2024\/06\/admetec-laser-insert.jpg 1000w, https:\/\/www.admetec.com\/pt\/wp-content\/uploads\/2024\/06\/admetec-laser-insert-350x233.jpg 350w, https:\/\/www.admetec.com\/pt\/wp-content\/uploads\/2024\/06\/admetec-laser-insert-768x512.jpg 768w\" sizes=\"(max-width: 800px) 100vw, 800px\" \/>\t\t\t\t\t\t\t\t<\/a>\n\t\t\t\t\t\t\t\t\t\t\t\t\t\t\t<\/div>\n\t\t\t\t<\/div>\n\t\t<div class=\"elementor-element elementor-element-2035b3f e-con-full e-flex e-con e-child\" data-id=\"2035b3f\" data-element_type=\"container\" data-settings=\"{&quot;_ha_eqh_enable&quot;:false}\">\n\t\t\t\t<div class=\"elementor-element elementor-element-5a8d52f elementor-widget__width-initial elementor-widget-laptop__width-auto elementor-widget-mobile__width-initial loupes-custom elementor-widget elementor-widget-text-editor\" data-id=\"5a8d52f\" data-element_type=\"widget\" data-widget_type=\"text-editor.default\">\n\t\t\t\t<div class=\"elementor-widget-container\">\n\t\t\t\t\t\t\t\t\t<p><strong>Laser Insert\u2122<\/strong><br \/>Clip-Ins a laser para lupas<\/p>\t\t\t\t\t\t\t\t<\/div>\n\t\t\t\t<\/div>\n\t\t\t\t<div class=\"elementor-element elementor-element-429d887 elementor-align-center elementor-widget elementor-widget-button\" data-id=\"429d887\" data-element_type=\"widget\" data-widget_type=\"button.default\">\n\t\t\t\t<div class=\"elementor-widget-container\">\n\t\t\t\t\t\t\t\t\t<div class=\"elementor-button-wrapper\">\n\t\t\t\t\t<a class=\"elementor-button elementor-button-link elementor-size-md\" href=\"https:\/\/www.admetec.com\/pt\/admetec-laser-insert\/\">\n\t\t\t\t\t\t<span class=\"elementor-button-content-wrapper\">\n\t\t\t\t\t\t<span class=\"elementor-button-icon\">\n\t\t\t\t<i aria-hidden=\"true\" class=\"far fa-angle-right\"><\/i>\t\t\t<\/span>\n\t\t\t\t\t\t\t\t<\/span>\n\t\t\t\t\t<\/a>\n\t\t\t\t<\/div>\n\t\t\t\t\t\t\t\t<\/div>\n\t\t\t\t<\/div>\n\t\t\t\t<\/div>\n\t\t\t\t<\/div>\n\t\t\t\t<\/div>\n\t\t\t\t\t<\/div>\n\t\t\t\t<\/div>\n\t\t<div class=\"elementor-element elementor-element-a5a44b7 e-flex e-con-boxed e-con e-parent\" data-id=\"a5a44b7\" data-element_type=\"container\" data-settings=\"{&quot;_ha_eqh_enable&quot;:false}\">\n\t\t\t\t\t<div class=\"e-con-inner\">\n\t\t<div class=\"elementor-element elementor-element-033023b e-con-full e-flex e-con e-child\" data-id=\"033023b\" data-element_type=\"container\" data-settings=\"{&quot;_ha_eqh_enable&quot;:false}\">\n\t\t<div class=\"elementor-element elementor-element-aa44241 e-con-full e-flex e-con e-child\" data-id=\"aa44241\" data-element_type=\"container\" data-settings=\"{&quot;_ha_eqh_enable&quot;:false}\">\n\t\t\t\t<div class=\"elementor-element elementor-element-4e2031c elementor-widget elementor-widget-image\" data-id=\"4e2031c\" data-element_type=\"widget\" data-widget_type=\"image.default\">\n\t\t\t\t<div class=\"elementor-widget-container\">\n\t\t\t\t\t\t\t\t\t\t\t\t\t\t\t\t<a href=\"https:\/\/www.admetec.com\/pt\/flamingo-camera-lenses\/\">\n\t\t\t\t\t\t\t<img decoding=\"async\" width=\"800\" height=\"534\" src=\"https:\/\/www.admetec.com\/pt\/wp-content\/uploads\/2024\/11\/flamingo-admetec-lenses.jpg\" class=\"attachment-large size-large wp-image-9840\" alt=\"\" srcset=\"https:\/\/www.admetec.com\/pt\/wp-content\/uploads\/2024\/11\/flamingo-admetec-lenses.jpg 1000w, https:\/\/www.admetec.com\/pt\/wp-content\/uploads\/2024\/11\/flamingo-admetec-lenses-350x233.jpg 350w, https:\/\/www.admetec.com\/pt\/wp-content\/uploads\/2024\/11\/flamingo-admetec-lenses-768x512.jpg 768w\" sizes=\"(max-width: 800px) 100vw, 800px\" \/>\t\t\t\t\t\t\t\t<\/a>\n\t\t\t\t\t\t\t\t\t\t\t\t\t\t\t<\/div>\n\t\t\t\t<\/div>\n\t\t<div class=\"elementor-element elementor-element-62d7e10 e-con-full e-flex e-con e-child\" data-id=\"62d7e10\" data-element_type=\"container\" data-settings=\"{&quot;_ha_eqh_enable&quot;:false}\">\n\t\t\t\t<div class=\"elementor-element elementor-element-79c3b6a elementor-widget__width-initial elementor-widget-laptop__width-auto elementor-widget-mobile__width-initial loupes-custom elementor-widget elementor-widget-text-editor\" data-id=\"79c3b6a\" data-element_type=\"widget\" data-widget_type=\"text-editor.default\">\n\t\t\t\t<div class=\"elementor-widget-container\">\n\t\t\t\t\t\t\t\t\t<p><strong>Lentes Flamingo<br \/><\/strong>F21mm | 25mm<\/p>\t\t\t\t\t\t\t\t<\/div>\n\t\t\t\t<\/div>\n\t\t\t\t<div class=\"elementor-element elementor-element-7aca16c elementor-align-center elementor-widget elementor-widget-button\" data-id=\"7aca16c\" data-element_type=\"widget\" data-widget_type=\"button.default\">\n\t\t\t\t<div class=\"elementor-widget-container\">\n\t\t\t\t\t\t\t\t\t<div class=\"elementor-button-wrapper\">\n\t\t\t\t\t<a class=\"elementor-button elementor-button-link elementor-size-md\" href=\"https:\/\/www.admetec.com\/pt\/flamingo-camera-lenses\/\">\n\t\t\t\t\t\t<span class=\"elementor-button-content-wrapper\">\n\t\t\t\t\t\t<span class=\"elementor-button-icon\">\n\t\t\t\t<i aria-hidden=\"true\" class=\"far fa-angle-right\"><\/i>\t\t\t<\/span>\n\t\t\t\t\t\t\t\t<\/span>\n\t\t\t\t\t<\/a>\n\t\t\t\t<\/div>\n\t\t\t\t\t\t\t\t<\/div>\n\t\t\t\t<\/div>\n\t\t\t\t<\/div>\n\t\t\t\t<\/div>\n\t\t<div class=\"elementor-element elementor-element-d3970e2 e-con-full e-flex e-con e-child\" data-id=\"d3970e2\" data-element_type=\"container\" data-settings=\"{&quot;_ha_eqh_enable&quot;:false}\">\n\t\t\t\t<div class=\"elementor-element elementor-element-fdd7914 elementor-widget elementor-widget-image\" data-id=\"fdd7914\" data-element_type=\"widget\" data-widget_type=\"image.default\">\n\t\t\t\t<div class=\"elementor-widget-container\">\n\t\t\t\t\t\t\t\t\t\t\t\t\t\t\t\t<a href=\"https:\/\/www.admetec.com\/pt\/side-shields\/\">\n\t\t\t\t\t\t\t<img loading=\"lazy\" decoding=\"async\" width=\"800\" height=\"534\" src=\"https:\/\/www.admetec.com\/pt\/wp-content\/uploads\/2025\/02\/admetec-side-shields-1-1024x683.jpg\" class=\"attachment-large size-large wp-image-10304\" alt=\"\" srcset=\"https:\/\/www.admetec.com\/pt\/wp-content\/uploads\/2025\/02\/admetec-side-shields-1-1024x683.jpg 1024w, https:\/\/www.admetec.com\/pt\/wp-content\/uploads\/2025\/02\/admetec-side-shields-1-350x233.jpg 350w, https:\/\/www.admetec.com\/pt\/wp-content\/uploads\/2025\/02\/admetec-side-shields-1-768x512.jpg 768w, https:\/\/www.admetec.com\/pt\/wp-content\/uploads\/2025\/02\/admetec-side-shields-1.jpg 1200w\" sizes=\"(max-width: 800px) 100vw, 800px\" \/>\t\t\t\t\t\t\t\t<\/a>\n\t\t\t\t\t\t\t\t\t\t\t\t\t\t\t<\/div>\n\t\t\t\t<\/div>\n\t\t<div class=\"elementor-element elementor-element-f19e25b e-con-full e-flex e-con e-child\" data-id=\"f19e25b\" data-element_type=\"container\" data-settings=\"{&quot;_ha_eqh_enable&quot;:false}\">\n\t\t\t\t<div class=\"elementor-element elementor-element-e66525d elementor-widget__width-initial elementor-widget-laptop__width-auto elementor-widget-mobile__width-initial loupes-custom elementor-widget elementor-widget-text-editor\" data-id=\"e66525d\" data-element_type=\"widget\" data-widget_type=\"text-editor.default\">\n\t\t\t\t<div class=\"elementor-widget-container\">\n\t\t\t\t\t\t\t\t\t<p><strong>Prote\u00e7\u00f5es laterais<\/strong><br \/>Prote\u00e7\u00f5es laterais para as suas lupas<\/p>\t\t\t\t\t\t\t\t<\/div>\n\t\t\t\t<\/div>\n\t\t\t\t<div class=\"elementor-element elementor-element-1eb13e1 elementor-align-center elementor-widget elementor-widget-button\" data-id=\"1eb13e1\" data-element_type=\"widget\" data-widget_type=\"button.default\">\n\t\t\t\t<div class=\"elementor-widget-container\">\n\t\t\t\t\t\t\t\t\t<div class=\"elementor-button-wrapper\">\n\t\t\t\t\t<a class=\"elementor-button elementor-button-link elementor-size-md\" href=\"https:\/\/www.admetec.com\/pt\/side-shields\/\">\n\t\t\t\t\t\t<span class=\"elementor-button-content-wrapper\">\n\t\t\t\t\t\t<span class=\"elementor-button-icon\">\n\t\t\t\t<i aria-hidden=\"true\" class=\"far fa-angle-right\"><\/i>\t\t\t<\/span>\n\t\t\t\t\t\t\t\t<\/span>\n\t\t\t\t\t<\/a>\n\t\t\t\t<\/div>\n\t\t\t\t\t\t\t\t<\/div>\n\t\t\t\t<\/div>\n\t\t\t\t<\/div>\n\t\t\t\t<\/div>\n\t\t\t\t<\/div>\n\t\t\t\t\t<\/div>\n\t\t\t\t<\/div>\n\t\t<div class=\"elementor-element elementor-element-d60d3a2 e-flex e-con-boxed e-con e-parent\" data-id=\"d60d3a2\" data-element_type=\"container\" data-settings=\"{&quot;_ha_eqh_enable&quot;:false}\">\n\t\t\t\t\t<div class=\"e-con-inner\">\n\t\t\t\t<div class=\"elementor-element elementor-element-c1767d1 elementor-widget elementor-widget-spacer\" data-id=\"c1767d1\" data-element_type=\"widget\" data-widget_type=\"spacer.default\">\n\t\t\t\t<div class=\"elementor-widget-container\">\n\t\t\t\t\t\t\t<div class=\"elementor-spacer\">\n\t\t\t<div class=\"elementor-spacer-inner\"><\/div>\n\t\t<\/div>\n\t\t\t\t\t\t<\/div>\n\t\t\t\t<\/div>\n\t\t\t\t\t<\/div>\n\t\t\t\t<\/div>\n\t\t\t\t<\/div>\n\t\t","protected":false},"excerpt":{"rendered":"<p>Produtos &gt; Acess\u00f3rios Admetec Acess\u00f3rios Produtos &gt; Acess\u00f3rios Admetec Acess\u00f3rios Solu\u00e7\u00f5es completas com acess\u00f3rios. Como parte do nosso compromisso com um servi\u00e7o completo, agora oferecemos uma gama de acess\u00f3rios para garantir que os seus procedimentos nunca sejam comprometidos. BateriasButterfly\u2122 EVO | Orchid\u2122 Laser Insert\u2122Clip-Ins a laser para lupas Lentes FlamingoF21mm | 25mm Prote\u00e7\u00f5es lateraisProte\u00e7\u00f5es laterais [&hellip;]<\/p>\n","protected":false},"author":12,"featured_media":0,"parent":0,"menu_order":5,"comment_status":"closed","ping_status":"closed","template":"","meta":{"_acf_changed":false,"content-type":"","footnotes":""},"class_list":["post-8125","page","type-page","status-publish","hentry"],"acf":[],"yoast_head":"<!-- This site is optimized with the Yoast SEO plugin v25.9 - https:\/\/yoast.com\/wordpress\/plugins\/seo\/ -->\n<title>Accessories - ADMETEC | Dental Loupes<\/title>\n<meta name=\"description\" content=\"Dental Loupes\" \/>\n<meta name=\"robots\" content=\"index, follow, max-snippet:-1, max-image-preview:large, max-video-preview:-1\" \/>\n<link rel=\"canonical\" href=\"https:\/\/www.admetec.com\/pt\/accessories\/\" \/>\n<meta property=\"og:locale\" content=\"en_US\" \/>\n<meta property=\"og:type\" content=\"article\" \/>\n<meta property=\"og:title\" content=\"Accessories - ADMETEC | Dental Loupes\" \/>\n<meta property=\"og:description\" content=\"Dental Loupes\" \/>\n<meta property=\"og:url\" content=\"https:\/\/www.admetec.com\/pt\/accessories\/\" \/>\n<meta property=\"og:site_name\" content=\"ADMETEC\" \/>\n<meta property=\"article:publisher\" content=\"https:\/\/www.facebook.com\/admetec\" \/>\n<meta property=\"article:modified_time\" content=\"2026-04-20T13:16:18+00:00\" \/>\n<meta property=\"og:image\" content=\"https:\/\/www.admetec.com\/pt\/wp-content\/uploads\/2024\/06\/batteries-admetec.jpg\" \/>\n\t<meta property=\"og:image:width\" content=\"1000\" \/>\n\t<meta property=\"og:image:height\" content=\"667\" \/>\n\t<meta property=\"og:image:type\" content=\"image\/jpeg\" \/>\n<meta name=\"twitter:card\" content=\"summary_large_image\" \/>\n<meta name=\"twitter:site\" content=\"@admetec\" \/>\n<meta name=\"twitter:label1\" content=\"Est. reading time\" \/>\n\t<meta name=\"twitter:data1\" content=\"2 minutes\" \/>\n<script type=\"application\/ld+json\" class=\"yoast-schema-graph\">{\"@context\":\"https:\/\/schema.org\",\"@graph\":[{\"@type\":\"WebPage\",\"@id\":\"https:\/\/www.admetec.com\/pt\/accessories\/\",\"url\":\"https:\/\/www.admetec.com\/pt\/accessories\/\",\"name\":\"Accessories - ADMETEC | Dental Loupes\",\"isPartOf\":{\"@id\":\"https:\/\/www.admetec.com\/pt\/#website\"},\"primaryImageOfPage\":{\"@id\":\"https:\/\/www.admetec.com\/pt\/accessories\/#primaryimage\"},\"image\":{\"@id\":\"https:\/\/www.admetec.com\/pt\/accessories\/#primaryimage\"},\"thumbnailUrl\":\"https:\/\/www.admetec.com\/pt\/wp-content\/uploads\/2024\/06\/batteries-admetec.jpg\",\"datePublished\":\"2024-06-26T06:37:58+00:00\",\"dateModified\":\"2026-04-20T13:16:18+00:00\",\"description\":\"Dental Loupes\",\"breadcrumb\":{\"@id\":\"https:\/\/www.admetec.com\/pt\/accessories\/#breadcrumb\"},\"inLanguage\":\"en-US\",\"potentialAction\":[{\"@type\":\"ReadAction\",\"target\":[\"https:\/\/www.admetec.com\/pt\/accessories\/\"]}]},{\"@type\":\"ImageObject\",\"inLanguage\":\"en-US\",\"@id\":\"https:\/\/www.admetec.com\/pt\/accessories\/#primaryimage\",\"url\":\"https:\/\/www.admetec.com\/pt\/wp-content\/uploads\/2024\/06\/batteries-admetec.jpg\",\"contentUrl\":\"https:\/\/www.admetec.com\/pt\/wp-content\/uploads\/2024\/06\/batteries-admetec.jpg\",\"width\":1000,\"height\":667},{\"@type\":\"BreadcrumbList\",\"@id\":\"https:\/\/www.admetec.com\/pt\/accessories\/#breadcrumb\",\"itemListElement\":[{\"@type\":\"ListItem\",\"position\":1,\"name\":\"Home\",\"item\":\"https:\/\/www.admetec.com\/pt\/\"},{\"@type\":\"ListItem\",\"position\":2,\"name\":\"Accessories\"}]},{\"@type\":\"WebSite\",\"@id\":\"https:\/\/www.admetec.com\/pt\/#website\",\"url\":\"https:\/\/www.admetec.com\/pt\/\",\"name\":\"ADMETEC\",\"description\":\"We&#039;ve got your back\",\"publisher\":{\"@id\":\"https:\/\/www.admetec.com\/pt\/#organization\"},\"potentialAction\":[{\"@type\":\"SearchAction\",\"target\":{\"@type\":\"EntryPoint\",\"urlTemplate\":\"https:\/\/www.admetec.com\/pt\/?s={search_term_string}\"},\"query-input\":{\"@type\":\"PropertyValueSpecification\",\"valueRequired\":true,\"valueName\":\"search_term_string\"}}],\"inLanguage\":\"en-US\"},{\"@type\":\"Organization\",\"@id\":\"https:\/\/www.admetec.com\/pt\/#organization\",\"name\":\"ADMETEC\",\"url\":\"https:\/\/www.admetec.com\/pt\/\",\"logo\":{\"@type\":\"ImageObject\",\"inLanguage\":\"en-US\",\"@id\":\"https:\/\/www.admetec.com\/pt\/#\/schema\/logo\/image\/\",\"url\":\"https:\/\/www.admetec.com\/pt\/wp-content\/uploads\/2024\/07\/admetec-logo.webp\",\"contentUrl\":\"https:\/\/www.admetec.com\/pt\/wp-content\/uploads\/2024\/07\/admetec-logo.webp\",\"width\":397,\"height\":100,\"caption\":\"ADMETEC\"},\"image\":{\"@id\":\"https:\/\/www.admetec.com\/pt\/#\/schema\/logo\/image\/\"},\"sameAs\":[\"https:\/\/www.facebook.com\/admetec\",\"https:\/\/x.com\/admetec\"]}]}<\/script>\n<!-- \/ Yoast SEO plugin. -->","yoast_head_json":{"title":"Accessories - ADMETEC | Dental Loupes","description":"Dental Loupes","robots":{"index":"index","follow":"follow","max-snippet":"max-snippet:-1","max-image-preview":"max-image-preview:large","max-video-preview":"max-video-preview:-1"},"canonical":"https:\/\/www.admetec.com\/pt\/accessories\/","og_locale":"en_US","og_type":"article","og_title":"Accessories - ADMETEC | Dental Loupes","og_description":"Dental Loupes","og_url":"https:\/\/www.admetec.com\/pt\/accessories\/","og_site_name":"ADMETEC","article_publisher":"https:\/\/www.facebook.com\/admetec","article_modified_time":"2026-04-20T13:16:18+00:00","og_image":[{"width":1000,"height":667,"url":"https:\/\/www.admetec.com\/pt\/wp-content\/uploads\/2024\/06\/batteries-admetec.jpg","type":"image\/jpeg"}],"twitter_card":"summary_large_image","twitter_site":"@admetec","twitter_misc":{"Est. reading time":"2 minutes"},"schema":{"@context":"https:\/\/schema.org","@graph":[{"@type":"WebPage","@id":"https:\/\/www.admetec.com\/pt\/accessories\/","url":"https:\/\/www.admetec.com\/pt\/accessories\/","name":"Accessories - ADMETEC | Dental Loupes","isPartOf":{"@id":"https:\/\/www.admetec.com\/pt\/#website"},"primaryImageOfPage":{"@id":"https:\/\/www.admetec.com\/pt\/accessories\/#primaryimage"},"image":{"@id":"https:\/\/www.admetec.com\/pt\/accessories\/#primaryimage"},"thumbnailUrl":"https:\/\/www.admetec.com\/pt\/wp-content\/uploads\/2024\/06\/batteries-admetec.jpg","datePublished":"2024-06-26T06:37:58+00:00","dateModified":"2026-04-20T13:16:18+00:00","description":"Dental Loupes","breadcrumb":{"@id":"https:\/\/www.admetec.com\/pt\/accessories\/#breadcrumb"},"inLanguage":"en-US","potentialAction":[{"@type":"ReadAction","target":["https:\/\/www.admetec.com\/pt\/accessories\/"]}]},{"@type":"ImageObject","inLanguage":"en-US","@id":"https:\/\/www.admetec.com\/pt\/accessories\/#primaryimage","url":"https:\/\/www.admetec.com\/pt\/wp-content\/uploads\/2024\/06\/batteries-admetec.jpg","contentUrl":"https:\/\/www.admetec.com\/pt\/wp-content\/uploads\/2024\/06\/batteries-admetec.jpg","width":1000,"height":667},{"@type":"BreadcrumbList","@id":"https:\/\/www.admetec.com\/pt\/accessories\/#breadcrumb","itemListElement":[{"@type":"ListItem","position":1,"name":"Home","item":"https:\/\/www.admetec.com\/pt\/"},{"@type":"ListItem","position":2,"name":"Accessories"}]},{"@type":"WebSite","@id":"https:\/\/www.admetec.com\/pt\/#website","url":"https:\/\/www.admetec.com\/pt\/","name":"ADMETEC","description":"We&#039;ve got your back","publisher":{"@id":"https:\/\/www.admetec.com\/pt\/#organization"},"potentialAction":[{"@type":"SearchAction","target":{"@type":"EntryPoint","urlTemplate":"https:\/\/www.admetec.com\/pt\/?s={search_term_string}"},"query-input":{"@type":"PropertyValueSpecification","valueRequired":true,"valueName":"search_term_string"}}],"inLanguage":"en-US"},{"@type":"Organization","@id":"https:\/\/www.admetec.com\/pt\/#organization","name":"ADMETEC","url":"https:\/\/www.admetec.com\/pt\/","logo":{"@type":"ImageObject","inLanguage":"en-US","@id":"https:\/\/www.admetec.com\/pt\/#\/schema\/logo\/image\/","url":"https:\/\/www.admetec.com\/pt\/wp-content\/uploads\/2024\/07\/admetec-logo.webp","contentUrl":"https:\/\/www.admetec.com\/pt\/wp-content\/uploads\/2024\/07\/admetec-logo.webp","width":397,"height":100,"caption":"ADMETEC"},"image":{"@id":"https:\/\/www.admetec.com\/pt\/#\/schema\/logo\/image\/"},"sameAs":["https:\/\/www.facebook.com\/admetec","https:\/\/x.com\/admetec"]}]}},"_links":{"self":[{"href":"https:\/\/www.admetec.com\/pt\/wp-json\/wp\/v2\/pages\/8125","targetHints":{"allow":["GET"]}}],"collection":[{"href":"https:\/\/www.admetec.com\/pt\/wp-json\/wp\/v2\/pages"}],"about":[{"href":"https:\/\/www.admetec.com\/pt\/wp-json\/wp\/v2\/types\/page"}],"author":[{"embeddable":true,"href":"https:\/\/www.admetec.com\/pt\/wp-json\/wp\/v2\/users\/12"}],"replies":[{"embeddable":true,"href":"https:\/\/www.admetec.com\/pt\/wp-json\/wp\/v2\/comments?post=8125"}],"version-history":[{"count":80,"href":"https:\/\/www.admetec.com\/pt\/wp-json\/wp\/v2\/pages\/8125\/revisions"}],"predecessor-version":[{"id":12271,"href":"https:\/\/www.admetec.com\/pt\/wp-json\/wp\/v2\/pages\/8125\/revisions\/12271"}],"wp:attachment":[{"href":"https:\/\/www.admetec.com\/pt\/wp-json\/wp\/v2\/media?parent=8125"}],"curies":[{"name":"wp","href":"https:\/\/api.w.org\/{rel}","templated":true}]}}